{"id":31946,"date":"2021-06-17T12:02:54","date_gmt":"2021-06-17T11:02:54","guid":{"rendered":"https:\/\/poliklinika-petkovic.hr\/radioloska-dijagnostika\/"},"modified":"2022-09-26T14:13:04","modified_gmt":"2022-09-26T13:13:04","slug":"diagnostic-radiology","status":"publish","type":"page","link":"https:\/\/poliklinika-petkovic.hr\/en\/diagnostic-radiology\/","title":{"rendered":"Diagnostic radiology"},"content":{"rendered":"<p>[et_pb_section fb_built=&#8221;1&#8243; custom_padding_last_edited=&#8221;on|phone&#8221; module_id=&#8221;wk-first-banner&#8221; _builder_version=&#8221;4.9.4&#8243; _module_preset=&#8221;default&#8221; background_color=&#8221;#4F4E56&#8243; background_enable_image=&#8221;off&#8221; positioning=&#8221;none&#8221; position_origin_a=&#8221;top_center&#8221; z_index=&#8221;9999999999&#8243; custom_margin=&#8221;-89px||||false|false&#8221; custom_margin_tablet=&#8221;&#8221; custom_margin_phone=&#8221;-55px||||false|false&#8221; custom_margin_last_edited=&#8221;on|phone&#8221; custom_padding=&#8221;125px||30px||false|false&#8221; custom_padding_tablet=&#8221;&#8221; custom_padding_phone=&#8221;15px||0px||false|false&#8221; background_last_edited=&#8221;off|phone&#8221; use_background_color_gradient_phone=&#8221;off&#8221; background_color_gradient_start_phone=&#8221;rgba(0,0,0,0.5)&#8221; background_image_phone=&#8221;https:\/\/poliklinika-petkovic.hr\/wp-content\/uploads\/2021\/04\/poliklinika-petkovic-mobile.jpg&#8221; background_enable_image_phone=&#8221;on&#8221; saved_tabs=&#8221;all&#8221; title_text_phone=&#8221;poliklinika-petkovic-mobile&#8221; null_phone=&#8221;rgba(0,0,0,0.1)&#8221; global_module=&#8221;31928&#8243;][et_pb_row _builder_version=&#8221;4.7.0&#8243; _module_preset=&#8221;default&#8221;][et_pb_column type=&#8221;4_4&#8243; _builder_version=&#8221;4.7.0&#8243; _module_preset=&#8221;default&#8221;][et_pb_post_title meta=&#8221;off&#8221; featured_image=&#8221;off&#8221; _builder_version=&#8221;4.9.4&#8243; _module_preset=&#8221;default&#8221; title_font=&#8221;Josefin Sans|300|||||||&#8221; title_text_color=&#8221;#ffffff&#8221; title_font_size=&#8221;61px&#8221; title_font_size_tablet=&#8221;&#8221; title_font_size_phone=&#8221;42px&#8221; title_font_size_last_edited=&#8221;on|phone&#8221;][\/et_pb_post_title][\/et_pb_column][\/et_pb_row][\/et_pb_section][et_pb_section fb_built=&#8221;1&#8243; _builder_version=&#8221;4.7.0&#8243; _module_preset=&#8221;default&#8221;][et_pb_row column_structure=&#8221;1_2,1_2&#8243; _builder_version=&#8221;4.9.4&#8243; _module_preset=&#8221;default&#8221;][et_pb_column type=&#8221;1_2&#8243; _builder_version=&#8221;4.9.4&#8243; _module_preset=&#8221;default&#8221; custom_padding=&#8221;||||false|false&#8221; custom_padding_tablet=&#8221;&#8221; custom_padding_phone=&#8221;0%||||false|false&#8221; custom_padding_last_edited=&#8221;on|phone&#8221;][et_pb_text _builder_version=&#8221;4.9.4&#8243; _module_preset=&#8221;default&#8221; text_font=&#8221;|300|||||||&#8221; text_font_size=&#8221;17px&#8221; width=&#8221;100%&#8221; width_tablet=&#8221;&#8221; width_phone=&#8221;100%&#8221; width_last_edited=&#8221;on|phone&#8221; module_alignment=&#8221;center&#8221; hover_enabled=&#8221;0&#8243; sticky_enabled=&#8221;0&#8243;]<\/p>\n<p><strong>We use the latest technology and devices to obtain high-quality digital images which can be displayed on a computer and provide our patients with top-quality service in one place.\u00a0<\/strong><\/p>\n<p>Dental radiology is a part of radiology that deals with the use of ionizing and non-ionizing radiation for the purpose of formulating a diagnosis, planning dental treatment, and monitoring the progress of diseases and the results of dental treatment.\u00a0<\/p>\n<p>[\/et_pb_text][et_pb_button button_url=&#8221;#contact&#8221; button_text=&#8221;Contact us &#8221; _builder_version=&#8221;4.9.4&#8243; _module_preset=&#8221;default&#8221; custom_button=&#8221;on&#8221; button_text_size=&#8221;21px&#8221; button_border_width=&#8221;1px&#8221; button_font=&#8221;|300|||||||&#8221; hover_enabled=&#8221;0&#8243; sticky_enabled=&#8221;0&#8243;][\/et_pb_button][\/et_pb_column][et_pb_column type=&#8221;1_2&#8243; _builder_version=&#8221;4.7.0&#8243; _module_preset=&#8221;default&#8221;][et_pb_image src=&#8221;https:\/\/poliklinika-petkovic.hr\/wp-content\/uploads\/2021\/06\/radioloska-dijagnostika-petkovic-1.jpg&#8221; title_text=&#8221;radiolo\u0161ka-dijagnostika-petkovic-1&#8243; _builder_version=&#8221;4.9.4&#8243; _module_preset=&#8221;default&#8221; box_shadow_style=&#8221;preset3&#8243;][\/et_pb_image][\/et_pb_column][\/et_pb_row][et_pb_row column_structure=&#8221;1_2,1_2&#8243; _builder_version=&#8221;4.7.0&#8243; _module_preset=&#8221;default&#8221; custom_padding=&#8221;40px||7px|||&#8221;][et_pb_column type=&#8221;1_2&#8243; _builder_version=&#8221;4.7.0&#8243; _module_preset=&#8221;default&#8221;][et_pb_image src=&#8221;https:\/\/poliklinika-petkovic.hr\/wp-content\/uploads\/2021\/06\/rtg-zuba-2.jpg&#8221; title_text=&#8221;rtg-zuba-2&#8243; _builder_version=&#8221;4.9.4&#8243; _module_preset=&#8221;default&#8221; box_shadow_style=&#8221;preset3&#8243;][\/et_pb_image][\/et_pb_column][et_pb_column type=&#8221;1_2&#8243; _builder_version=&#8221;4.7.0&#8243; _module_preset=&#8221;default&#8221;][et_pb_text _builder_version=&#8221;4.9.4&#8243; _module_preset=&#8221;default&#8221; text_font=&#8221;|300|||||||&#8221; text_font_size=&#8221;17px&#8221; width=&#8221;100%&#8221; width_tablet=&#8221;&#8221; width_phone=&#8221;100%&#8221; width_last_edited=&#8221;on|phone&#8221; module_alignment=&#8221;center&#8221; hover_enabled=&#8221;0&#8243; sticky_enabled=&#8221;0&#8243;]<\/p>\n<p>Radiological devices help dentists to formulate a precise diagnosis alongside a detailed clinical exam in any branch of dental medicine.<\/p>\n<p>At the Petkovi\u0107 Polyclinic, we use precise dental x-rays that enable detailed insight into the anatomical features of the teeth, diagnosis of pathological processes, assessment of the state and thickness of the bone before implant procedures, as well as the degree of bone loss due to periodontitis.<\/p>\n<p>[\/et_pb_text][\/et_pb_column][\/et_pb_row][\/et_pb_section][et_pb_section fb_built=&#8221;1&#8243; custom_padding_last_edited=&#8221;on|phone&#8221; _builder_version=&#8221;4.7.0&#8243; _module_preset=&#8221;default&#8221; background_color=&#8221;rgba(0,0,0,0.04)&#8221; custom_padding=&#8221;0px||2px|||&#8221; custom_padding_tablet=&#8221;&#8221; custom_padding_phone=&#8221;30px||2px||false|false&#8221;][et_pb_row column_structure=&#8221;1_2,1_2&#8243; _builder_version=&#8221;4.9.4&#8243; _module_preset=&#8221;default&#8221; width=&#8221;100%&#8221; max_width=&#8221;100%&#8221; custom_padding=&#8221;0px||0px||true|&#8221;][et_pb_column type=&#8221;1_2&#8243; _builder_version=&#8221;4.7.0&#8243; _module_preset=&#8221;default&#8221; custom_padding=&#8221;4%|2%||15%|false|false&#8221;][et_pb_text _builder_version=&#8221;4.9.4&#8243; _module_preset=&#8221;default&#8221; text_font=&#8221;Josefin Sans|300|||||||&#8221; text_font_size=&#8221;19px&#8221; custom_margin=&#8221;|||-51px||&#8221; hover_enabled=&#8221;0&#8243; sticky_enabled=&#8221;0&#8243;]<\/p>\n<p><strong>Digital dental imaging has the following benefits:<\/strong><\/p>\n<p>&nbsp;<\/p>\n<ul>\n<li>Speed<\/li>\n<li>Comfort and cost-effectiveness<\/li>\n<li>Digital image that can be viewed on a computer<\/li>\n<li>Archived images in the computer for the dentist<\/li>\n<\/ul>\n<p>[\/et_pb_text][\/et_pb_column][et_pb_column type=&#8221;1_2&#8243; _builder_version=&#8221;4.9.4&#8243; _module_preset=&#8221;default&#8221;][et_pb_text _builder_version=&#8221;4.9.4&#8243; _module_preset=&#8221;default&#8221; background_image=&#8221;https:\/\/poliklinika-petkovic.hr\/wp-content\/uploads\/2021\/06\/petkovic_rtg_4.jpg&#8221; height=&#8221;360px&#8221;][\/et_pb_text][\/et_pb_column][\/et_pb_row][\/et_pb_section][et_pb_section fb_built=&#8221;1&#8243; _builder_version=&#8221;4.9.4&#8243; _module_preset=&#8221;default&#8221; custom_padding=&#8221;||2px|||&#8221;][et_pb_row column_structure=&#8221;1_2,1_2&#8243; _builder_version=&#8221;4.7.0&#8243; _module_preset=&#8221;default&#8221;][et_pb_column type=&#8221;1_2&#8243; _builder_version=&#8221;4.7.0&#8243; _module_preset=&#8221;default&#8221; custom_padding=&#8221;5%||||false|false&#8221; custom_padding_tablet=&#8221;&#8221; custom_padding_phone=&#8221;0%||||false|false&#8221; custom_padding_last_edited=&#8221;on|phone&#8221;][et_pb_text _builder_version=&#8221;4.9.4&#8243; _module_preset=&#8221;default&#8221; text_font=&#8221;|300|||||||&#8221; text_font_size=&#8221;17px&#8221; width=&#8221;100%&#8221; width_tablet=&#8221;&#8221; width_phone=&#8221;100%&#8221; width_last_edited=&#8221;on|phone&#8221; module_alignment=&#8221;center&#8221; hover_enabled=&#8221;0&#8243; sticky_enabled=&#8221;0&#8243;]<\/p>\n<p><strong>An orthopantomogram (OPG) is a complete image of the upper and lower jaw with the surrounding anatomical structures which provides insight into the patient&#8217;s overall oral health.<\/strong>\u00a0It provides us with general information about the bones of the head, jaws, and teeth, whereas the intraoral dental image shows the individual tooth, all the details of the crown and the root, as well as the surrounding structure of the periodontium and alveolar bone.<\/p>\n<p>The device provides a wide range of 2D images with a much-reduced dose of radiation, even up to 90% compared to classic X-ray devices. At the Petkovi\u0107 Polyclinic, strict device controls are regularly carried out to ensure safety and protection from radiation for all our patients and staff.<\/p>\n<p>Before each scan, the patient is equipped with a protective apron to minimize the impact of radiation.<\/p>\n<p>[\/et_pb_text][\/et_pb_column][et_pb_column type=&#8221;1_2&#8243; _builder_version=&#8221;4.7.0&#8243; _module_preset=&#8221;default&#8221;][et_pb_image src=&#8221;https:\/\/poliklinika-petkovic.hr\/wp-content\/uploads\/2021\/06\/STOMATOLOGIJA-WEB-24.jpg&#8221; title_text=&#8221;STOMATOLOGIJA-WEB-24&#8243; _builder_version=&#8221;4.9.4&#8243; _module_preset=&#8221;default&#8221; box_shadow_style=&#8221;preset3&#8243;][\/et_pb_image][\/et_pb_column][\/et_pb_row][\/et_pb_section][et_pb_section fb_built=&#8221;1&#8243; _builder_version=&#8221;4.7.0&#8243; _module_preset=&#8221;default&#8221;][et_pb_row column_structure=&#8221;1_4,1_4,1_4,1_4&#8243; _builder_version=&#8221;4.7.0&#8243; _module_preset=&#8221;default&#8221; custom_padding=&#8221;0px||7px|||&#8221;][et_pb_column type=&#8221;1_4&#8243; _builder_version=&#8221;4.7.0&#8243; _module_preset=&#8221;default&#8221;][et_pb_blurb title=&#8221;Recommended age 6+&#8221; image=&#8221;https:\/\/poliklinika-petkovic.hr\/wp-content\/uploads\/2021\/06\/1.preporucena-dob.jpg&#8221; image_max_width=&#8221;70%&#8221; image_max_width_tablet=&#8221;&#8221; image_max_width_phone=&#8221;44%&#8221; image_max_width_last_edited=&#8221;on|phone&#8221; _builder_version=&#8221;4.9.4&#8243; _module_preset=&#8221;default&#8221; header_font=&#8221;||||||||&#8221; header_text_align=&#8221;center&#8221; header_font_size=&#8221;19px&#8221; body_font=&#8221;|300|||||||&#8221; body_text_align=&#8221;center&#8221; body_font_size=&#8221;17px&#8221; hover_enabled=&#8221;0&#8243; sticky_enabled=&#8221;0&#8243;][\/et_pb_blurb][\/et_pb_column][et_pb_column type=&#8221;1_4&#8243; _builder_version=&#8221;4.7.0&#8243; _module_preset=&#8221;default&#8221;][et_pb_blurb title=&#8221;Should be used with caution during pregnancy&#8221; image=&#8221;https:\/\/poliklinika-petkovic.hr\/wp-content\/uploads\/2021\/06\/trudnica-2.jpg&#8221; image_max_width=&#8221;70%&#8221; image_max_width_tablet=&#8221;&#8221; image_max_width_phone=&#8221;44%&#8221; image_max_width_last_edited=&#8221;on|phone&#8221; _builder_version=&#8221;4.9.4&#8243; _module_preset=&#8221;default&#8221; header_font=&#8221;||||||||&#8221; header_text_align=&#8221;center&#8221; header_font_size=&#8221;19px&#8221; body_font=&#8221;|300|||||||&#8221; body_text_align=&#8221;center&#8221; body_font_size=&#8221;17px&#8221; hover_enabled=&#8221;0&#8243; sticky_enabled=&#8221;0&#8243;][\/et_pb_blurb][\/et_pb_column][et_pb_column type=&#8221;1_4&#8243; _builder_version=&#8221;4.7.0&#8243; _module_preset=&#8221;default&#8221;][et_pb_blurb title=&#8221;Dental x-ray&#8221; image=&#8221;https:\/\/poliklinika-petkovic.hr\/wp-content\/uploads\/2021\/06\/rtg-zuba-3.jpg&#8221; image_max_width=&#8221;70%&#8221; image_max_width_tablet=&#8221;&#8221; image_max_width_phone=&#8221;44%&#8221; image_max_width_last_edited=&#8221;on|phone&#8221; _builder_version=&#8221;4.9.4&#8243; _module_preset=&#8221;default&#8221; header_font=&#8221;||||||||&#8221; header_text_align=&#8221;center&#8221; header_font_size=&#8221;19px&#8221; body_font=&#8221;|300|||||||&#8221; body_text_align=&#8221;center&#8221; body_font_size=&#8221;17px&#8221; hover_enabled=&#8221;0&#8243; sticky_enabled=&#8221;0&#8243;][\/et_pb_blurb][\/et_pb_column][et_pb_column type=&#8221;1_4&#8243; _builder_version=&#8221;4.7.0&#8243; _module_preset=&#8221;default&#8221;][et_pb_blurb title=&#8221;10-15 min&#8221; image=&#8221;https:\/\/poliklinika-petkovic.hr\/wp-content\/uploads\/2021\/06\/vrijeme-4.jpg&#8221; image_max_width=&#8221;70%&#8221; image_max_width_tablet=&#8221;&#8221; image_max_width_phone=&#8221;44%&#8221; image_max_width_last_edited=&#8221;on|phone&#8221; _builder_version=&#8221;4.9.4&#8243; _module_preset=&#8221;default&#8221; header_font=&#8221;||||||||&#8221; header_text_align=&#8221;center&#8221; header_font_size=&#8221;19px&#8221; body_font=&#8221;|300|||||||&#8221; body_text_align=&#8221;center&#8221; body_font_size=&#8221;17px&#8221;][\/et_pb_blurb][\/et_pb_column][\/et_pb_row][\/et_pb_section]<\/p>\n","protected":false},"excerpt":{"rendered":"<p>Koristimo najmoderniju tehnologiju i aparate pomo\u0107u kojih dobivamo visoko kvalitetne digitalne snimke. Ortopan u Poliklinici Petkovi\u0107.<\/p>\n","protected":false},"author":2,"featured_media":0,"parent":0,"menu_order":0,"comment_status":"closed","ping_status":"closed","template":"","meta":{"_et_pb_use_builder":"on","_et_pb_old_content":"","_et_gb_content_width":"","footnotes":""},"class_list":["post-31946","page","type-page","status-publish","hentry"],"yoast_head":"<!-- This site is optimized with the Yoast SEO plugin v22.3 - https:\/\/yoast.com\/wordpress\/plugins\/seo\/ -->\n<title>Diagnostic radiology - Poliklinika Petkovi\u0107<\/title>\n<meta name=\"description\" content=\"Koristimo najmoderniju tehnologiju i aparate pomo\u0107u kojih dobivamo visoko kvalitetne digitalne snimke. Ortopan u Poliklinici Petkovi\u0107.\" \/>\n<meta name=\"robots\" content=\"index, follow, max-snippet:-1, max-image-preview:large, max-video-preview:-1\" \/>\n<link rel=\"canonical\" href=\"https:\/\/poliklinika-petkovic.hr\/radioloska-dijagnostika\/\" \/>\n<meta property=\"og:locale\" content=\"en_US\" \/>\n<meta property=\"og:type\" content=\"article\" \/>\n<meta property=\"og:title\" content=\"Diagnostic radiology - Poliklinika Petkovi\u0107\" \/>\n<meta property=\"og:description\" content=\"Koristimo najmoderniju tehnologiju i aparate pomo\u0107u kojih dobivamo visoko kvalitetne digitalne snimke. Ortopan u Poliklinici Petkovi\u0107.\" \/>\n<meta property=\"og:url\" content=\"https:\/\/poliklinika-petkovic.hr\/radioloska-dijagnostika\/\" \/>\n<meta property=\"og:site_name\" content=\"Poliklinika Petkovi\u0107\" \/>\n<meta property=\"article:modified_time\" content=\"2022-09-26T13:13:04+00:00\" \/>\n<meta name=\"twitter:card\" content=\"summary_large_image\" \/>\n<meta name=\"twitter:label1\" content=\"Est. reading time\" \/>\n\t<meta name=\"twitter:data1\" content=\"7 minutes\" \/>\n<script type=\"application\/ld+json\" class=\"yoast-schema-graph\">{\"@context\":\"https:\/\/schema.org\",\"@graph\":[{\"@type\":\"WebPage\",\"@id\":\"https:\/\/poliklinika-petkovic.hr\/radioloska-dijagnostika\/\",\"url\":\"https:\/\/poliklinika-petkovic.hr\/radioloska-dijagnostika\/\",\"name\":\"Diagnostic radiology - Poliklinika Petkovi\u0107\",\"isPartOf\":{\"@id\":\"https:\/\/poliklinika-petkovic.hr\/#website\"},\"datePublished\":\"2021-06-17T11:02:54+00:00\",\"dateModified\":\"2022-09-26T13:13:04+00:00\",\"description\":\"Koristimo najmoderniju tehnologiju i aparate pomo\u0107u kojih dobivamo visoko kvalitetne digitalne snimke. Ortopan u Poliklinici Petkovi\u0107.\",\"breadcrumb\":{\"@id\":\"https:\/\/poliklinika-petkovic.hr\/radioloska-dijagnostika\/#breadcrumb\"},\"inLanguage\":\"en-US\",\"potentialAction\":[{\"@type\":\"ReadAction\",\"target\":[\"https:\/\/poliklinika-petkovic.hr\/radioloska-dijagnostika\/\"]}]},{\"@type\":\"BreadcrumbList\",\"@id\":\"https:\/\/poliklinika-petkovic.hr\/radioloska-dijagnostika\/#breadcrumb\",\"itemListElement\":[{\"@type\":\"ListItem\",\"position\":1,\"name\":\"Po\u010detna stranica\",\"item\":\"https:\/\/poliklinika-petkovic.hr\/en\/\"},{\"@type\":\"ListItem\",\"position\":2,\"name\":\"Diagnostic radiology\"}]},{\"@type\":\"WebSite\",\"@id\":\"https:\/\/poliklinika-petkovic.hr\/#website\",\"url\":\"https:\/\/poliklinika-petkovic.hr\/\",\"name\":\"Poliklinika Petkovi\u0107\",\"description\":\"\",\"potentialAction\":[{\"@type\":\"SearchAction\",\"target\":{\"@type\":\"EntryPoint\",\"urlTemplate\":\"https:\/\/poliklinika-petkovic.hr\/?s={search_term_string}\"},\"query-input\":\"required name=search_term_string\"}],\"inLanguage\":\"en-US\"}]}<\/script>\n<!-- \/ Yoast SEO plugin. -->","yoast_head_json":{"title":"Diagnostic radiology - Poliklinika Petkovi\u0107","description":"Koristimo najmoderniju tehnologiju i aparate pomo\u0107u kojih dobivamo visoko kvalitetne digitalne snimke. Ortopan u Poliklinici Petkovi\u0107.","robots":{"index":"index","follow":"follow","max-snippet":"max-snippet:-1","max-image-preview":"max-image-preview:large","max-video-preview":"max-video-preview:-1"},"canonical":"https:\/\/poliklinika-petkovic.hr\/radioloska-dijagnostika\/","og_locale":"en_US","og_type":"article","og_title":"Diagnostic radiology - Poliklinika Petkovi\u0107","og_description":"Koristimo najmoderniju tehnologiju i aparate pomo\u0107u kojih dobivamo visoko kvalitetne digitalne snimke. Ortopan u Poliklinici Petkovi\u0107.","og_url":"https:\/\/poliklinika-petkovic.hr\/radioloska-dijagnostika\/","og_site_name":"Poliklinika Petkovi\u0107","article_modified_time":"2022-09-26T13:13:04+00:00","twitter_card":"summary_large_image","twitter_misc":{"Est. reading time":"7 minutes"},"schema":{"@context":"https:\/\/schema.org","@graph":[{"@type":"WebPage","@id":"https:\/\/poliklinika-petkovic.hr\/radioloska-dijagnostika\/","url":"https:\/\/poliklinika-petkovic.hr\/radioloska-dijagnostika\/","name":"Diagnostic radiology - Poliklinika Petkovi\u0107","isPartOf":{"@id":"https:\/\/poliklinika-petkovic.hr\/#website"},"datePublished":"2021-06-17T11:02:54+00:00","dateModified":"2022-09-26T13:13:04+00:00","description":"Koristimo najmoderniju tehnologiju i aparate pomo\u0107u kojih dobivamo visoko kvalitetne digitalne snimke. Ortopan u Poliklinici Petkovi\u0107.","breadcrumb":{"@id":"https:\/\/poliklinika-petkovic.hr\/radioloska-dijagnostika\/#breadcrumb"},"inLanguage":"en-US","potentialAction":[{"@type":"ReadAction","target":["https:\/\/poliklinika-petkovic.hr\/radioloska-dijagnostika\/"]}]},{"@type":"BreadcrumbList","@id":"https:\/\/poliklinika-petkovic.hr\/radioloska-dijagnostika\/#breadcrumb","itemListElement":[{"@type":"ListItem","position":1,"name":"Po\u010detna stranica","item":"https:\/\/poliklinika-petkovic.hr\/en\/"},{"@type":"ListItem","position":2,"name":"Diagnostic radiology"}]},{"@type":"WebSite","@id":"https:\/\/poliklinika-petkovic.hr\/#website","url":"https:\/\/poliklinika-petkovic.hr\/","name":"Poliklinika Petkovi\u0107","description":"","potentialAction":[{"@type":"SearchAction","target":{"@type":"EntryPoint","urlTemplate":"https:\/\/poliklinika-petkovic.hr\/?s={search_term_string}"},"query-input":"required name=search_term_string"}],"inLanguage":"en-US"}]}},"_links":{"self":[{"href":"https:\/\/poliklinika-petkovic.hr\/en\/wp-json\/wp\/v2\/pages\/31946","targetHints":{"allow":["GET"]}}],"collection":[{"href":"https:\/\/poliklinika-petkovic.hr\/en\/wp-json\/wp\/v2\/pages"}],"about":[{"href":"https:\/\/poliklinika-petkovic.hr\/en\/wp-json\/wp\/v2\/types\/page"}],"author":[{"embeddable":true,"href":"https:\/\/poliklinika-petkovic.hr\/en\/wp-json\/wp\/v2\/users\/2"}],"replies":[{"embeddable":true,"href":"https:\/\/poliklinika-petkovic.hr\/en\/wp-json\/wp\/v2\/comments?post=31946"}],"version-history":[{"count":2,"href":"https:\/\/poliklinika-petkovic.hr\/en\/wp-json\/wp\/v2\/pages\/31946\/revisions"}],"predecessor-version":[{"id":31949,"href":"https:\/\/poliklinika-petkovic.hr\/en\/wp-json\/wp\/v2\/pages\/31946\/revisions\/31949"}],"wp:attachment":[{"href":"https:\/\/poliklinika-petkovic.hr\/en\/wp-json\/wp\/v2\/media?parent=31946"}],"curies":[{"name":"wp","href":"https:\/\/api.w.org\/{rel}","templated":true}]}}