{"id":31967,"date":"2021-06-17T23:11:41","date_gmt":"2021-06-17T22:11:41","guid":{"rendered":"https:\/\/poliklinika-petkovic.hr\/zubni-implantati-2\/"},"modified":"2022-09-26T14:58:31","modified_gmt":"2022-09-26T13:58:31","slug":"dental-implants","status":"publish","type":"page","link":"https:\/\/poliklinika-petkovic.hr\/en\/dental-implants\/","title":{"rendered":"Dental implants"},"content":{"rendered":"<p>[et_pb_section fb_built=&#8221;1&#8243; custom_padding_last_edited=&#8221;on|phone&#8221; module_id=&#8221;wk-first-banner&#8221; _builder_version=&#8221;4.9.4&#8243; _module_preset=&#8221;default&#8221; background_color=&#8221;#4F4E56&#8243; background_enable_image=&#8221;off&#8221; positioning=&#8221;none&#8221; position_origin_a=&#8221;top_center&#8221; z_index=&#8221;9999999999&#8243; custom_margin=&#8221;-89px||||false|false&#8221; custom_margin_tablet=&#8221;&#8221; custom_margin_phone=&#8221;-55px||||false|false&#8221; custom_margin_last_edited=&#8221;on|phone&#8221; custom_padding=&#8221;125px||30px||false|false&#8221; custom_padding_tablet=&#8221;&#8221; custom_padding_phone=&#8221;15px||0px||false|false&#8221; background_last_edited=&#8221;off|phone&#8221; use_background_color_gradient_phone=&#8221;off&#8221; background_color_gradient_start_phone=&#8221;rgba(0,0,0,0.5)&#8221; background_image_phone=&#8221;https:\/\/poliklinika-petkovic.hr\/wp-content\/uploads\/2021\/04\/poliklinika-petkovic-mobile.jpg&#8221; background_enable_image_phone=&#8221;on&#8221; saved_tabs=&#8221;all&#8221; title_text_phone=&#8221;poliklinika-petkovic-mobile&#8221; null_phone=&#8221;rgba(0,0,0,0.1)&#8221; global_module=&#8221;31928&#8243;][et_pb_row _builder_version=&#8221;4.7.0&#8243; _module_preset=&#8221;default&#8221;][et_pb_column type=&#8221;4_4&#8243; _builder_version=&#8221;4.7.0&#8243; _module_preset=&#8221;default&#8221;][et_pb_post_title meta=&#8221;off&#8221; featured_image=&#8221;off&#8221; _builder_version=&#8221;4.9.4&#8243; _module_preset=&#8221;default&#8221; title_font=&#8221;Josefin Sans|300|||||||&#8221; title_text_color=&#8221;#ffffff&#8221; title_font_size=&#8221;61px&#8221; title_font_size_tablet=&#8221;&#8221; title_font_size_phone=&#8221;42px&#8221; title_font_size_last_edited=&#8221;on|phone&#8221;][\/et_pb_post_title][\/et_pb_column][\/et_pb_row][\/et_pb_section][et_pb_section fb_built=&#8221;1&#8243; _builder_version=&#8221;4.7.0&#8243; _module_preset=&#8221;default&#8221; min_height=&#8221;850.3px&#8221; custom_padding=&#8221;2px|||||&#8221;][et_pb_row column_structure=&#8221;1_2,1_2&#8243; _builder_version=&#8221;4.9.4&#8243; _module_preset=&#8221;default&#8221;][et_pb_column type=&#8221;1_2&#8243; _builder_version=&#8221;4.9.4&#8243; _module_preset=&#8221;default&#8221; custom_padding=&#8221;5%||||false|false&#8221; custom_padding_tablet=&#8221;&#8221; custom_padding_phone=&#8221;0%||||false|false&#8221; custom_padding_last_edited=&#8221;on|phone&#8221;][et_pb_text _builder_version=&#8221;4.9.4&#8243; _module_preset=&#8221;default&#8221; text_font=&#8221;|300|||||||&#8221; text_font_size=&#8221;17px&#8221; width=&#8221;100%&#8221; width_tablet=&#8221;&#8221; width_phone=&#8221;100%&#8221; width_last_edited=&#8221;on|phone&#8221; module_alignment=&#8221;center&#8221; min_height=&#8221;37.4px&#8221; custom_padding=&#8221;6px|||||&#8221; hover_enabled=&#8221;0&#8243; sticky_enabled=&#8221;0&#8243;]<\/p>\n<p><strong><span lang=\"EN-US\">A lost tooth is not a lost cause.<\/span><\/strong><\/p>\n<div><span lang=\"EN-US\">If you are looking for a long-term, safe, and aesthetically pleasing solution, the replacement of teeth with dental implants is your way to a carefree smile. Enjoy your favorite meals with a proper bite and no worries, let the words flow smoothly and eloquently, talk confidently and win people over with your smile<\/span><\/div>\n<p>[\/et_pb_text][et_pb_button button_url=&#8221;#contact&#8221; button_text=&#8221;Contact us&#8221; _builder_version=&#8221;4.9.4&#8243; _module_preset=&#8221;default&#8221; custom_button=&#8221;on&#8221; button_text_size=&#8221;21px&#8221; button_border_width=&#8221;1px&#8221; button_font=&#8221;|300|||||||&#8221; hover_enabled=&#8221;0&#8243; sticky_enabled=&#8221;0&#8243;][\/et_pb_button][\/et_pb_column][et_pb_column type=&#8221;1_2&#8243; _builder_version=&#8221;4.9.4&#8243; _module_preset=&#8221;default&#8221;][et_pb_image src=&#8221;https:\/\/poliklinika-petkovic.hr\/wp-content\/uploads\/2021\/06\/STOMATOLOGIJA-WEB-39.jpg&#8221; title_text=&#8221;STOMATOLOGIJA-WEB-39&#8243; force_fullwidth=&#8221;on&#8221; _builder_version=&#8221;4.9.4&#8243; _module_preset=&#8221;default&#8221; custom_padding=&#8221;||2px||false|false&#8221; box_shadow_style=&#8221;preset3&#8243; global_colors_info=&#8221;{}&#8221;][\/et_pb_image][\/et_pb_column][\/et_pb_row][et_pb_row column_structure=&#8221;1_2,1_2&#8243; _builder_version=&#8221;4.7.0&#8243; _module_preset=&#8221;default&#8221; min_height=&#8221;420.6px&#8221; custom_padding=&#8221;40px||7px|||&#8221;][et_pb_column type=&#8221;1_2&#8243; _builder_version=&#8221;4.7.0&#8243; _module_preset=&#8221;default&#8221;][et_pb_image src=&#8221;https:\/\/poliklinika-petkovic.hr\/wp-content\/uploads\/2021\/06\/STOMATOLOGIJA-WEB-40.jpg&#8221; title_text=&#8221;STOMATOLOGIJA-WEB-40&#8243; force_fullwidth=&#8221;on&#8221; _builder_version=&#8221;4.9.4&#8243; _module_preset=&#8221;default&#8221; box_shadow_style=&#8221;preset3&#8243; global_colors_info=&#8221;{}&#8221;][\/et_pb_image][\/et_pb_column][et_pb_column type=&#8221;1_2&#8243; _builder_version=&#8221;4.7.0&#8243; _module_preset=&#8221;default&#8221;][et_pb_text _builder_version=&#8221;4.9.4&#8243; _module_preset=&#8221;default&#8221; text_font=&#8221;|300|||||||&#8221; text_font_size=&#8221;17px&#8221; width=&#8221;100%&#8221; width_tablet=&#8221;&#8221; width_phone=&#8221;100%&#8221; width_last_edited=&#8221;on|phone&#8221; module_alignment=&#8221;center&#8221; hover_enabled=&#8221;0&#8243; sticky_enabled=&#8221;0&#8243;]<\/p>\n<p><strong>Dental implants are considered to be the most effective solution for replacing teeth in modern dental medicine<\/strong>, and implantology is considered the most modern way to solve toothlessness, whether you&#8217;re missing just one tooth or all of them.<\/p>\n<p>A dental implant is a small titanium screw that is almost painlessly and securely inserted into the bone of the upper or lower jaw, depending on the location of the missing tooth. As such, the bone grows (osseointegrates) into it in only a few months and it serves as an \u201cartificial root of a lost tooth&#8221; where a fixed (crown, bridge) or removable structure is made in the subsequent procedure, in accordance with the indications and the patient&#8217;s wishes.<\/p>\n<p>[\/et_pb_text][\/et_pb_column][\/et_pb_row][\/et_pb_section][et_pb_section fb_built=&#8221;1&#8243; custom_padding_last_edited=&#8221;on|phone&#8221; _builder_version=&#8221;4.9.4&#8243; _module_preset=&#8221;default&#8221; background_enable_color=&#8221;off&#8221; use_background_color_gradient=&#8221;on&#8221; background_color_gradient_start=&#8221;rgba(79,78,87,0.5)&#8221; background_color_gradient_end=&#8221;rgba(79,78,87,0.5)&#8221; background_color_gradient_overlays_image=&#8221;on&#8221; background_image=&#8221;https:\/\/poliklinika-petkovic.hr\/wp-content\/uploads\/2021\/06\/PETKOVIC-WEB-BANNER-3-13.jpg&#8221; positioning=&#8221;none&#8221; position_origin_a=&#8221;top_center&#8221; z_index=&#8221;9999999999&#8243; custom_margin=&#8221;3px|||||&#8221; custom_margin_phone=&#8221;-55px||||false|false&#8221; custom_margin_last_edited=&#8221;off|desktop&#8221; custom_padding=&#8221;203px||203px||true|&#8221; custom_padding_tablet=&#8221;&#8221; custom_padding_phone=&#8221;15px||40px||false|false&#8221; saved_tabs=&#8221;all&#8221;][et_pb_row _builder_version=&#8221;4.9.4&#8243; _module_preset=&#8221;default&#8221; custom_padding=&#8221;2px|0px||||&#8221;][et_pb_column type=&#8221;4_4&#8243; _builder_version=&#8221;4.7.0&#8243; _module_preset=&#8221;default&#8221;][et_pb_text _builder_version=&#8221;4.9.4&#8243; _module_preset=&#8221;default&#8221; text_font=&#8221;|300|||||||&#8221; text_text_color=&#8221;#FFFFFF&#8221; text_font_size=&#8221;22px&#8221; text_line_height=&#8221;1.9em&#8221; text_orientation=&#8221;center&#8221; hover_enabled=&#8221;0&#8243; sticky_enabled=&#8221;0&#8243;]<\/p>\n<p>Installing an implant is the best solution when one tooth is missing because, unlike a dental bridge, it does not require drilling of the adjacent healthy teeth.<\/p>\n<p>It is important to emphasize that every lost tooth should be replaced, and a dental implant represents a long-term functional solution that ensures an even bite, quality nutrition, and restores a smile on the patient&#8217;s face, boosting their self-confidence.<\/p>\n<p>[\/et_pb_text][\/et_pb_column][\/et_pb_row][\/et_pb_section][et_pb_section fb_built=&#8221;1&#8243; _builder_version=&#8221;4.9.4&#8243; _module_preset=&#8221;default&#8221;][et_pb_row column_structure=&#8221;1_2,1_2&#8243; _builder_version=&#8221;4.9.4&#8243; _module_preset=&#8221;default&#8221; min_height=&#8221;420.6px&#8221; custom_padding=&#8221;40px||7px|||&#8221;][et_pb_column type=&#8221;1_2&#8243; _builder_version=&#8221;4.9.4&#8243; _module_preset=&#8221;default&#8221;][et_pb_text _builder_version=&#8221;4.9.4&#8243; _module_preset=&#8221;default&#8221; text_font=&#8221;|300|||||||&#8221; text_font_size=&#8221;17px&#8221; width=&#8221;100%&#8221; width_tablet=&#8221;&#8221; width_phone=&#8221;100%&#8221; width_last_edited=&#8221;on|phone&#8221; module_alignment=&#8221;center&#8221; hover_enabled=&#8221;0&#8243; sticky_enabled=&#8221;0&#8243;]<\/p>\n<p><strong>Titanium<\/strong> is used because of its hardness and biocompatibility with human bones, meaning that it does not cause allergic reactions. It also has non-magnetic properties, so there are no restrictions related to diagnostic methods (e.g. MRI).<\/p>\n<p>&nbsp;<\/p>\n<p>&nbsp;<\/p>\n<p>[\/et_pb_text][\/et_pb_column][et_pb_column type=&#8221;1_2&#8243; _builder_version=&#8221;4.7.0&#8243; _module_preset=&#8221;default&#8221;][et_pb_image src=&#8221;https:\/\/poliklinika-petkovic.hr\/wp-content\/uploads\/2021\/06\/SLIKA-4-TITAN.jpg&#8221; title_text=&#8221;SLIKA 4-TITAN&#8221; force_fullwidth=&#8221;on&#8221; _builder_version=&#8221;4.9.4&#8243; _module_preset=&#8221;default&#8221; box_shadow_style=&#8221;preset3&#8243; global_colors_info=&#8221;{}&#8221;][\/et_pb_image][\/et_pb_column][\/et_pb_row][et_pb_row column_structure=&#8221;1_2,1_2&#8243; _builder_version=&#8221;4.9.4&#8243; _module_preset=&#8221;default&#8221;][et_pb_column type=&#8221;1_2&#8243; _builder_version=&#8221;4.9.4&#8243; _module_preset=&#8221;default&#8221;][et_pb_image src=&#8221;https:\/\/poliklinika-petkovic.hr\/wp-content\/uploads\/2021\/06\/STOMATOLOGIJA-WEB-67.jpg&#8221; title_text=&#8221;STOMATOLOGIJA-WEB-67&#8243; force_fullwidth=&#8221;on&#8221; _builder_version=&#8221;4.9.4&#8243; _module_preset=&#8221;default&#8221; custom_padding=&#8221;||2px||false|false&#8221; box_shadow_style=&#8221;preset3&#8243; global_colors_info=&#8221;{}&#8221;][\/et_pb_image][\/et_pb_column][et_pb_column type=&#8221;1_2&#8243; _builder_version=&#8221;4.9.4&#8243; _module_preset=&#8221;default&#8221; custom_padding=&#8221;5%||||false|false&#8221; custom_padding_tablet=&#8221;&#8221; custom_padding_phone=&#8221;0%||||false|false&#8221; custom_padding_last_edited=&#8221;on|phone&#8221;][et_pb_text _builder_version=&#8221;4.9.4&#8243; _module_preset=&#8221;default&#8221; text_font=&#8221;|300|||||||&#8221; text_font_size=&#8221;17px&#8221; width=&#8221;100%&#8221; width_tablet=&#8221;&#8221; width_phone=&#8221;100%&#8221; width_last_edited=&#8221;on|phone&#8221; module_alignment=&#8221;center&#8221; min_height=&#8221;37.4px&#8221; custom_padding=&#8221;6px|||||&#8221; hover_enabled=&#8221;0&#8243; sticky_enabled=&#8221;0&#8243;]<\/p>\n<p>After a detailed clinical examination, it is necessary to get an X-ray so that our dentists can assess whether there is a sufficient amount of remaining bone, i.e. whether the height and width of the bone ridge are adequate for the installation of a dental implant. If the bone structure is not sufficient, an additional procedure of increasing (augmenting) the volume of the bone is required before the installation.<\/p>\n<p>&nbsp;<\/p>\n<p>[\/et_pb_text][\/et_pb_column][\/et_pb_row][et_pb_row column_structure=&#8221;1_2,1_2&#8243; _builder_version=&#8221;4.9.4&#8243; _module_preset=&#8221;default&#8221; min_height=&#8221;420.6px&#8221; custom_padding=&#8221;40px||7px|||&#8221;][et_pb_column type=&#8221;1_2&#8243; _builder_version=&#8221;4.9.4&#8243; _module_preset=&#8221;default&#8221;][et_pb_text _builder_version=&#8221;4.9.4&#8243; _module_preset=&#8221;default&#8221; text_font=&#8221;|300|||||||&#8221; text_font_size=&#8221;17px&#8221; width=&#8221;100%&#8221; width_tablet=&#8221;&#8221; width_phone=&#8221;100%&#8221; width_last_edited=&#8221;on|phone&#8221; module_alignment=&#8221;center&#8221; hover_enabled=&#8221;0&#8243; sticky_enabled=&#8221;0&#8243;]<\/p>\n<p>Before the procedure, we go through all the stages of implant installation and the stages that follow in a detailed discussion with our patients. We warn them that the treated area may swell and that it is very important to maintain oral hygiene to prevent wound contamination, and we also emphasize the importance of refraining from smoking because it interferes with the healing of the wound.<\/p>\n<p>&nbsp;<\/p>\n<p>&nbsp;<\/p>\n<p>[\/et_pb_text][\/et_pb_column][et_pb_column type=&#8221;1_2&#8243; _builder_version=&#8221;4.7.0&#8243; _module_preset=&#8221;default&#8221;][et_pb_image src=&#8221;https:\/\/poliklinika-petkovic.hr\/wp-content\/uploads\/2021\/06\/STOMATOLOGIJA-WEB-64.jpg&#8221; title_text=&#8221;STOMATOLOGIJA-WEB-64&#8243; force_fullwidth=&#8221;on&#8221; _builder_version=&#8221;4.9.4&#8243; _module_preset=&#8221;default&#8221; box_shadow_style=&#8221;preset3&#8243; global_colors_info=&#8221;{}&#8221;][\/et_pb_image][\/et_pb_column][\/et_pb_row][\/et_pb_section][et_pb_section fb_built=&#8221;1&#8243; custom_padding_last_edited=&#8221;on|phone&#8221; _builder_version=&#8221;4.7.0&#8243; _module_preset=&#8221;default&#8221; background_color=&#8221;rgba(0,0,0,0.04)&#8221; custom_padding=&#8221;0px||2px|||&#8221; custom_padding_tablet=&#8221;&#8221; custom_padding_phone=&#8221;30px||2px||false|false&#8221; locked=&#8221;off&#8221;][et_pb_row column_structure=&#8221;1_2,1_2&#8243; _builder_version=&#8221;4.9.4&#8243; _module_preset=&#8221;default&#8221; width=&#8221;100%&#8221; max_width=&#8221;100%&#8221; custom_padding=&#8221;2px||2px||true|&#8221;][et_pb_column type=&#8221;1_2&#8243; _builder_version=&#8221;4.7.0&#8243; _module_preset=&#8221;default&#8221; custom_padding=&#8221;4%|2%||15%|false|false&#8221;][et_pb_text _builder_version=&#8221;4.9.4&#8243; _module_preset=&#8221;default&#8221; text_font=&#8221;Josefin Sans|300|||||||&#8221; text_font_size=&#8221;19px&#8221; custom_margin=&#8221;-55px|||||&#8221; custom_padding=&#8221;33px|||||&#8221; hover_enabled=&#8221;0&#8243; sticky_enabled=&#8221;0&#8243;]<\/p>\n<p>We use only high-quality Ankylos implants and Straumman group implants \u2013 Neodent at the Petkovi\u0107 Polyclinic. In certain situations, we use the Neodent Aqua implants in order to accelerate the ingrowth of the implant and the bone. Both types of implants have been used for a long time, they are constantly being improved and have shown exceptional success. After installing the implant, we provide the patient with a booklet with certificates and a warranty for the material, guaranteeing the absence of any defects in the material.<\/p>\n<p>&nbsp;<\/p>\n<p>[\/et_pb_text][\/et_pb_column][et_pb_column type=&#8221;1_2&#8243; _builder_version=&#8221;4.9.4&#8243; _module_preset=&#8221;default&#8221;][et_pb_text _builder_version=&#8221;4.9.4&#8243; _module_preset=&#8221;default&#8221; background_image=&#8221;https:\/\/poliklinika-petkovic.hr\/wp-content\/uploads\/2021\/06\/poliklinika-petkovic-ordinacija.jpg&#8221; height=&#8221;360px&#8221;][\/et_pb_text][\/et_pb_column][\/et_pb_row][\/et_pb_section][et_pb_section fb_built=&#8221;1&#8243; _builder_version=&#8221;4.7.0&#8243; _module_preset=&#8221;default&#8221; locked=&#8221;off&#8221;][et_pb_row column_structure=&#8221;1_4,1_4,1_4,1_4&#8243; _builder_version=&#8221;4.7.0&#8243; _module_preset=&#8221;default&#8221; min_height=&#8221;245.6px&#8221; custom_padding=&#8221;0px||7px|||&#8221;][et_pb_column type=&#8221;1_4&#8243; _builder_version=&#8221;4.7.0&#8243; _module_preset=&#8221;default&#8221;][et_pb_blurb title=&#8221; Recommended age 21+ (after the jaw finishes growing and developing)&#8221; image=&#8221;https:\/\/poliklinika-petkovic.hr\/wp-content\/uploads\/2021\/06\/33.jpg&#8221; image_max_width=&#8221;70%&#8221; image_max_width_tablet=&#8221;&#8221; image_max_width_phone=&#8221;44%&#8221; image_max_width_last_edited=&#8221;on|phone&#8221; _builder_version=&#8221;4.9.4&#8243; _module_preset=&#8221;default&#8221; header_font=&#8221;||||||||&#8221; header_text_align=&#8221;center&#8221; header_font_size=&#8221;19px&#8221; body_font=&#8221;|300|||||||&#8221; body_text_align=&#8221;center&#8221; body_font_size=&#8221;17px&#8221; hover_enabled=&#8221;0&#8243; sticky_enabled=&#8221;0&#8243;][\/et_pb_blurb][\/et_pb_column][et_pb_column type=&#8221;1_4&#8243; _builder_version=&#8221;4.7.0&#8243; _module_preset=&#8221;default&#8221;][et_pb_blurb title=&#8221;Installation of implants&#8221; image=&#8221;https:\/\/poliklinika-petkovic.hr\/wp-content\/uploads\/2021\/06\/10-2.jpg&#8221; image_max_width=&#8221;70%&#8221; image_max_width_tablet=&#8221;&#8221; image_max_width_phone=&#8221;44%&#8221; image_max_width_last_edited=&#8221;on|phone&#8221; _builder_version=&#8221;4.9.4&#8243; _module_preset=&#8221;default&#8221; header_font=&#8221;||||||||&#8221; header_text_align=&#8221;center&#8221; header_font_size=&#8221;19px&#8221; body_font=&#8221;|300|||||||&#8221; body_text_align=&#8221;center&#8221; body_font_size=&#8221;17px&#8221; hover_enabled=&#8221;0&#8243; sticky_enabled=&#8221;0&#8243;][\/et_pb_blurb][\/et_pb_column][et_pb_column type=&#8221;1_4&#8243; _builder_version=&#8221;4.7.0&#8243; _module_preset=&#8221;default&#8221;][et_pb_blurb title=&#8221;Local anesthesia \u2013 painless&#8221; image=&#8221;https:\/\/poliklinika-petkovic.hr\/wp-content\/uploads\/2021\/06\/36.jpg&#8221; image_max_width=&#8221;70%&#8221; image_max_width_tablet=&#8221;&#8221; image_max_width_phone=&#8221;44%&#8221; image_max_width_last_edited=&#8221;on|phone&#8221; _builder_version=&#8221;4.9.4&#8243; _module_preset=&#8221;default&#8221; header_font=&#8221;||||||||&#8221; header_text_align=&#8221;center&#8221; header_font_size=&#8221;19px&#8221; body_font=&#8221;|300|||||||&#8221; body_text_align=&#8221;center&#8221; body_font_size=&#8221;17px&#8221; hover_enabled=&#8221;0&#8243; sticky_enabled=&#8221;0&#8243;][\/et_pb_blurb][\/et_pb_column][et_pb_column type=&#8221;1_4&#8243; _builder_version=&#8221;4.7.0&#8243; _module_preset=&#8221;default&#8221;][et_pb_blurb title=&#8221;30 min \u2013 1 h&#8221; image=&#8221;https:\/\/poliklinika-petkovic.hr\/wp-content\/uploads\/2021\/06\/20-1.jpg&#8221; image_max_width=&#8221;70%&#8221; image_max_width_tablet=&#8221;&#8221; image_max_width_phone=&#8221;44%&#8221; image_max_width_last_edited=&#8221;on|phone&#8221; _builder_version=&#8221;4.9.4&#8243; _module_preset=&#8221;default&#8221; header_font=&#8221;||||||||&#8221; header_text_align=&#8221;center&#8221; header_font_size=&#8221;19px&#8221; body_font=&#8221;|300|||||||&#8221; body_text_align=&#8221;center&#8221; body_font_size=&#8221;17px&#8221;][\/et_pb_blurb][\/et_pb_column][\/et_pb_row][\/et_pb_section]<\/p>\n","protected":false},"excerpt":{"rendered":"<p>Tra\u017eite li dugotrajno, sigurno i estetsko rje\u0161enje, nadoknada zuba putem dentalnih implantata Va\u0161 je put do bezbri\u017enog osmjeha.<\/p>\n","protected":false},"author":2,"featured_media":0,"parent":0,"menu_order":0,"comment_status":"closed","ping_status":"closed","template":"","meta":{"_et_pb_use_builder":"on","_et_pb_old_content":"","_et_gb_content_width":"","footnotes":""},"class_list":["post-31967","page","type-page","status-publish","hentry"],"yoast_head":"<!-- This site is optimized with the Yoast SEO plugin v22.3 - https:\/\/yoast.com\/wordpress\/plugins\/seo\/ -->\n<title>Dental implants - Poliklinika Petkovi\u0107<\/title>\n<meta name=\"description\" content=\"Tra\u017eite li dugotrajno, sigurno i estetsko rje\u0161enje, nadoknada zuba putem dentalnih implantata Va\u0161 je put do bezbri\u017enog osmjeha.\" \/>\n<meta name=\"robots\" content=\"index, follow, max-snippet:-1, max-image-preview:large, max-video-preview:-1\" \/>\n<link rel=\"canonical\" href=\"https:\/\/poliklinika-petkovic.hr\/zubni-implantati-2\/\" \/>\n<meta property=\"og:locale\" content=\"en_US\" \/>\n<meta property=\"og:type\" content=\"article\" \/>\n<meta property=\"og:title\" content=\"Dental implants - Poliklinika Petkovi\u0107\" \/>\n<meta property=\"og:description\" content=\"Tra\u017eite li dugotrajno, sigurno i estetsko rje\u0161enje, nadoknada zuba putem dentalnih implantata Va\u0161 je put do bezbri\u017enog osmjeha.\" \/>\n<meta property=\"og:url\" content=\"https:\/\/poliklinika-petkovic.hr\/zubni-implantati-2\/\" \/>\n<meta property=\"og:site_name\" content=\"Poliklinika Petkovi\u0107\" \/>\n<meta property=\"article:modified_time\" content=\"2022-09-26T13:58:31+00:00\" \/>\n<meta name=\"twitter:card\" content=\"summary_large_image\" \/>\n<script type=\"application\/ld+json\" class=\"yoast-schema-graph\">{\"@context\":\"https:\/\/schema.org\",\"@graph\":[{\"@type\":\"WebPage\",\"@id\":\"https:\/\/poliklinika-petkovic.hr\/zubni-implantati-2\/\",\"url\":\"https:\/\/poliklinika-petkovic.hr\/zubni-implantati-2\/\",\"name\":\"Dental implants - Poliklinika Petkovi\u0107\",\"isPartOf\":{\"@id\":\"https:\/\/poliklinika-petkovic.hr\/#website\"},\"datePublished\":\"2021-06-17T22:11:41+00:00\",\"dateModified\":\"2022-09-26T13:58:31+00:00\",\"description\":\"Tra\u017eite li dugotrajno, sigurno i estetsko rje\u0161enje, nadoknada zuba putem dentalnih implantata Va\u0161 je put do bezbri\u017enog osmjeha.\",\"breadcrumb\":{\"@id\":\"https:\/\/poliklinika-petkovic.hr\/zubni-implantati-2\/#breadcrumb\"},\"inLanguage\":\"en-US\",\"potentialAction\":[{\"@type\":\"ReadAction\",\"target\":[\"https:\/\/poliklinika-petkovic.hr\/zubni-implantati-2\/\"]}]},{\"@type\":\"BreadcrumbList\",\"@id\":\"https:\/\/poliklinika-petkovic.hr\/zubni-implantati-2\/#breadcrumb\",\"itemListElement\":[{\"@type\":\"ListItem\",\"position\":1,\"name\":\"Po\u010detna stranica\",\"item\":\"https:\/\/poliklinika-petkovic.hr\/en\/\"},{\"@type\":\"ListItem\",\"position\":2,\"name\":\"Dental implants\"}]},{\"@type\":\"WebSite\",\"@id\":\"https:\/\/poliklinika-petkovic.hr\/#website\",\"url\":\"https:\/\/poliklinika-petkovic.hr\/\",\"name\":\"Poliklinika Petkovi\u0107\",\"description\":\"\",\"potentialAction\":[{\"@type\":\"SearchAction\",\"target\":{\"@type\":\"EntryPoint\",\"urlTemplate\":\"https:\/\/poliklinika-petkovic.hr\/?s={search_term_string}\"},\"query-input\":\"required name=search_term_string\"}],\"inLanguage\":\"en-US\"}]}<\/script>\n<!-- \/ Yoast SEO plugin. -->","yoast_head_json":{"title":"Dental implants - Poliklinika Petkovi\u0107","description":"Tra\u017eite li dugotrajno, sigurno i estetsko rje\u0161enje, nadoknada zuba putem dentalnih implantata Va\u0161 je put do bezbri\u017enog osmjeha.","robots":{"index":"index","follow":"follow","max-snippet":"max-snippet:-1","max-image-preview":"max-image-preview:large","max-video-preview":"max-video-preview:-1"},"canonical":"https:\/\/poliklinika-petkovic.hr\/zubni-implantati-2\/","og_locale":"en_US","og_type":"article","og_title":"Dental implants - Poliklinika Petkovi\u0107","og_description":"Tra\u017eite li dugotrajno, sigurno i estetsko rje\u0161enje, nadoknada zuba putem dentalnih implantata Va\u0161 je put do bezbri\u017enog osmjeha.","og_url":"https:\/\/poliklinika-petkovic.hr\/zubni-implantati-2\/","og_site_name":"Poliklinika Petkovi\u0107","article_modified_time":"2022-09-26T13:58:31+00:00","twitter_card":"summary_large_image","schema":{"@context":"https:\/\/schema.org","@graph":[{"@type":"WebPage","@id":"https:\/\/poliklinika-petkovic.hr\/zubni-implantati-2\/","url":"https:\/\/poliklinika-petkovic.hr\/zubni-implantati-2\/","name":"Dental implants - Poliklinika Petkovi\u0107","isPartOf":{"@id":"https:\/\/poliklinika-petkovic.hr\/#website"},"datePublished":"2021-06-17T22:11:41+00:00","dateModified":"2022-09-26T13:58:31+00:00","description":"Tra\u017eite li dugotrajno, sigurno i estetsko rje\u0161enje, nadoknada zuba putem dentalnih implantata Va\u0161 je put do bezbri\u017enog osmjeha.","breadcrumb":{"@id":"https:\/\/poliklinika-petkovic.hr\/zubni-implantati-2\/#breadcrumb"},"inLanguage":"en-US","potentialAction":[{"@type":"ReadAction","target":["https:\/\/poliklinika-petkovic.hr\/zubni-implantati-2\/"]}]},{"@type":"BreadcrumbList","@id":"https:\/\/poliklinika-petkovic.hr\/zubni-implantati-2\/#breadcrumb","itemListElement":[{"@type":"ListItem","position":1,"name":"Po\u010detna stranica","item":"https:\/\/poliklinika-petkovic.hr\/en\/"},{"@type":"ListItem","position":2,"name":"Dental implants"}]},{"@type":"WebSite","@id":"https:\/\/poliklinika-petkovic.hr\/#website","url":"https:\/\/poliklinika-petkovic.hr\/","name":"Poliklinika Petkovi\u0107","description":"","potentialAction":[{"@type":"SearchAction","target":{"@type":"EntryPoint","urlTemplate":"https:\/\/poliklinika-petkovic.hr\/?s={search_term_string}"},"query-input":"required name=search_term_string"}],"inLanguage":"en-US"}]}},"_links":{"self":[{"href":"https:\/\/poliklinika-petkovic.hr\/en\/wp-json\/wp\/v2\/pages\/31967","targetHints":{"allow":["GET"]}}],"collection":[{"href":"https:\/\/poliklinika-petkovic.hr\/en\/wp-json\/wp\/v2\/pages"}],"about":[{"href":"https:\/\/poliklinika-petkovic.hr\/en\/wp-json\/wp\/v2\/types\/page"}],"author":[{"embeddable":true,"href":"https:\/\/poliklinika-petkovic.hr\/en\/wp-json\/wp\/v2\/users\/2"}],"replies":[{"embeddable":true,"href":"https:\/\/poliklinika-petkovic.hr\/en\/wp-json\/wp\/v2\/comments?post=31967"}],"version-history":[{"count":2,"href":"https:\/\/poliklinika-petkovic.hr\/en\/wp-json\/wp\/v2\/pages\/31967\/revisions"}],"predecessor-version":[{"id":31970,"href":"https:\/\/poliklinika-petkovic.hr\/en\/wp-json\/wp\/v2\/pages\/31967\/revisions\/31970"}],"wp:attachment":[{"href":"https:\/\/poliklinika-petkovic.hr\/en\/wp-json\/wp\/v2\/media?parent=31967"}],"curies":[{"name":"wp","href":"https:\/\/api.w.org\/{rel}","templated":true}]}}