{"id":32004,"date":"2021-06-21T19:35:50","date_gmt":"2021-06-21T18:35:50","guid":{"rendered":"https:\/\/poliklinika-petkovic.hr\/gingivektomija-i-gingivoplastika\/"},"modified":"2022-09-26T21:54:35","modified_gmt":"2022-09-26T20:54:35","slug":"gingivectomy-and-gingivoplasty","status":"publish","type":"page","link":"https:\/\/poliklinika-petkovic.hr\/en\/gingivectomy-and-gingivoplasty\/","title":{"rendered":"Gingivectomy and gingivoplasty"},"content":{"rendered":"<p>[et_pb_section fb_built=&#8221;1&#8243; custom_padding_last_edited=&#8221;on|phone&#8221; module_id=&#8221;wk-first-banner&#8221; _builder_version=&#8221;4.9.4&#8243; _module_preset=&#8221;default&#8221; background_color=&#8221;#4F4E56&#8243; background_enable_image=&#8221;off&#8221; positioning=&#8221;none&#8221; position_origin_a=&#8221;top_center&#8221; z_index=&#8221;9999999999&#8243; custom_margin=&#8221;-89px||||false|false&#8221; custom_margin_tablet=&#8221;&#8221; custom_margin_phone=&#8221;-55px||||false|false&#8221; custom_margin_last_edited=&#8221;on|phone&#8221; custom_padding=&#8221;125px||30px||false|false&#8221; custom_padding_tablet=&#8221;&#8221; custom_padding_phone=&#8221;15px||0px||false|false&#8221; background_last_edited=&#8221;off|phone&#8221; use_background_color_gradient_phone=&#8221;off&#8221; background_color_gradient_start_phone=&#8221;rgba(0,0,0,0.5)&#8221; background_image_phone=&#8221;https:\/\/poliklinika-petkovic.hr\/wp-content\/uploads\/2021\/04\/poliklinika-petkovic-mobile.jpg&#8221; background_enable_image_phone=&#8221;on&#8221; saved_tabs=&#8221;all&#8221; title_text_phone=&#8221;poliklinika-petkovic-mobile&#8221; null_phone=&#8221;rgba(0,0,0,0.1)&#8221; global_module=&#8221;31928&#8243;][et_pb_row _builder_version=&#8221;4.7.0&#8243; _module_preset=&#8221;default&#8221;][et_pb_column type=&#8221;4_4&#8243; _builder_version=&#8221;4.7.0&#8243; _module_preset=&#8221;default&#8221;][et_pb_post_title meta=&#8221;off&#8221; featured_image=&#8221;off&#8221; _builder_version=&#8221;4.9.4&#8243; _module_preset=&#8221;default&#8221; title_font=&#8221;Josefin Sans|300|||||||&#8221; title_text_color=&#8221;#ffffff&#8221; title_font_size=&#8221;61px&#8221; title_font_size_tablet=&#8221;&#8221; title_font_size_phone=&#8221;42px&#8221; title_font_size_last_edited=&#8221;on|phone&#8221;][\/et_pb_post_title][\/et_pb_column][\/et_pb_row][\/et_pb_section][et_pb_section fb_built=&#8221;1&#8243; _builder_version=&#8221;4.7.0&#8243; _module_preset=&#8221;default&#8221;][et_pb_row column_structure=&#8221;1_2,1_2&#8243; _builder_version=&#8221;4.7.0&#8243; _module_preset=&#8221;default&#8221;][et_pb_column type=&#8221;1_2&#8243; _builder_version=&#8221;4.7.0&#8243; _module_preset=&#8221;default&#8221; custom_padding=&#8221;5%||||false|false&#8221; custom_padding_tablet=&#8221;&#8221; custom_padding_phone=&#8221;0%||||false|false&#8221; custom_padding_last_edited=&#8221;on|phone&#8221;][et_pb_text _builder_version=&#8221;4.9.4&#8243; _module_preset=&#8221;default&#8221; text_font=&#8221;|300|||||||&#8221; text_font_size=&#8221;17px&#8221; width=&#8221;100%&#8221; width_tablet=&#8221;&#8221; width_phone=&#8221;100%&#8221; width_last_edited=&#8221;on|phone&#8221; module_alignment=&#8221;center&#8221; hover_enabled=&#8221;0&#8243; sticky_enabled=&#8221;0&#8243;]<\/p>\n<div>\n<p><b><span lang=\"EN-US\">The gums, or<span class=\"apple-converted-space\">\u00a0<\/span>gingiva, play an important role in the attractiveness and evenness of a smile.<span class=\"apple-converted-space\">\u00a0<\/span><\/span><\/b><\/p>\n<\/div>\n<div>\n<p><span lang=\"EN-US\">The gums should follow the smile line and should not be extremely visible or conspicuous.<\/span><\/p>\n<\/div>\n<div>\n<p><span lang=\"EN-US\">You may not know this, but there are surgical techniques in dental medicine that have an aesthetic purpose. These include procedures that correct asymmetries and deformations of the gums, most often caused by genetics, trauma, or gum disease.<span class=\"apple-converted-space\">\u00a0<\/span><\/span><\/p>\n<\/div>\n<div>\n<p><b><span lang=\"EN-US\">At the Petkovi\u0107 Polyclinic, we place great importance on the harmony of teeth and gums, and the techniques we use to achieve it are gingivectomy and gingivoplasty.<\/span><\/b><\/p>\n<\/div>\n<p>[\/et_pb_text][et_pb_button button_url=&#8221;#contact&#8221; button_text=&#8221;Contact us&#8221; _builder_version=&#8221;4.9.4&#8243; _module_preset=&#8221;default&#8221; custom_button=&#8221;on&#8221; button_text_size=&#8221;21px&#8221; button_border_width=&#8221;1px&#8221; button_font=&#8221;|300|||||||&#8221; hover_enabled=&#8221;0&#8243; sticky_enabled=&#8221;0&#8243;][\/et_pb_button][\/et_pb_column][et_pb_column type=&#8221;1_2&#8243; _builder_version=&#8221;4.7.0&#8243; _module_preset=&#8221;default&#8221;][et_pb_image src=&#8221;https:\/\/poliklinika-petkovic.hr\/wp-content\/uploads\/2021\/06\/STOMATOLOGIJA-WEB-37.jpg&#8221; title_text=&#8221;STOMATOLOGIJA-WEB-37&#8243; _builder_version=&#8221;4.9.4&#8243; _module_preset=&#8221;default&#8221; box_shadow_style=&#8221;preset3&#8243;][\/et_pb_image][\/et_pb_column][\/et_pb_row][et_pb_row column_structure=&#8221;1_2,1_2&#8243; _builder_version=&#8221;4.7.0&#8243; _module_preset=&#8221;default&#8221; custom_padding=&#8221;40px||7px|||&#8221;][et_pb_column type=&#8221;1_2&#8243; _builder_version=&#8221;4.7.0&#8243; _module_preset=&#8221;default&#8221;][et_pb_image src=&#8221;https:\/\/poliklinika-petkovic.hr\/wp-content\/uploads\/2021\/06\/STOMATOLOGIJA-WEB-38.jpg&#8221; title_text=&#8221;STOMATOLOGIJA-WEB-38&#8243; _builder_version=&#8221;4.9.4&#8243; _module_preset=&#8221;default&#8221; box_shadow_style=&#8221;preset3&#8243;][\/et_pb_image][\/et_pb_column][et_pb_column type=&#8221;1_2&#8243; _builder_version=&#8221;4.7.0&#8243; _module_preset=&#8221;default&#8221;][et_pb_text _builder_version=&#8221;4.9.4&#8243; _module_preset=&#8221;default&#8221; text_font=&#8221;|300|||||||&#8221; text_font_size=&#8221;17px&#8221; width=&#8221;100%&#8221; width_tablet=&#8221;&#8221; width_phone=&#8221;100%&#8221; width_last_edited=&#8221;on|phone&#8221; module_alignment=&#8221;center&#8221; hover_enabled=&#8221;0&#8243; sticky_enabled=&#8221;0&#8243;]<\/p>\n<div>\n<p><b><span lang=\"EN-US\">Gingivectomy<\/span><\/b><span class=\"apple-converted-space\"><span lang=\"EN-US\">\u00a0<\/span><\/span><span lang=\"EN-US\">is a surgical method of removing diseased gums resulting from periodontal disease. Such periodontal pockets make it impossible to properly maintain oral hygiene because food and bacteria remain inside them.<\/span><\/p>\n<\/div>\n<div>\n<p><span lang=\"EN-US\">Treatment of periodontal pockets is of medical importance since it removes potential hotspots where bacteria can accumulate.<\/span><\/p>\n<\/div>\n<p>[\/et_pb_text][\/et_pb_column][\/et_pb_row][\/et_pb_section][et_pb_section fb_built=&#8221;1&#8243; custom_padding_last_edited=&#8221;on|phone&#8221; _builder_version=&#8221;4.7.0&#8243; _module_preset=&#8221;default&#8221; background_color=&#8221;rgba(0,0,0,0.04)&#8221; custom_padding=&#8221;0px||2px|||&#8221; custom_padding_tablet=&#8221;&#8221; custom_padding_phone=&#8221;30px||2px||false|false&#8221;][et_pb_row column_structure=&#8221;1_2,1_2&#8243; _builder_version=&#8221;4.9.4&#8243; _module_preset=&#8221;default&#8221; width=&#8221;100%&#8221; max_width=&#8221;100%&#8221; custom_padding=&#8221;0px||0px||true|&#8221;][et_pb_column type=&#8221;1_2&#8243; _builder_version=&#8221;4.7.0&#8243; _module_preset=&#8221;default&#8221; custom_padding=&#8221;4%|2%||15%|false|false&#8221;][et_pb_text _builder_version=&#8221;4.9.4&#8243; _module_preset=&#8221;default&#8221; text_font=&#8221;Josefin Sans|300|||||||&#8221; text_font_size=&#8221;19px&#8221; hover_enabled=&#8221;0&#8243; sticky_enabled=&#8221;0&#8243;]<\/p>\n<p><strong>Gingivoplasty<\/strong> is a surgical reshaping of the gum line around the teeth. It is most often performed for aesthetic purposes in order to make the gums look better and more natural, and the teeth bigger. It is used to correct genetic asymmetry and malformations. We fix the contours of the gums, creating a perfect ratio between the remaining gums and the crown of the tooth.<\/p>\n<p>&nbsp;<\/p>\n<p>[\/et_pb_text][\/et_pb_column][et_pb_column type=&#8221;1_2&#8243; _builder_version=&#8221;4.9.4&#8243; _module_preset=&#8221;default&#8221;][et_pb_text _builder_version=&#8221;4.9.4&#8243; _module_preset=&#8221;default&#8221; background_image=&#8221;https:\/\/poliklinika-petkovic.hr\/wp-content\/uploads\/2021\/06\/Poliklinika_Petkovic_gingivektomija_gingivoplastika.jpg&#8221; height=&#8221;360px&#8221;][\/et_pb_text][\/et_pb_column][\/et_pb_row][\/et_pb_section][et_pb_section fb_built=&#8221;1&#8243; _builder_version=&#8221;4.7.0&#8243; _module_preset=&#8221;default&#8221;][et_pb_row column_structure=&#8221;1_2,1_2&#8243; _builder_version=&#8221;4.9.4&#8243; _module_preset=&#8221;default&#8221; custom_padding=&#8221;40px||7px|||&#8221;][et_pb_column type=&#8221;1_2&#8243; _builder_version=&#8221;4.7.0&#8243; _module_preset=&#8221;default&#8221;][et_pb_text _builder_version=&#8221;4.9.4&#8243; _module_preset=&#8221;default&#8221; text_font=&#8221;|300|||||||&#8221; text_font_size=&#8221;17px&#8221; width=&#8221;100%&#8221; width_tablet=&#8221;&#8221; width_phone=&#8221;100%&#8221; width_last_edited=&#8221;on|phone&#8221; module_alignment=&#8221;center&#8221; hover_enabled=&#8221;0&#8243; sticky_enabled=&#8221;0&#8243;]<\/p>\n<p><strong>What is popularly known as the gummy smile represents a smile with a disproportionate relationship between the visible amount of teeth and gums, where there is no so-called red\/white harmony.<\/strong>\u00a0<\/p>\n<p>The smile line is too high, and the gums are overly visible when talking or laughing, making the teeth appear shorter because they are partially covered by the gums.\u00a0<\/p>\n<p>The most common causes of a gummy smile are a short upper lip, excessive mobility of the upper lip, excessive tooth eruption, excessive development of the upper jaw, and abrasion or excessive wear of the dental structure.<\/p>\n<p>[\/et_pb_text][\/et_pb_column][et_pb_column type=&#8221;1_2&#8243; _builder_version=&#8221;4.7.0&#8243; _module_preset=&#8221;default&#8221;][et_pb_image src=&#8221;https:\/\/poliklinika-petkovic.hr\/wp-content\/uploads\/2021\/06\/STOMATOLOGIJA-WEB-59.jpg&#8221; title_text=&#8221;STOMATOLOGIJA-WEB-59&#8243; _builder_version=&#8221;4.9.4&#8243; _module_preset=&#8221;default&#8221; box_shadow_style=&#8221;preset3&#8243;][\/et_pb_image][\/et_pb_column][\/et_pb_row][et_pb_row column_structure=&#8221;1_2,1_2&#8243; _builder_version=&#8221;4.9.4&#8243; _module_preset=&#8221;default&#8221;][et_pb_column type=&#8221;1_2&#8243; _builder_version=&#8221;4.9.4&#8243; _module_preset=&#8221;default&#8221;][et_pb_image src=&#8221;https:\/\/poliklinika-petkovic.hr\/wp-content\/uploads\/2021\/06\/slika5_gummy_smile_poliklinika_petkovic.jpg&#8221; title_text=&#8221;slika5_gummy_smile_poliklinika_petkovic&#8221; _builder_version=&#8221;4.9.4&#8243; _module_preset=&#8221;default&#8221; box_shadow_style=&#8221;preset3&#8243;][\/et_pb_image][\/et_pb_column][et_pb_column type=&#8221;1_2&#8243; _builder_version=&#8221;4.7.0&#8243; _module_preset=&#8221;default&#8221; custom_padding=&#8221;5%||||false|false&#8221; custom_padding_tablet=&#8221;&#8221; custom_padding_phone=&#8221;0%||||false|false&#8221; custom_padding_last_edited=&#8221;on|phone&#8221;][et_pb_text _builder_version=&#8221;4.9.4&#8243; _module_preset=&#8221;default&#8221; text_font=&#8221;|300|||||||&#8221; text_font_size=&#8221;17px&#8221; width=&#8221;100%&#8221; width_tablet=&#8221;&#8221; width_phone=&#8221;100%&#8221; width_last_edited=&#8221;on|phone&#8221; module_alignment=&#8221;center&#8221; hover_enabled=&#8221;0&#8243; sticky_enabled=&#8221;0&#8243;]<\/p>\n<div>\n<p><span lang=\"EN-US\">At the Petkovi\u0107 Polyclinic, we fix the gummy smile by removing excess gums, which immediately makes the teeth longer and bigger.<span class=\"apple-converted-space\">\u00a0<\/span><\/span><\/p>\n<\/div>\n<div>\n<p><span lang=\"EN-US\">Before the procedure, it is very important to carry out a thorough cleaning of tartar in order to remove all plaque and tartar from periodontal pockets.<\/span><\/p>\n<\/div>\n<div>\n<p><span lang=\"EN-US\">The procedure is performed under local anesthesia, so our patients can be sure that it is completely painless.<span class=\"apple-converted-space\">\u00a0<\/span><\/span><\/p>\n<\/div>\n<div>\n<p><span lang=\"EN-US\">It is most often performed using a scalpel or laser.<\/span><\/p>\n<\/div>\n<div>\n<p><span lang=\"EN-US\">After the treatment, the patient is prescribed painkillers. It is recommended to avoid crunchy and hard foods and to avoid brushing the wound for the first few days after the procedure.<\/span><\/p>\n<\/div>\n<p>[\/et_pb_text][et_pb_button button_url=&#8221;#contact&#8221; button_text=&#8221;Book your appointment&#8221; _builder_version=&#8221;4.9.4&#8243; _module_preset=&#8221;default&#8221; custom_button=&#8221;on&#8221; button_text_size=&#8221;21px&#8221; button_border_width=&#8221;1px&#8221; button_font=&#8221;|300|||||||&#8221; hover_enabled=&#8221;0&#8243; sticky_enabled=&#8221;0&#8243;][\/et_pb_button][\/et_pb_column][\/et_pb_row][et_pb_row column_structure=&#8221;1_4,1_4,1_4,1_4&#8243; _builder_version=&#8221;4.7.0&#8243; _module_preset=&#8221;default&#8221; custom_padding=&#8221;0px||7px|||&#8221;][et_pb_column type=&#8221;1_4&#8243; _builder_version=&#8221;4.7.0&#8243; _module_preset=&#8221;default&#8221;][et_pb_blurb title=&#8221;\u201cGummy smile\u201d&#8221; image=&#8221;https:\/\/poliklinika-petkovic.hr\/wp-content\/uploads\/2021\/06\/1.gummy_smile.jpg&#8221; image_max_width=&#8221;70%&#8221; image_max_width_tablet=&#8221;&#8221; image_max_width_phone=&#8221;44%&#8221; image_max_width_last_edited=&#8221;on|phone&#8221; _builder_version=&#8221;4.9.4&#8243; _module_preset=&#8221;default&#8221; header_font=&#8221;||||||||&#8221; header_text_align=&#8221;center&#8221; header_font_size=&#8221;19px&#8221; body_font=&#8221;|300|||||||&#8221; body_text_align=&#8221;center&#8221; body_font_size=&#8221;17px&#8221;][\/et_pb_blurb][\/et_pb_column][et_pb_column type=&#8221;1_4&#8243; _builder_version=&#8221;4.7.0&#8243; _module_preset=&#8221;default&#8221;][et_pb_blurb title=&#8221;Painless procedure&#8221; image=&#8221;https:\/\/poliklinika-petkovic.hr\/wp-content\/uploads\/2021\/06\/bezbolan-zahvat.jpg&#8221; image_max_width=&#8221;70%&#8221; image_max_width_tablet=&#8221;&#8221; image_max_width_phone=&#8221;44%&#8221; image_max_width_last_edited=&#8221;on|phone&#8221; _builder_version=&#8221;4.9.4&#8243; _module_preset=&#8221;default&#8221; header_font=&#8221;||||||||&#8221; header_text_align=&#8221;center&#8221; header_font_size=&#8221;19px&#8221; body_font=&#8221;|300|||||||&#8221; body_text_align=&#8221;center&#8221; body_font_size=&#8221;17px&#8221; hover_enabled=&#8221;0&#8243; sticky_enabled=&#8221;0&#8243;][\/et_pb_blurb][\/et_pb_column][et_pb_column type=&#8221;1_4&#8243; _builder_version=&#8221;4.7.0&#8243; _module_preset=&#8221;default&#8221;][et_pb_blurb title=&#8221;45 min \u2013 1 h&#8221; image=&#8221;https:\/\/poliklinika-petkovic.hr\/wp-content\/uploads\/2021\/06\/3.45min-1h.jpg&#8221; image_max_width=&#8221;70%&#8221; image_max_width_tablet=&#8221;&#8221; image_max_width_phone=&#8221;44%&#8221; image_max_width_last_edited=&#8221;on|phone&#8221; _builder_version=&#8221;4.9.4&#8243; _module_preset=&#8221;default&#8221; header_font=&#8221;||||||||&#8221; header_text_align=&#8221;center&#8221; header_font_size=&#8221;19px&#8221; body_font=&#8221;|300|||||||&#8221; body_text_align=&#8221;center&#8221; body_font_size=&#8221;17px&#8221;][\/et_pb_blurb][\/et_pb_column][et_pb_column type=&#8221;1_4&#8243; _builder_version=&#8221;4.7.0&#8243; _module_preset=&#8221;default&#8221;][et_pb_blurb title=&#8221;Bright smile&#8221; image=&#8221;https:\/\/poliklinika-petkovic.hr\/wp-content\/uploads\/2021\/06\/4.blistav-osmijeh.jpg&#8221; image_max_width=&#8221;70%&#8221; image_max_width_tablet=&#8221;&#8221; image_max_width_phone=&#8221;44%&#8221; image_max_width_last_edited=&#8221;on|phone&#8221; _builder_version=&#8221;4.9.4&#8243; _module_preset=&#8221;default&#8221; header_font=&#8221;||||||||&#8221; header_text_align=&#8221;center&#8221; header_font_size=&#8221;19px&#8221; body_font=&#8221;|300|||||||&#8221; body_text_align=&#8221;center&#8221; body_font_size=&#8221;17px&#8221; hover_enabled=&#8221;0&#8243; sticky_enabled=&#8221;0&#8243;][\/et_pb_blurb][\/et_pb_column][\/et_pb_row][\/et_pb_section]<\/p>\n","protected":false},"excerpt":{"rendered":"<p>Skladnost zuba i zubnogmesa u Poliklinici Petkovi\u0107 izrazito nam je va\u017ena, a tehnike kojima to posti\u017eemo su gingivektomija i gingivoplastika. <\/p>\n","protected":false},"author":2,"featured_media":0,"parent":0,"menu_order":0,"comment_status":"closed","ping_status":"closed","template":"","meta":{"_et_pb_use_builder":"on","_et_pb_old_content":"","_et_gb_content_width":"","footnotes":""},"class_list":["post-32004","page","type-page","status-publish","hentry"],"yoast_head":"<!-- This site is optimized with the Yoast SEO plugin v22.3 - https:\/\/yoast.com\/wordpress\/plugins\/seo\/ -->\n<title>Gingivectomy and gingivoplasty - Poliklinika Petkovi\u0107<\/title>\n<meta name=\"description\" content=\"Skladnost zuba i zubnogmesa u Poliklinici Petkovi\u0107 izrazito nam je va\u017ena, a tehnike kojima to posti\u017eemo su gingivektomija i gingivoplastika.\" \/>\n<meta name=\"robots\" content=\"index, follow, max-snippet:-1, max-image-preview:large, max-video-preview:-1\" \/>\n<link rel=\"canonical\" href=\"https:\/\/poliklinika-petkovic.hr\/gingivektomija-i-gingivoplastika\/\" \/>\n<meta property=\"og:locale\" content=\"en_US\" \/>\n<meta property=\"og:type\" content=\"article\" \/>\n<meta property=\"og:title\" content=\"Gingivectomy and gingivoplasty - Poliklinika Petkovi\u0107\" \/>\n<meta property=\"og:description\" content=\"Skladnost zuba i zubnogmesa u Poliklinici Petkovi\u0107 izrazito nam je va\u017ena, a tehnike kojima to posti\u017eemo su gingivektomija i gingivoplastika.\" \/>\n<meta property=\"og:url\" content=\"https:\/\/poliklinika-petkovic.hr\/gingivektomija-i-gingivoplastika\/\" \/>\n<meta property=\"og:site_name\" content=\"Poliklinika Petkovi\u0107\" \/>\n<meta property=\"article:modified_time\" content=\"2022-09-26T20:54:35+00:00\" \/>\n<meta name=\"twitter:card\" content=\"summary_large_image\" \/>\n<meta name=\"twitter:label1\" content=\"Est. reading time\" \/>\n\t<meta name=\"twitter:data1\" content=\"8 minutes\" \/>\n<script type=\"application\/ld+json\" class=\"yoast-schema-graph\">{\"@context\":\"https:\/\/schema.org\",\"@graph\":[{\"@type\":\"WebPage\",\"@id\":\"https:\/\/poliklinika-petkovic.hr\/gingivektomija-i-gingivoplastika\/\",\"url\":\"https:\/\/poliklinika-petkovic.hr\/gingivektomija-i-gingivoplastika\/\",\"name\":\"Gingivectomy and gingivoplasty - Poliklinika Petkovi\u0107\",\"isPartOf\":{\"@id\":\"https:\/\/poliklinika-petkovic.hr\/#website\"},\"datePublished\":\"2021-06-21T18:35:50+00:00\",\"dateModified\":\"2022-09-26T20:54:35+00:00\",\"description\":\"Skladnost zuba i zubnogmesa u Poliklinici Petkovi\u0107 izrazito nam je va\u017ena, a tehnike kojima to posti\u017eemo su gingivektomija i gingivoplastika.\",\"breadcrumb\":{\"@id\":\"https:\/\/poliklinika-petkovic.hr\/gingivektomija-i-gingivoplastika\/#breadcrumb\"},\"inLanguage\":\"en-US\",\"potentialAction\":[{\"@type\":\"ReadAction\",\"target\":[\"https:\/\/poliklinika-petkovic.hr\/gingivektomija-i-gingivoplastika\/\"]}]},{\"@type\":\"BreadcrumbList\",\"@id\":\"https:\/\/poliklinika-petkovic.hr\/gingivektomija-i-gingivoplastika\/#breadcrumb\",\"itemListElement\":[{\"@type\":\"ListItem\",\"position\":1,\"name\":\"Po\u010detna stranica\",\"item\":\"https:\/\/poliklinika-petkovic.hr\/en\/\"},{\"@type\":\"ListItem\",\"position\":2,\"name\":\"Gingivectomy and gingivoplasty\"}]},{\"@type\":\"WebSite\",\"@id\":\"https:\/\/poliklinika-petkovic.hr\/#website\",\"url\":\"https:\/\/poliklinika-petkovic.hr\/\",\"name\":\"Poliklinika Petkovi\u0107\",\"description\":\"\",\"potentialAction\":[{\"@type\":\"SearchAction\",\"target\":{\"@type\":\"EntryPoint\",\"urlTemplate\":\"https:\/\/poliklinika-petkovic.hr\/?s={search_term_string}\"},\"query-input\":\"required name=search_term_string\"}],\"inLanguage\":\"en-US\"}]}<\/script>\n<!-- \/ Yoast SEO plugin. -->","yoast_head_json":{"title":"Gingivectomy and gingivoplasty - Poliklinika Petkovi\u0107","description":"Skladnost zuba i zubnogmesa u Poliklinici Petkovi\u0107 izrazito nam je va\u017ena, a tehnike kojima to posti\u017eemo su gingivektomija i gingivoplastika.","robots":{"index":"index","follow":"follow","max-snippet":"max-snippet:-1","max-image-preview":"max-image-preview:large","max-video-preview":"max-video-preview:-1"},"canonical":"https:\/\/poliklinika-petkovic.hr\/gingivektomija-i-gingivoplastika\/","og_locale":"en_US","og_type":"article","og_title":"Gingivectomy and gingivoplasty - Poliklinika Petkovi\u0107","og_description":"Skladnost zuba i zubnogmesa u Poliklinici Petkovi\u0107 izrazito nam je va\u017ena, a tehnike kojima to posti\u017eemo su gingivektomija i gingivoplastika.","og_url":"https:\/\/poliklinika-petkovic.hr\/gingivektomija-i-gingivoplastika\/","og_site_name":"Poliklinika Petkovi\u0107","article_modified_time":"2022-09-26T20:54:35+00:00","twitter_card":"summary_large_image","twitter_misc":{"Est. reading time":"8 minutes"},"schema":{"@context":"https:\/\/schema.org","@graph":[{"@type":"WebPage","@id":"https:\/\/poliklinika-petkovic.hr\/gingivektomija-i-gingivoplastika\/","url":"https:\/\/poliklinika-petkovic.hr\/gingivektomija-i-gingivoplastika\/","name":"Gingivectomy and gingivoplasty - Poliklinika Petkovi\u0107","isPartOf":{"@id":"https:\/\/poliklinika-petkovic.hr\/#website"},"datePublished":"2021-06-21T18:35:50+00:00","dateModified":"2022-09-26T20:54:35+00:00","description":"Skladnost zuba i zubnogmesa u Poliklinici Petkovi\u0107 izrazito nam je va\u017ena, a tehnike kojima to posti\u017eemo su gingivektomija i gingivoplastika.","breadcrumb":{"@id":"https:\/\/poliklinika-petkovic.hr\/gingivektomija-i-gingivoplastika\/#breadcrumb"},"inLanguage":"en-US","potentialAction":[{"@type":"ReadAction","target":["https:\/\/poliklinika-petkovic.hr\/gingivektomija-i-gingivoplastika\/"]}]},{"@type":"BreadcrumbList","@id":"https:\/\/poliklinika-petkovic.hr\/gingivektomija-i-gingivoplastika\/#breadcrumb","itemListElement":[{"@type":"ListItem","position":1,"name":"Po\u010detna stranica","item":"https:\/\/poliklinika-petkovic.hr\/en\/"},{"@type":"ListItem","position":2,"name":"Gingivectomy and gingivoplasty"}]},{"@type":"WebSite","@id":"https:\/\/poliklinika-petkovic.hr\/#website","url":"https:\/\/poliklinika-petkovic.hr\/","name":"Poliklinika Petkovi\u0107","description":"","potentialAction":[{"@type":"SearchAction","target":{"@type":"EntryPoint","urlTemplate":"https:\/\/poliklinika-petkovic.hr\/?s={search_term_string}"},"query-input":"required name=search_term_string"}],"inLanguage":"en-US"}]}},"_links":{"self":[{"href":"https:\/\/poliklinika-petkovic.hr\/en\/wp-json\/wp\/v2\/pages\/32004","targetHints":{"allow":["GET"]}}],"collection":[{"href":"https:\/\/poliklinika-petkovic.hr\/en\/wp-json\/wp\/v2\/pages"}],"about":[{"href":"https:\/\/poliklinika-petkovic.hr\/en\/wp-json\/wp\/v2\/types\/page"}],"author":[{"embeddable":true,"href":"https:\/\/poliklinika-petkovic.hr\/en\/wp-json\/wp\/v2\/users\/2"}],"replies":[{"embeddable":true,"href":"https:\/\/poliklinika-petkovic.hr\/en\/wp-json\/wp\/v2\/comments?post=32004"}],"version-history":[{"count":2,"href":"https:\/\/poliklinika-petkovic.hr\/en\/wp-json\/wp\/v2\/pages\/32004\/revisions"}],"predecessor-version":[{"id":32008,"href":"https:\/\/poliklinika-petkovic.hr\/en\/wp-json\/wp\/v2\/pages\/32004\/revisions\/32008"}],"wp:attachment":[{"href":"https:\/\/poliklinika-petkovic.hr\/en\/wp-json\/wp\/v2\/media?parent=32004"}],"curies":[{"name":"wp","href":"https:\/\/api.w.org\/{rel}","templated":true}]}}