{"id":32021,"date":"2021-04-30T08:40:18","date_gmt":"2021-04-30T07:40:18","guid":{"rendered":"https:\/\/poliklinika-petkovic.hr\/dermatoloski-pregled\/"},"modified":"2022-09-27T09:03:37","modified_gmt":"2022-09-27T08:03:37","slug":"skin-examination","status":"publish","type":"page","link":"https:\/\/poliklinika-petkovic.hr\/en\/skin-examination\/","title":{"rendered":"Skin examination"},"content":{"rendered":"<p>[et_pb_section fb_built=&#8221;1&#8243; custom_padding_last_edited=&#8221;on|phone&#8221; module_id=&#8221;wk-first-banner&#8221; _builder_version=&#8221;4.9.4&#8243; _module_preset=&#8221;default&#8221; background_color=&#8221;#4F4E56&#8243; background_enable_image=&#8221;off&#8221; positioning=&#8221;none&#8221; position_origin_a=&#8221;top_center&#8221; z_index=&#8221;9999999999&#8243; custom_margin=&#8221;-89px||||false|false&#8221; custom_margin_tablet=&#8221;&#8221; custom_margin_phone=&#8221;-55px||||false|false&#8221; custom_margin_last_edited=&#8221;on|phone&#8221; custom_padding=&#8221;125px||30px||false|false&#8221; custom_padding_tablet=&#8221;&#8221; custom_padding_phone=&#8221;15px||0px||false|false&#8221; background_last_edited=&#8221;off|phone&#8221; use_background_color_gradient_phone=&#8221;off&#8221; background_color_gradient_start_phone=&#8221;rgba(0,0,0,0.5)&#8221; background_image_phone=&#8221;https:\/\/poliklinika-petkovic.hr\/wp-content\/uploads\/2021\/04\/poliklinika-petkovic-mobile.jpg&#8221; background_enable_image_phone=&#8221;on&#8221; saved_tabs=&#8221;all&#8221; title_text_phone=&#8221;poliklinika-petkovic-mobile&#8221; null_phone=&#8221;rgba(0,0,0,0.1)&#8221; global_module=&#8221;31928&#8243;][et_pb_row _builder_version=&#8221;4.7.0&#8243; _module_preset=&#8221;default&#8221;][et_pb_column type=&#8221;4_4&#8243; _builder_version=&#8221;4.7.0&#8243; _module_preset=&#8221;default&#8221;][et_pb_post_title meta=&#8221;off&#8221; featured_image=&#8221;off&#8221; _builder_version=&#8221;4.9.4&#8243; _module_preset=&#8221;default&#8221; title_font=&#8221;Josefin Sans|300|||||||&#8221; title_text_color=&#8221;#ffffff&#8221; title_font_size=&#8221;61px&#8221; title_font_size_tablet=&#8221;&#8221; title_font_size_phone=&#8221;42px&#8221; title_font_size_last_edited=&#8221;on|phone&#8221;][\/et_pb_post_title][\/et_pb_column][\/et_pb_row][\/et_pb_section][et_pb_section fb_built=&#8221;1&#8243; _builder_version=&#8221;4.7.0&#8243; _module_preset=&#8221;default&#8221;][et_pb_row column_structure=&#8221;1_2,1_2&#8243; _builder_version=&#8221;4.7.0&#8243; _module_preset=&#8221;default&#8221;][et_pb_column type=&#8221;1_2&#8243; _builder_version=&#8221;4.7.0&#8243; _module_preset=&#8221;default&#8221; custom_padding=&#8221;5%||||false|false&#8221; custom_padding_tablet=&#8221;&#8221; custom_padding_phone=&#8221;0%||||false|false&#8221; custom_padding_last_edited=&#8221;on|phone&#8221;][et_pb_text _builder_version=&#8221;4.9.4&#8243; _module_preset=&#8221;default&#8221; text_font=&#8221;|300|||||||&#8221; text_font_size=&#8221;17px&#8221; width=&#8221;100%&#8221; width_tablet=&#8221;&#8221; width_phone=&#8221;100%&#8221; width_last_edited=&#8221;on|phone&#8221; module_alignment=&#8221;center&#8221; min_height=&#8221;168.8px&#8221; custom_margin=&#8221;-54px|||||&#8221; custom_padding=&#8221;38px|||||&#8221; hover_enabled=&#8221;0&#8243; sticky_enabled=&#8221;0&#8243;]<\/p>\n<div>\n<p><strong><span lang=\"EN-US\">Take care of your skin the same way it takes care of you<\/span><\/strong><\/p>\n<\/div>\n<div>\n<p><span lang=\"EN-US\">The skin, our largest organ, plays an important role in the homeostasis of our organism, and it also helps protect us against infections and environmental influence. Numerous external and internal factors can lead to skin lesions that require treatment. After examining the skin and visible mucous membranes, hair, and nails, the dermatologist will diagnose skin lesions based on the clinical picture, medical history, and necessary diagnostic work-up. Our expert team will help you define the problem and find a solution. Don\u2019t hesitate to contact us.<\/span><\/p>\n<\/div>\n<p>[\/et_pb_text][et_pb_button button_url=&#8221;#contact&#8221; button_text=&#8221;Book your appointment&#8221; _builder_version=&#8221;4.9.4&#8243; _module_preset=&#8221;default&#8221; custom_button=&#8221;on&#8221; button_text_size=&#8221;21px&#8221; button_border_width=&#8221;1px&#8221; button_font=&#8221;|300|||||||&#8221; hover_enabled=&#8221;0&#8243; sticky_enabled=&#8221;0&#8243;][\/et_pb_button][\/et_pb_column][et_pb_column type=&#8221;1_2&#8243; _builder_version=&#8221;4.7.0&#8243; _module_preset=&#8221;default&#8221;][et_pb_image src=&#8221;https:\/\/poliklinika-petkovic.hr\/wp-content\/uploads\/2021\/04\/OPCI_DERMATOLOSKI_PREGLED_1.jpg&#8221; title_text=&#8221;OPCI_DERMATOLOSKI_PREGLED_1&#8243; _builder_version=&#8221;4.9.4&#8243; _module_preset=&#8221;default&#8221; box_shadow_style=&#8221;preset3&#8243;][\/et_pb_image][\/et_pb_column][\/et_pb_row][\/et_pb_section][et_pb_section fb_built=&#8221;1&#8243; custom_padding_last_edited=&#8221;on|phone&#8221; _builder_version=&#8221;4.9.4&#8243; _module_preset=&#8221;default&#8221; background_enable_color=&#8221;off&#8221; use_background_color_gradient=&#8221;on&#8221; background_color_gradient_start=&#8221;rgba(79,78,87,0.5)&#8221; background_color_gradient_end=&#8221;rgba(79,78,87,0.5)&#8221; background_color_gradient_overlays_image=&#8221;on&#8221; background_image=&#8221;https:\/\/poliklinika-petkovic.hr\/wp-content\/uploads\/2021\/06\/5M7A5766-edit-scaled.jpg&#8221; positioning=&#8221;none&#8221; position_origin_a=&#8221;top_center&#8221; z_index=&#8221;9999999999&#8243; custom_margin_phone=&#8221;-55px||||false|false&#8221; custom_margin_last_edited=&#8221;off|desktop&#8221; custom_padding=&#8221;106px||70px||false|&#8221; custom_padding_tablet=&#8221;&#8221; custom_padding_phone=&#8221;15px||40px||false|false&#8221; saved_tabs=&#8221;all&#8221;][et_pb_row _builder_version=&#8221;4.7.0&#8243; _module_preset=&#8221;default&#8221; custom_padding=&#8221;||3px|||&#8221;][et_pb_column type=&#8221;4_4&#8243; _builder_version=&#8221;4.7.0&#8243; _module_preset=&#8221;default&#8221;][et_pb_text _builder_version=&#8221;4.9.4&#8243; _module_preset=&#8221;default&#8221; header_2_text_align=&#8221;center&#8221; header_2_text_color=&#8221;#FFFFFF&#8221; header_2_font_size=&#8221;33px&#8221; header_2_line_height=&#8221;1.4em&#8221; hover_enabled=&#8221;0&#8243; header_2_font_size_tablet=&#8221;&#8221; header_2_font_size_phone=&#8221;29px&#8221; header_2_font_size_last_edited=&#8221;on|phone&#8221; sticky_enabled=&#8221;0&#8243;]<\/p>\n<h2>\u00a0<\/h2>\n<h2>\u00a0<\/h2>\n<h2>\u00a0<\/h2>\n<h2>\u00a0<\/h2>\n<h2>\u00a0<\/h2>\n<h2>\u00a0<\/h2>\n<h2>\u00a0<\/h2>\n<h2>\u00a0<\/h2>\n<h2>\u00a0<\/h2>\n<h2>\u00a0<\/h2>\n<h2>\u00a0<\/h2>\n<h2>SIGNATURE SKIN<\/h2>\n<p>[\/et_pb_text][\/et_pb_column][\/et_pb_row][et_pb_row _builder_version=&#8221;4.9.4&#8243; _module_preset=&#8221;default&#8221;][et_pb_column type=&#8221;4_4&#8243; _builder_version=&#8221;4.7.0&#8243; _module_preset=&#8221;default&#8221;][et_pb_text _builder_version=&#8221;4.9.4&#8243; _module_preset=&#8221;default&#8221; text_font=&#8221;Josefin Sans|300|||||||&#8221; text_text_color=&#8221;#FFFFFF&#8221; text_font_size=&#8221;19px&#8221; text_orientation=&#8221;center&#8221; hover_enabled=&#8221;0&#8243; sticky_enabled=&#8221;0&#8243;]<\/p>\n<p>The skin matures and changes with age, and skincare should be adapted to these changes. Feeling good in one&#8217;s own skin is very important for both physical and psychological health. Proper care and protection of the skin can reduce the incidence of certain skin diseases and prevent the occurrence of malignant skin diseases.<\/p>\n<p>Bring out your natural glow with proper skincare<\/p>\n<p>[\/et_pb_text][\/et_pb_column][\/et_pb_row][et_pb_row _builder_version=&#8221;4.7.0&#8243; _module_preset=&#8221;default&#8221;][et_pb_column type=&#8221;4_4&#8243; _builder_version=&#8221;4.7.0&#8243; _module_preset=&#8221;default&#8221;][et_pb_button button_url=&#8221;#contact&#8221; button_text=&#8221;CONTACT US&#8221; button_alignment=&#8221;center&#8221; _builder_version=&#8221;4.9.4&#8243; _module_preset=&#8221;default&#8221; custom_button=&#8221;on&#8221; button_text_size=&#8221;22px&#8221; button_text_color=&#8221;#ffffff&#8221; button_border_width=&#8221;1px&#8221; button_border_radius=&#8221;100px&#8221; button_font=&#8221;|300|||||||&#8221; custom_margin=&#8221;||||false|false&#8221; custom_padding=&#8221;||||false|false&#8221; hover_enabled=&#8221;0&#8243; sticky_enabled=&#8221;0&#8243;][\/et_pb_button][\/et_pb_column][\/et_pb_row][\/et_pb_section][et_pb_section fb_built=&#8221;1&#8243; _builder_version=&#8221;4.9.4&#8243; _module_preset=&#8221;default&#8221; background_enable_color=&#8221;off&#8221; custom_padding=&#8221;||||false|false&#8221;][et_pb_row column_structure=&#8221;1_2,1_2&#8243; _builder_version=&#8221;4.9.4&#8243; _module_preset=&#8221;default&#8221; custom_padding=&#8221;||||false|false&#8221;][et_pb_column type=&#8221;1_2&#8243; _builder_version=&#8221;4.7.0&#8243; _module_preset=&#8221;default&#8221;][et_pb_image src=&#8221;https:\/\/poliklinika-petkovic.hr\/wp-content\/uploads\/2021\/04\/OPCI_DERMATOLOSKI_PREGLED_2.jpg&#8221; title_text=&#8221;OPCI_DERMATOLOSKI_PREGLED_2&#8243; _builder_version=&#8221;4.9.4&#8243; _module_preset=&#8221;default&#8221; box_shadow_style=&#8221;preset3&#8243;][\/et_pb_image][\/et_pb_column][et_pb_column type=&#8221;1_2&#8243; _builder_version=&#8221;4.7.0&#8243; _module_preset=&#8221;default&#8221;][et_pb_text _builder_version=&#8221;4.9.4&#8243; _module_preset=&#8221;default&#8221; text_font=&#8221;|300|||||||&#8221; text_font_size=&#8221;17px&#8221; width=&#8221;100%&#8221; width_tablet=&#8221;&#8221; width_phone=&#8221;100%&#8221; width_last_edited=&#8221;on|phone&#8221; module_alignment=&#8221;center&#8221; custom_padding=&#8221;31px|||||&#8221; hover_enabled=&#8221;0&#8243; sticky_enabled=&#8221;0&#8243;]<\/p>\n<p><strong>Skin changes can cause discomfort and damage self-confidence<\/strong> \u2013 this is the case for allergies, fungal infections, acne, rosacea, and many other changes. Problems that manifest on the skin are a result of internal processes in the body, often associated with a stressful and fast-paced lifestyle or genetic predispositions. Other than presenting an aesthetic problem, the changes are very often uncomfortable and need to be alleviated or eliminated with proper treatment. The first step in this process is a dermatological examination and diagnosis, followed by the identification and implementation of treatment under expert guidance. We should care about the health and function of our largest organ and protect it adequately. Our skin should age with grace despite all the challenges we face.<\/p>\n<p>&nbsp;<\/p>\n<div>\u00a0<\/div>\n<div>\u00a0<\/div>\n<p>[\/et_pb_text][\/et_pb_column][\/et_pb_row][\/et_pb_section]<\/p>\n","protected":false},"excerpt":{"rendered":"<p>Brojni vanjski i unutra\u0161nji \u010dimbenici mogu dovesti do pojave ko\u017enih promjena koje je potrebno lije\u010diti. Dijagnozu ko\u017enih promjena postavlja dermatolog nakon pregleda ko\u017ee i vidljivih sluznica, kose i noktiju na temelju klini\u010dke slike, anamneze te potrebne dijagnosti\u010dke obrade. Na\u0161 stru\u010dni tim pomo\u0107i \u0107e prona\u0107i rje\u0161enje. Obratite nam se s povjerenjem.<\/p>\n","protected":false},"author":2,"featured_media":0,"parent":0,"menu_order":0,"comment_status":"closed","ping_status":"closed","template":"","meta":{"_et_pb_use_builder":"on","_et_pb_old_content":"","_et_gb_content_width":"","footnotes":""},"class_list":["post-32021","page","type-page","status-publish","hentry"],"yoast_head":"<!-- This site is optimized with the Yoast SEO plugin v22.3 - https:\/\/yoast.com\/wordpress\/plugins\/seo\/ -->\n<title>Skin examination - Poliklinika Petkovi\u0107<\/title>\n<meta name=\"description\" content=\"Brojni vanjski i unutra\u0161nji \u010dimbenici mogu dovesti do pojave ko\u017enih promjena koje je potrebno lije\u010diti. Dijagnozu ko\u017enih promjena postavlja dermatolog nakon pregleda ko\u017ee i vidljivih sluznica, kose i noktiju na temelju klini\u010dke slike, anamneze te potrebne dijagnosti\u010dke obrade. Na\u0161 stru\u010dni tim pomo\u0107i \u0107e prona\u0107i rje\u0161enje. Obratite nam se s povjerenjem.\" \/>\n<meta name=\"robots\" content=\"index, follow, max-snippet:-1, max-image-preview:large, max-video-preview:-1\" \/>\n<link rel=\"canonical\" href=\"https:\/\/poliklinika-petkovic.hr\/dermatoloski-pregled\/\" \/>\n<meta property=\"og:locale\" content=\"en_US\" \/>\n<meta property=\"og:type\" content=\"article\" \/>\n<meta property=\"og:title\" content=\"Skin examination - Poliklinika Petkovi\u0107\" \/>\n<meta property=\"og:description\" content=\"Brojni vanjski i unutra\u0161nji \u010dimbenici mogu dovesti do pojave ko\u017enih promjena koje je potrebno lije\u010diti. Dijagnozu ko\u017enih promjena postavlja dermatolog nakon pregleda ko\u017ee i vidljivih sluznica, kose i noktiju na temelju klini\u010dke slike, anamneze te potrebne dijagnosti\u010dke obrade. Na\u0161 stru\u010dni tim pomo\u0107i \u0107e prona\u0107i rje\u0161enje. Obratite nam se s povjerenjem.\" \/>\n<meta property=\"og:url\" content=\"https:\/\/poliklinika-petkovic.hr\/dermatoloski-pregled\/\" \/>\n<meta property=\"og:site_name\" content=\"Poliklinika Petkovi\u0107\" \/>\n<meta property=\"article:modified_time\" content=\"2022-09-27T08:03:37+00:00\" \/>\n<meta name=\"twitter:card\" content=\"summary_large_image\" \/>\n<meta name=\"twitter:label1\" content=\"Est. reading time\" \/>\n\t<meta name=\"twitter:data1\" content=\"5 minutes\" \/>\n<script type=\"application\/ld+json\" class=\"yoast-schema-graph\">{\"@context\":\"https:\/\/schema.org\",\"@graph\":[{\"@type\":\"WebPage\",\"@id\":\"https:\/\/poliklinika-petkovic.hr\/dermatoloski-pregled\/\",\"url\":\"https:\/\/poliklinika-petkovic.hr\/dermatoloski-pregled\/\",\"name\":\"Skin examination - Poliklinika Petkovi\u0107\",\"isPartOf\":{\"@id\":\"https:\/\/poliklinika-petkovic.hr\/#website\"},\"datePublished\":\"2021-04-30T07:40:18+00:00\",\"dateModified\":\"2022-09-27T08:03:37+00:00\",\"description\":\"Brojni vanjski i unutra\u0161nji \u010dimbenici mogu dovesti do pojave ko\u017enih promjena koje je potrebno lije\u010diti. Dijagnozu ko\u017enih promjena postavlja dermatolog nakon pregleda ko\u017ee i vidljivih sluznica, kose i noktiju na temelju klini\u010dke slike, anamneze te potrebne dijagnosti\u010dke obrade. Na\u0161 stru\u010dni tim pomo\u0107i \u0107e prona\u0107i rje\u0161enje. Obratite nam se s povjerenjem.\",\"breadcrumb\":{\"@id\":\"https:\/\/poliklinika-petkovic.hr\/dermatoloski-pregled\/#breadcrumb\"},\"inLanguage\":\"en-US\",\"potentialAction\":[{\"@type\":\"ReadAction\",\"target\":[\"https:\/\/poliklinika-petkovic.hr\/dermatoloski-pregled\/\"]}]},{\"@type\":\"BreadcrumbList\",\"@id\":\"https:\/\/poliklinika-petkovic.hr\/dermatoloski-pregled\/#breadcrumb\",\"itemListElement\":[{\"@type\":\"ListItem\",\"position\":1,\"name\":\"Po\u010detna stranica\",\"item\":\"https:\/\/poliklinika-petkovic.hr\/en\/\"},{\"@type\":\"ListItem\",\"position\":2,\"name\":\"Skin examination\"}]},{\"@type\":\"WebSite\",\"@id\":\"https:\/\/poliklinika-petkovic.hr\/#website\",\"url\":\"https:\/\/poliklinika-petkovic.hr\/\",\"name\":\"Poliklinika Petkovi\u0107\",\"description\":\"\",\"potentialAction\":[{\"@type\":\"SearchAction\",\"target\":{\"@type\":\"EntryPoint\",\"urlTemplate\":\"https:\/\/poliklinika-petkovic.hr\/?s={search_term_string}\"},\"query-input\":\"required name=search_term_string\"}],\"inLanguage\":\"en-US\"}]}<\/script>\n<!-- \/ Yoast SEO plugin. -->","yoast_head_json":{"title":"Skin examination - Poliklinika Petkovi\u0107","description":"Brojni vanjski i unutra\u0161nji \u010dimbenici mogu dovesti do pojave ko\u017enih promjena koje je potrebno lije\u010diti. Dijagnozu ko\u017enih promjena postavlja dermatolog nakon pregleda ko\u017ee i vidljivih sluznica, kose i noktiju na temelju klini\u010dke slike, anamneze te potrebne dijagnosti\u010dke obrade. Na\u0161 stru\u010dni tim pomo\u0107i \u0107e prona\u0107i rje\u0161enje. Obratite nam se s povjerenjem.","robots":{"index":"index","follow":"follow","max-snippet":"max-snippet:-1","max-image-preview":"max-image-preview:large","max-video-preview":"max-video-preview:-1"},"canonical":"https:\/\/poliklinika-petkovic.hr\/dermatoloski-pregled\/","og_locale":"en_US","og_type":"article","og_title":"Skin examination - Poliklinika Petkovi\u0107","og_description":"Brojni vanjski i unutra\u0161nji \u010dimbenici mogu dovesti do pojave ko\u017enih promjena koje je potrebno lije\u010diti. Dijagnozu ko\u017enih promjena postavlja dermatolog nakon pregleda ko\u017ee i vidljivih sluznica, kose i noktiju na temelju klini\u010dke slike, anamneze te potrebne dijagnosti\u010dke obrade. Na\u0161 stru\u010dni tim pomo\u0107i \u0107e prona\u0107i rje\u0161enje. Obratite nam se s povjerenjem.","og_url":"https:\/\/poliklinika-petkovic.hr\/dermatoloski-pregled\/","og_site_name":"Poliklinika Petkovi\u0107","article_modified_time":"2022-09-27T08:03:37+00:00","twitter_card":"summary_large_image","twitter_misc":{"Est. reading time":"5 minutes"},"schema":{"@context":"https:\/\/schema.org","@graph":[{"@type":"WebPage","@id":"https:\/\/poliklinika-petkovic.hr\/dermatoloski-pregled\/","url":"https:\/\/poliklinika-petkovic.hr\/dermatoloski-pregled\/","name":"Skin examination - Poliklinika Petkovi\u0107","isPartOf":{"@id":"https:\/\/poliklinika-petkovic.hr\/#website"},"datePublished":"2021-04-30T07:40:18+00:00","dateModified":"2022-09-27T08:03:37+00:00","description":"Brojni vanjski i unutra\u0161nji \u010dimbenici mogu dovesti do pojave ko\u017enih promjena koje je potrebno lije\u010diti. Dijagnozu ko\u017enih promjena postavlja dermatolog nakon pregleda ko\u017ee i vidljivih sluznica, kose i noktiju na temelju klini\u010dke slike, anamneze te potrebne dijagnosti\u010dke obrade. Na\u0161 stru\u010dni tim pomo\u0107i \u0107e prona\u0107i rje\u0161enje. Obratite nam se s povjerenjem.","breadcrumb":{"@id":"https:\/\/poliklinika-petkovic.hr\/dermatoloski-pregled\/#breadcrumb"},"inLanguage":"en-US","potentialAction":[{"@type":"ReadAction","target":["https:\/\/poliklinika-petkovic.hr\/dermatoloski-pregled\/"]}]},{"@type":"BreadcrumbList","@id":"https:\/\/poliklinika-petkovic.hr\/dermatoloski-pregled\/#breadcrumb","itemListElement":[{"@type":"ListItem","position":1,"name":"Po\u010detna stranica","item":"https:\/\/poliklinika-petkovic.hr\/en\/"},{"@type":"ListItem","position":2,"name":"Skin examination"}]},{"@type":"WebSite","@id":"https:\/\/poliklinika-petkovic.hr\/#website","url":"https:\/\/poliklinika-petkovic.hr\/","name":"Poliklinika Petkovi\u0107","description":"","potentialAction":[{"@type":"SearchAction","target":{"@type":"EntryPoint","urlTemplate":"https:\/\/poliklinika-petkovic.hr\/?s={search_term_string}"},"query-input":"required name=search_term_string"}],"inLanguage":"en-US"}]}},"_links":{"self":[{"href":"https:\/\/poliklinika-petkovic.hr\/en\/wp-json\/wp\/v2\/pages\/32021","targetHints":{"allow":["GET"]}}],"collection":[{"href":"https:\/\/poliklinika-petkovic.hr\/en\/wp-json\/wp\/v2\/pages"}],"about":[{"href":"https:\/\/poliklinika-petkovic.hr\/en\/wp-json\/wp\/v2\/types\/page"}],"author":[{"embeddable":true,"href":"https:\/\/poliklinika-petkovic.hr\/en\/wp-json\/wp\/v2\/users\/2"}],"replies":[{"embeddable":true,"href":"https:\/\/poliklinika-petkovic.hr\/en\/wp-json\/wp\/v2\/comments?post=32021"}],"version-history":[{"count":2,"href":"https:\/\/poliklinika-petkovic.hr\/en\/wp-json\/wp\/v2\/pages\/32021\/revisions"}],"predecessor-version":[{"id":32024,"href":"https:\/\/poliklinika-petkovic.hr\/en\/wp-json\/wp\/v2\/pages\/32021\/revisions\/32024"}],"wp:attachment":[{"href":"https:\/\/poliklinika-petkovic.hr\/en\/wp-json\/wp\/v2\/media?parent=32021"}],"curies":[{"name":"wp","href":"https:\/\/api.w.org\/{rel}","templated":true}]}}