{"id":32926,"date":"2021-06-17T10:13:38","date_gmt":"2021-06-17T09:13:38","guid":{"rendered":"https:\/\/poliklinika-petkovic.hr\/estetski-ispuni-plombe\/"},"modified":"2023-01-09T14:06:25","modified_gmt":"2023-01-09T13:06:25","slug":"otturazioni-estethice-il-composito","status":"publish","type":"page","link":"https:\/\/poliklinika-petkovic.hr\/it\/otturazioni-estethice-il-composito\/","title":{"rendered":"Otturazioni estethice &#8211; Il composito"},"content":{"rendered":"","protected":false},"excerpt":{"rendered":"<p>Estetski ispuni (bijele kompozitne plombe) idealno su rje\u0161enje za nadomje\u0161tanje nedostatne zubne strukture, o\u0161te\u0107ene karijesom.  <\/p>\n","protected":false},"author":2,"featured_media":0,"parent":0,"menu_order":0,"comment_status":"closed","ping_status":"closed","template":"","meta":{"_et_pb_use_builder":"on","_et_pb_old_content":"","_et_gb_content_width":"","footnotes":""},"class_list":["post-32926","page","type-page","status-publish","hentry"],"yoast_head":"<!-- This site is optimized with the Yoast SEO plugin v22.3 - https:\/\/yoast.com\/wordpress\/plugins\/seo\/ -->\n<title>Otturazioni estethice - Il composito - Poliklinika Petkovi\u0107<\/title>\n<meta name=\"description\" content=\"Estetski ispuni (bijele kompozitne plombe) idealno su rje\u0161enje za nadomje\u0161tanje nedostatne zubne strukture, o\u0161te\u0107ene karijesom.\" \/>\n<meta name=\"robots\" content=\"index, follow, max-snippet:-1, max-image-preview:large, max-video-preview:-1\" \/>\n<link rel=\"canonical\" href=\"https:\/\/poliklinika-petkovic.hr\/estetski-ispuni-plombe\/\" \/>\n<meta property=\"og:locale\" content=\"it_IT\" \/>\n<meta property=\"og:type\" content=\"article\" \/>\n<meta property=\"og:title\" content=\"Otturazioni estethice - Il composito - Poliklinika Petkovi\u0107\" \/>\n<meta property=\"og:description\" content=\"Estetski ispuni (bijele kompozitne plombe) idealno su rje\u0161enje za nadomje\u0161tanje nedostatne zubne strukture, o\u0161te\u0107ene karijesom.\" \/>\n<meta property=\"og:url\" content=\"https:\/\/poliklinika-petkovic.hr\/estetski-ispuni-plombe\/\" \/>\n<meta property=\"og:site_name\" content=\"Poliklinika Petkovi\u0107\" \/>\n<meta property=\"article:modified_time\" content=\"2023-01-09T13:06:25+00:00\" \/>\n<meta name=\"twitter:card\" content=\"summary_large_image\" \/>\n<script type=\"application\/ld+json\" class=\"yoast-schema-graph\">{\"@context\":\"https:\/\/schema.org\",\"@graph\":[{\"@type\":\"WebPage\",\"@id\":\"https:\/\/poliklinika-petkovic.hr\/estetski-ispuni-plombe\/\",\"url\":\"https:\/\/poliklinika-petkovic.hr\/estetski-ispuni-plombe\/\",\"name\":\"Otturazioni estethice - Il composito - Poliklinika Petkovi\u0107\",\"isPartOf\":{\"@id\":\"https:\/\/poliklinika-petkovic.hr\/#website\"},\"datePublished\":\"2021-06-17T09:13:38+00:00\",\"dateModified\":\"2023-01-09T13:06:25+00:00\",\"description\":\"Estetski ispuni (bijele kompozitne plombe) idealno su rje\u0161enje za nadomje\u0161tanje nedostatne zubne strukture, o\u0161te\u0107ene karijesom.\",\"breadcrumb\":{\"@id\":\"https:\/\/poliklinika-petkovic.hr\/estetski-ispuni-plombe\/#breadcrumb\"},\"inLanguage\":\"it-IT\",\"potentialAction\":[{\"@type\":\"ReadAction\",\"target\":[\"https:\/\/poliklinika-petkovic.hr\/estetski-ispuni-plombe\/\"]}]},{\"@type\":\"BreadcrumbList\",\"@id\":\"https:\/\/poliklinika-petkovic.hr\/estetski-ispuni-plombe\/#breadcrumb\",\"itemListElement\":[{\"@type\":\"ListItem\",\"position\":1,\"name\":\"Po\u010detna stranica\",\"item\":\"https:\/\/poliklinika-petkovic.hr\/it\/\"},{\"@type\":\"ListItem\",\"position\":2,\"name\":\"Otturazioni estethice &#8211; Il composito\"}]},{\"@type\":\"WebSite\",\"@id\":\"https:\/\/poliklinika-petkovic.hr\/#website\",\"url\":\"https:\/\/poliklinika-petkovic.hr\/\",\"name\":\"Poliklinika Petkovi\u0107\",\"description\":\"\",\"potentialAction\":[{\"@type\":\"SearchAction\",\"target\":{\"@type\":\"EntryPoint\",\"urlTemplate\":\"https:\/\/poliklinika-petkovic.hr\/?s={search_term_string}\"},\"query-input\":\"required name=search_term_string\"}],\"inLanguage\":\"it-IT\"}]}<\/script>\n<!-- \/ Yoast SEO plugin. -->","yoast_head_json":{"title":"Otturazioni estethice - Il composito - Poliklinika Petkovi\u0107","description":"Estetski ispuni (bijele kompozitne plombe) idealno su rje\u0161enje za nadomje\u0161tanje nedostatne zubne strukture, o\u0161te\u0107ene karijesom.","robots":{"index":"index","follow":"follow","max-snippet":"max-snippet:-1","max-image-preview":"max-image-preview:large","max-video-preview":"max-video-preview:-1"},"canonical":"https:\/\/poliklinika-petkovic.hr\/estetski-ispuni-plombe\/","og_locale":"it_IT","og_type":"article","og_title":"Otturazioni estethice - Il composito - Poliklinika Petkovi\u0107","og_description":"Estetski ispuni (bijele kompozitne plombe) idealno su rje\u0161enje za nadomje\u0161tanje nedostatne zubne strukture, o\u0161te\u0107ene karijesom.","og_url":"https:\/\/poliklinika-petkovic.hr\/estetski-ispuni-plombe\/","og_site_name":"Poliklinika Petkovi\u0107","article_modified_time":"2023-01-09T13:06:25+00:00","twitter_card":"summary_large_image","schema":{"@context":"https:\/\/schema.org","@graph":[{"@type":"WebPage","@id":"https:\/\/poliklinika-petkovic.hr\/estetski-ispuni-plombe\/","url":"https:\/\/poliklinika-petkovic.hr\/estetski-ispuni-plombe\/","name":"Otturazioni estethice - Il composito - Poliklinika Petkovi\u0107","isPartOf":{"@id":"https:\/\/poliklinika-petkovic.hr\/#website"},"datePublished":"2021-06-17T09:13:38+00:00","dateModified":"2023-01-09T13:06:25+00:00","description":"Estetski ispuni (bijele kompozitne plombe) idealno su rje\u0161enje za nadomje\u0161tanje nedostatne zubne strukture, o\u0161te\u0107ene karijesom.","breadcrumb":{"@id":"https:\/\/poliklinika-petkovic.hr\/estetski-ispuni-plombe\/#breadcrumb"},"inLanguage":"it-IT","potentialAction":[{"@type":"ReadAction","target":["https:\/\/poliklinika-petkovic.hr\/estetski-ispuni-plombe\/"]}]},{"@type":"BreadcrumbList","@id":"https:\/\/poliklinika-petkovic.hr\/estetski-ispuni-plombe\/#breadcrumb","itemListElement":[{"@type":"ListItem","position":1,"name":"Po\u010detna stranica","item":"https:\/\/poliklinika-petkovic.hr\/it\/"},{"@type":"ListItem","position":2,"name":"Otturazioni estethice &#8211; Il composito"}]},{"@type":"WebSite","@id":"https:\/\/poliklinika-petkovic.hr\/#website","url":"https:\/\/poliklinika-petkovic.hr\/","name":"Poliklinika Petkovi\u0107","description":"","potentialAction":[{"@type":"SearchAction","target":{"@type":"EntryPoint","urlTemplate":"https:\/\/poliklinika-petkovic.hr\/?s={search_term_string}"},"query-input":"required name=search_term_string"}],"inLanguage":"it-IT"}]}},"_links":{"self":[{"href":"https:\/\/poliklinika-petkovic.hr\/it\/wp-json\/wp\/v2\/pages\/32926","targetHints":{"allow":["GET"]}}],"collection":[{"href":"https:\/\/poliklinika-petkovic.hr\/it\/wp-json\/wp\/v2\/pages"}],"about":[{"href":"https:\/\/poliklinika-petkovic.hr\/it\/wp-json\/wp\/v2\/types\/page"}],"author":[{"embeddable":true,"href":"https:\/\/poliklinika-petkovic.hr\/it\/wp-json\/wp\/v2\/users\/2"}],"replies":[{"embeddable":true,"href":"https:\/\/poliklinika-petkovic.hr\/it\/wp-json\/wp\/v2\/comments?post=32926"}],"version-history":[{"count":1,"href":"https:\/\/poliklinika-petkovic.hr\/it\/wp-json\/wp\/v2\/pages\/32926\/revisions"}],"predecessor-version":[{"id":32929,"href":"https:\/\/poliklinika-petkovic.hr\/it\/wp-json\/wp\/v2\/pages\/32926\/revisions\/32929"}],"wp:attachment":[{"href":"https:\/\/poliklinika-petkovic.hr\/it\/wp-json\/wp\/v2\/media?parent=32926"}],"curies":[{"name":"wp","href":"https:\/\/api.w.org\/{rel}","templated":true}]}}