{"id":32991,"date":"2021-06-19T16:16:17","date_gmt":"2021-06-19T15:16:17","guid":{"rendered":"https:\/\/poliklinika-petkovic.hr\/zubne-ljuskice\/"},"modified":"2023-01-09T16:56:41","modified_gmt":"2023-01-09T15:56:41","slug":"faccette-dentali","status":"publish","type":"page","link":"https:\/\/poliklinika-petkovic.hr\/it\/faccette-dentali\/","title":{"rendered":"Faccette dentali"},"content":{"rendered":"<p>[et_pb_section fb_built=&#8221;1&#8243; custom_padding_last_edited=&#8221;on|phone&#8221; module_id=&#8221;wk-first-banner&#8221; _builder_version=&#8221;4.9.4&#8243; _module_preset=&#8221;default&#8221; background_color=&#8221;#4F4E56&#8243; background_enable_image=&#8221;off&#8221; positioning=&#8221;none&#8221; position_origin_a=&#8221;top_center&#8221; z_index=&#8221;9999999999&#8243; custom_margin=&#8221;-89px||||false|false&#8221; custom_margin_tablet=&#8221;&#8221; custom_margin_phone=&#8221;-55px||||false|false&#8221; custom_margin_last_edited=&#8221;on|phone&#8221; custom_padding=&#8221;125px||30px||false|false&#8221; custom_padding_tablet=&#8221;&#8221; custom_padding_phone=&#8221;15px||0px||false|false&#8221; background_last_edited=&#8221;off|phone&#8221; use_background_color_gradient_phone=&#8221;off&#8221; background_color_gradient_start_phone=&#8221;rgba(0,0,0,0.5)&#8221; background_image_phone=&#8221;https:\/\/poliklinika-petkovic.hr\/wp-content\/uploads\/2021\/04\/poliklinika-petkovic-mobile.jpg&#8221; background_enable_image_phone=&#8221;on&#8221; saved_tabs=&#8221;all&#8221; title_text_phone=&#8221;poliklinika-petkovic-mobile&#8221; null_phone=&#8221;rgba(0,0,0,0.1)&#8221; global_module=&#8221;31928&#8243;][et_pb_row _builder_version=&#8221;4.7.0&#8243; _module_preset=&#8221;default&#8221;][et_pb_column type=&#8221;4_4&#8243; _builder_version=&#8221;4.7.0&#8243; _module_preset=&#8221;default&#8221;][et_pb_post_title meta=&#8221;off&#8221; featured_image=&#8221;off&#8221; _builder_version=&#8221;4.9.4&#8243; _module_preset=&#8221;default&#8221; title_font=&#8221;Josefin Sans|300|||||||&#8221; title_text_color=&#8221;#ffffff&#8221; title_font_size=&#8221;61px&#8221; title_font_size_tablet=&#8221;&#8221; title_font_size_phone=&#8221;42px&#8221; title_font_size_last_edited=&#8221;on|phone&#8221;][\/et_pb_post_title][\/et_pb_column][\/et_pb_row][\/et_pb_section][et_pb_section fb_built=&#8221;1&#8243; _builder_version=&#8221;4.9.4&#8243; _module_preset=&#8221;default&#8221;][et_pb_row column_structure=&#8221;1_2,1_2&#8243; _builder_version=&#8221;4.7.0&#8243; _module_preset=&#8221;default&#8221;][et_pb_column type=&#8221;1_2&#8243; _builder_version=&#8221;4.7.0&#8243; _module_preset=&#8221;default&#8221; custom_padding=&#8221;5%||||false|false&#8221; custom_padding_tablet=&#8221;&#8221; custom_padding_phone=&#8221;0%||||false|false&#8221; custom_padding_last_edited=&#8221;on|phone&#8221;][et_pb_text _builder_version=&#8221;4.9.4&#8243; _module_preset=&#8221;default&#8221; text_font=&#8221;|300|||||||&#8221; text_font_size=&#8221;17px&#8221; width=&#8221;100%&#8221; width_tablet=&#8221;&#8221; width_phone=&#8221;100%&#8221; width_last_edited=&#8221;on|phone&#8221; module_alignment=&#8221;center&#8221; hover_enabled=&#8221;0&#8243; sticky_enabled=&#8221;0&#8243;]<\/p>\n<div>\n<p><strong><span lang=\"IT\">Che siano in composito o in ceramica, le faccette dentali vanno molto di moda nel mondo di oggi, in cui tutti desiderano avere un sorriso smagliante e privo di difetti, in grado di conquistare fin da subito.<\/span><\/strong><\/p>\n<\/div>\n<div>\n<p><span lang=\"IT\">Se anche tu sogni un sorriso incantevole, rivolgiti ai nostri esperti che ti aiuteranno a far diventare questo sogno realt\u00e0.<\/span><\/p>\n<\/div>\n<p>[\/et_pb_text][et_pb_button button_url=&#8221;#kontakt&#8221; button_text=&#8221;Contattaci&#8221; _builder_version=&#8221;4.9.4&#8243; _module_preset=&#8221;default&#8221; custom_button=&#8221;on&#8221; button_text_size=&#8221;21px&#8221; button_border_width=&#8221;1px&#8221; button_font=&#8221;|300|||||||&#8221; hover_enabled=&#8221;0&#8243; sticky_enabled=&#8221;0&#8243;][\/et_pb_button][\/et_pb_column][et_pb_column type=&#8221;1_2&#8243; _builder_version=&#8221;4.7.0&#8243; _module_preset=&#8221;default&#8221;][et_pb_image src=&#8221;https:\/\/poliklinika-petkovic.hr\/wp-content\/uploads\/2021\/06\/STOMATOLOGIJA-WEB-31.jpg&#8221; title_text=&#8221;STOMATOLOGIJA-WEB-31&#8243; _builder_version=&#8221;4.9.4&#8243; _module_preset=&#8221;default&#8221; box_shadow_style=&#8221;preset3&#8243;][\/et_pb_image][\/et_pb_column][\/et_pb_row][et_pb_row column_structure=&#8221;1_2,1_2&#8243; _builder_version=&#8221;4.7.0&#8243; _module_preset=&#8221;default&#8221; custom_padding=&#8221;40px||7px|||&#8221;][et_pb_column type=&#8221;1_2&#8243; _builder_version=&#8221;4.7.0&#8243; _module_preset=&#8221;default&#8221;][et_pb_image src=&#8221;https:\/\/poliklinika-petkovic.hr\/wp-content\/uploads\/2021\/06\/STOMATOLOGIJA-WEB-32.jpg&#8221; title_text=&#8221;STOMATOLOGIJA-WEB-32&#8243; _builder_version=&#8221;4.9.4&#8243; _module_preset=&#8221;default&#8221; box_shadow_style=&#8221;preset3&#8243;][\/et_pb_image][\/et_pb_column][et_pb_column type=&#8221;1_2&#8243; _builder_version=&#8221;4.7.0&#8243; _module_preset=&#8221;default&#8221;][et_pb_text _builder_version=&#8221;4.9.4&#8243; _module_preset=&#8221;default&#8221; text_font=&#8221;|300|||||||&#8221; text_font_size=&#8221;17px&#8221; width=&#8221;100%&#8221; width_tablet=&#8221;&#8221; width_phone=&#8221;100%&#8221; width_last_edited=&#8221;on|phone&#8221; module_alignment=&#8221;center&#8221; hover_enabled=&#8221;0&#8243; sticky_enabled=&#8221;0&#8243;]<\/p>\n<div>\n<p><span lang=\"IT\">Le faccette dentali sono strutture protesiche in ceramica sottili, minimamente invasive, che vengono incollate alla superficie anteriore del dente naturale.<\/span><\/p>\n<\/div>\n<div>\n<p><strong><span lang=\"IT\">Per attaccare la faccetta, \u00e8 necessario lavorare un minimo il dente sottostante; solo in alcuni casi l\u2019incollaggio pu\u00f2 avvenire senza alcuna preparazione di base.<\/span><\/strong><\/p>\n<\/div>\n<div>\n<p><span lang=\"IT\">Le faccette che non richiedono alcuna lavorazione del dente vengono dette \u201cno prep\u201d.<\/span><\/p>\n<\/div>\n<p>[\/et_pb_text][\/et_pb_column][\/et_pb_row][\/et_pb_section][et_pb_section fb_built=&#8221;1&#8243; custom_padding_last_edited=&#8221;on|phone&#8221; _builder_version=&#8221;4.9.4&#8243; _module_preset=&#8221;default&#8221; background_enable_color=&#8221;off&#8221; use_background_color_gradient=&#8221;on&#8221; background_color_gradient_start=&#8221;rgba(79,78,87,0.5)&#8221; background_color_gradient_end=&#8221;rgba(79,78,87,0.5)&#8221; background_color_gradient_overlays_image=&#8221;on&#8221; background_image=&#8221;https:\/\/poliklinika-petkovic.hr\/wp-content\/uploads\/2021\/06\/zubne_ljuskice_osmijeh_dentalna_higijena.jpg&#8221; positioning=&#8221;none&#8221; position_origin_a=&#8221;top_center&#8221; z_index=&#8221;9999999999&#8243; custom_margin=&#8221;||||false|false&#8221; custom_margin_phone=&#8221;-55px||||false|false&#8221; custom_margin_last_edited=&#8221;off|desktop&#8221; custom_padding=&#8221;77px||77px||true|&#8221; custom_padding_tablet=&#8221;&#8221; custom_padding_phone=&#8221;15px||40px||false|false&#8221; saved_tabs=&#8221;all&#8221;][et_pb_row _builder_version=&#8221;4.9.4&#8243; _module_preset=&#8221;default&#8221; width=&#8221;44%&#8221; width_tablet=&#8221;&#8221; width_phone=&#8221;100%&#8221; width_last_edited=&#8221;on|phone&#8221; max_width=&#8221;80%&#8221; module_alignment=&#8221;center&#8221; width__hover_enabled=&#8221;off|desktop&#8221;][et_pb_column type=&#8221;4_4&#8243; _builder_version=&#8221;4.7.0&#8243; _module_preset=&#8221;default&#8221;][et_pb_text _builder_version=&#8221;4.9.4&#8243; _module_preset=&#8221;default&#8221; text_text_color=&#8221;#FFFFFF&#8221; text_font_size=&#8221;24px&#8221; text_line_height=&#8221;1.6em&#8221; header_font=&#8221;|300|||||||&#8221; header_text_color=&#8221;#ffffff&#8221; header_font_size=&#8221;75px&#8221; header_2_font=&#8221;|300|||||||&#8221; header_2_text_align=&#8221;left&#8221; header_2_text_color=&#8221;#ffffff&#8221; header_2_font_size=&#8221;47px&#8221; header_2_line_height=&#8221;1.3em&#8221; custom_margin=&#8221;||1px|||&#8221; custom_padding=&#8221;||41px|||&#8221; hover_enabled=&#8221;0&#8243; header_font_size_tablet=&#8221;&#8221; header_font_size_phone=&#8221;60px&#8221; header_font_size_last_edited=&#8221;on|phone&#8221; header_2_font_size_tablet=&#8221;&#8221; header_2_font_size_phone=&#8221;34px&#8221; header_2_font_size_last_edited=&#8221;on|phone&#8221; header_2_line_height_tablet=&#8221;&#8221; header_2_line_height_phone=&#8221;1.3em&#8221; header_2_line_height_last_edited=&#8221;on|desktop&#8221; sticky_enabled=&#8221;0&#8243;]<\/p>\n<div><span lang=\"IT\">Per scoprire se il tuo caso pu\u00f2 essere risolto con le faccette, contatta il nostro team di esperti: troverai una risposta ai tuoi dubbi e ti verr\u00e0 proposta la via migliore per raggiungere il sorriso che hai sempre desiderato. <\/span><\/div>\n<p>[\/et_pb_text][et_pb_button button_url=&#8221;#kontakt&#8221; button_text=&#8221;Inviaci una richiesta&#8221; button_alignment=&#8221;center&#8221; _builder_version=&#8221;4.9.4&#8243; _module_preset=&#8221;default&#8221; custom_button=&#8221;on&#8221; button_text_size=&#8221;22px&#8221; button_text_color=&#8221;#ffffff&#8221; button_border_width=&#8221;1px&#8221; button_border_radius=&#8221;100px&#8221; button_font=&#8221;|300|||||||&#8221; hover_enabled=&#8221;0&#8243; sticky_enabled=&#8221;0&#8243;][\/et_pb_button][\/et_pb_column][\/et_pb_row][\/et_pb_section][et_pb_section fb_built=&#8221;1&#8243; custom_padding_last_edited=&#8221;on|phone&#8221; _builder_version=&#8221;4.9.4&#8243; _module_preset=&#8221;default&#8221; background_color=&#8221;RGBA(0,0,0,0)&#8221; custom_padding=&#8221;0px||2px|||&#8221; custom_padding_tablet=&#8221;&#8221; custom_padding_phone=&#8221;30px||2px||false|false&#8221;][et_pb_row column_structure=&#8221;1_2,1_2&#8243; _builder_version=&#8221;4.9.4&#8243; _module_preset=&#8221;default&#8221; custom_padding=&#8221;40px||7px|||&#8221;][et_pb_column type=&#8221;1_2&#8243; _builder_version=&#8221;4.7.0&#8243; _module_preset=&#8221;default&#8221;][et_pb_text _builder_version=&#8221;4.9.4&#8243; _module_preset=&#8221;default&#8221; text_font=&#8221;|300|||||||&#8221; text_font_size=&#8221;17px&#8221; width=&#8221;100%&#8221; width_tablet=&#8221;&#8221; width_phone=&#8221;100%&#8221; width_last_edited=&#8221;on|phone&#8221; module_alignment=&#8221;center&#8221; hover_enabled=&#8221;0&#8243; sticky_enabled=&#8221;0&#8243;]<\/p>\n<p><span class=\"Apple-converted-space\">\u00a0<\/span><\/p>\n<p><strong>Possono essere apposte a uno o pi\u00f9 denti.<\/strong><\/p>\n<p>Prima dell\u2019intervento vero e proprio, \u00e8 necessario effettuare una visita stomatologica scrupolosa volta a curare tutte le eventuali carie e infiammazioni gengivali. \u00c8 importante sottolineare che i denti affetti da infiammazioni gravi, carie profonde o gi\u00e0 trattati endodonticamente non possono essere sottoposti a questo genere di trattamento.\u00a0<\/p>\n<p>Infatti, data la peculiarit\u00e0 dell\u2019incollaggio delle faccette al dente, \u00e8 fondamentale che lo strato di smalto che funge da base sia abbastanza duro.\u00a0<\/p>\n<p>Spesso, infatti, \u00e8 proprio questa la parte del dente che viene intaccata dalle carie. In queste situazioni, la soluzione migliore potrebbe essere rappresentata dalle corone.<\/p>\n<p>&nbsp;<\/p>\n<p>[\/et_pb_text][\/et_pb_column][et_pb_column type=&#8221;1_2&#8243; _builder_version=&#8221;4.7.0&#8243; _module_preset=&#8221;default&#8221;][et_pb_image src=&#8221;https:\/\/poliklinika-petkovic.hr\/wp-content\/uploads\/2021\/06\/Stomatologija-WEB-fotke-2.jpg&#8221; title_text=&#8221;Stomatologija WEB fotke-2&#8243; _builder_version=&#8221;4.9.4&#8243; _module_preset=&#8221;default&#8221; box_shadow_style=&#8221;preset3&#8243;][\/et_pb_image][\/et_pb_column][\/et_pb_row][et_pb_row column_structure=&#8221;1_2,1_2&#8243; _builder_version=&#8221;4.9.4&#8243; _module_preset=&#8221;default&#8221;][et_pb_column type=&#8221;1_2&#8243; _builder_version=&#8221;4.9.4&#8243; _module_preset=&#8221;default&#8221;][et_pb_image src=&#8221;https:\/\/poliklinika-petkovic.hr\/wp-content\/uploads\/2021\/06\/STOMATOLOGIJA-WEB-33.jpg&#8221; title_text=&#8221;STOMATOLOGIJA-WEB-33&#8243; _builder_version=&#8221;4.9.4&#8243; _module_preset=&#8221;default&#8221; box_shadow_style=&#8221;preset3&#8243;][\/et_pb_image][\/et_pb_column][et_pb_column type=&#8221;1_2&#8243; _builder_version=&#8221;4.7.0&#8243; _module_preset=&#8221;default&#8221; custom_padding=&#8221;5%||||false|false&#8221; custom_padding_tablet=&#8221;&#8221; custom_padding_phone=&#8221;0%||||false|false&#8221; custom_padding_last_edited=&#8221;on|phone&#8221;][et_pb_text _builder_version=&#8221;4.9.4&#8243; _module_preset=&#8221;default&#8221; text_font=&#8221;|300|||||||&#8221; text_font_size=&#8221;17px&#8221; width=&#8221;100%&#8221; width_tablet=&#8221;&#8221; width_phone=&#8221;100%&#8221; width_last_edited=&#8221;on|phone&#8221; module_alignment=&#8221;center&#8221; hover_enabled=&#8221;0&#8243; sticky_enabled=&#8221;0&#8243;]<\/p>\n<div>\n<p><span lang=\"IT\">Per attaccare le faccette, pu\u00f2 essere necessaria una certa levigazione dello smalto che tuttavia non comporta ipersensibilit\u00e0 o potenziale perdita di vitalit\u00e0 del dente. Dopo questo passaggio, viene presa l\u2019impronta del dente coinvolto e, in base ad essa, viene realizzata la faccetta in ceramica presso un laboratorio specializzato.<\/span><\/p>\n<\/div>\n<div>\n<p><span lang=\"IT\">Fino a quando le faccette definitive non sono pronte, il paziente riceve dei sostituti temporanei esteticamente gradevoli e utili soprattutto a proteggere il dente dagli agenti esterni.<\/span><\/p>\n<\/div>\n<div>\n<p><span lang=\"IT\">L\u2019incollaggio avviene con cementi fotosensibili che permettono di ottenere risultati eccellenti dal punto di vista estetico.<\/span><\/p>\n<\/div>\n<div>\n<p><span lang=\"IT\">L\u2019installazione delle faccette in ceramica non rappresenta una procedura complessa e il paziente pu\u00f2 tornare immediatamente alle proprie attivit\u00e0 quotidiane.<\/span><\/p>\n<\/div>\n<p>[\/et_pb_text][\/et_pb_column][\/et_pb_row][et_pb_row column_structure=&#8221;1_2,1_2&#8243; _builder_version=&#8221;4.9.4&#8243; _module_preset=&#8221;default&#8221; width=&#8221;100%&#8221; max_width=&#8221;100%&#8221; custom_padding=&#8221;0px||0px||true|&#8221;][et_pb_column type=&#8221;1_2&#8243; _builder_version=&#8221;4.7.0&#8243; _module_preset=&#8221;default&#8221; custom_padding=&#8221;4%|2%||15%|false|false&#8221;][et_pb_text _builder_version=&#8221;4.9.4&#8243; _module_preset=&#8221;default&#8221; header_2_text_align=&#8221;left&#8221; header_2_font_size=&#8221;33px&#8221; header_2_line_height=&#8221;1.2em&#8221; custom_margin=&#8221;||4px|||&#8221; hover_enabled=&#8221;0&#8243; sticky_enabled=&#8221;0&#8243;]<\/p>\n<h2><strong>Le faccette risolvono con successo:<\/strong><\/h2>\n<p>[\/et_pb_text][et_pb_text _builder_version=&#8221;4.9.4&#8243; _module_preset=&#8221;default&#8221; text_font=&#8221;Josefin Sans|300|||||||&#8221; text_font_size=&#8221;19px&#8221; hover_enabled=&#8221;0&#8243; sticky_enabled=&#8221;0&#8243;]<\/p>\n<ul>\n<li>Grandezza insoddisfacente di un dente<\/li>\n<li>Denti storti<\/li>\n<li>Spazi tra i denti<\/li>\n<li>Mutazioni di colore di denti scoloriti (solo denti non devitalizzati)<\/li>\n<li>Denti rovinati o lievemente ruotati<\/li>\n<\/ul>\n<p>&nbsp;<\/p>\n<p>[\/et_pb_text][\/et_pb_column][et_pb_column type=&#8221;1_2&#8243; _builder_version=&#8221;4.9.4&#8243; _module_preset=&#8221;default&#8221;][et_pb_text _builder_version=&#8221;4.9.4&#8243; _module_preset=&#8221;default&#8221; background_image=&#8221;https:\/\/poliklinika-petkovic.hr\/wp-content\/uploads\/2021\/06\/Ljuskice_baner.jpg&#8221; height=&#8221;360px&#8221;][\/et_pb_text][\/et_pb_column][\/et_pb_row][\/et_pb_section][et_pb_section fb_built=&#8221;1&#8243; _builder_version=&#8221;4.7.0&#8243; _module_preset=&#8221;default&#8221; min_height=&#8221;394.6px&#8221;][et_pb_row column_structure=&#8221;1_4,1_4,1_4,1_4&#8243; _builder_version=&#8221;4.7.0&#8243; _module_preset=&#8221;default&#8221; custom_padding=&#8221;0px||7px|||&#8221;][et_pb_column type=&#8221;1_4&#8243; _builder_version=&#8221;4.7.0&#8243; _module_preset=&#8221;default&#8221;][et_pb_blurb title=&#8221;Consulto specialistico e visita&#8221; image=&#8221;https:\/\/poliklinika-petkovic.hr\/wp-content\/uploads\/2021\/06\/1.Konzultacije.jpg&#8221; image_max_width=&#8221;70%&#8221; image_max_width_tablet=&#8221;&#8221; image_max_width_phone=&#8221;44%&#8221; image_max_width_last_edited=&#8221;on|phone&#8221; _builder_version=&#8221;4.9.4&#8243; _module_preset=&#8221;default&#8221; header_font=&#8221;||||||||&#8221; header_text_align=&#8221;center&#8221; header_font_size=&#8221;19px&#8221; body_font=&#8221;|300|||||||&#8221; body_text_align=&#8221;center&#8221; body_font_size=&#8221;17px&#8221; hover_enabled=&#8221;0&#8243; sticky_enabled=&#8221;0&#8243;][\/et_pb_blurb][\/et_pb_column][et_pb_column type=&#8221;1_4&#8243; _builder_version=&#8221;4.7.0&#8243; _module_preset=&#8221;default&#8221;][et_pb_blurb title=&#8221;Preparazione e impronta&#8221; image=&#8221;https:\/\/poliklinika-petkovic.hr\/wp-content\/uploads\/2021\/06\/1.jpg&#8221; image_max_width=&#8221;70%&#8221; image_max_width_tablet=&#8221;&#8221; image_max_width_phone=&#8221;44%&#8221; image_max_width_last_edited=&#8221;on|phone&#8221; _builder_version=&#8221;4.9.4&#8243; _module_preset=&#8221;default&#8221; header_font=&#8221;||||||||&#8221; header_text_align=&#8221;center&#8221; header_font_size=&#8221;19px&#8221; body_font=&#8221;|300|||||||&#8221; body_text_align=&#8221;center&#8221; body_font_size=&#8221;17px&#8221; hover_enabled=&#8221;0&#8243; sticky_enabled=&#8221;0&#8243;][\/et_pb_blurb][\/et_pb_column][et_pb_column type=&#8221;1_4&#8243; _builder_version=&#8221;4.7.0&#8243; _module_preset=&#8221;default&#8221;][et_pb_blurb title=&#8221;Applicazione della faccetta&#8221; image=&#8221;https:\/\/poliklinika-petkovic.hr\/wp-content\/uploads\/2021\/06\/3.postavljanje_ljuskica.jpg&#8221; image_max_width=&#8221;70%&#8221; image_max_width_tablet=&#8221;&#8221; image_max_width_phone=&#8221;44%&#8221; image_max_width_last_edited=&#8221;on|phone&#8221; _builder_version=&#8221;4.9.4&#8243; _module_preset=&#8221;default&#8221; header_font=&#8221;||||||||&#8221; header_text_align=&#8221;center&#8221; header_font_size=&#8221;19px&#8221; body_font=&#8221;|300|||||||&#8221; body_text_align=&#8221;center&#8221; body_font_size=&#8221;17px&#8221; hover_enabled=&#8221;0&#8243; sticky_enabled=&#8221;0&#8243;][\/et_pb_blurb][\/et_pb_column][et_pb_column type=&#8221;1_4&#8243; _builder_version=&#8221;4.7.0&#8243; _module_preset=&#8221;default&#8221;][et_pb_blurb title=&#8221;3-5 giorni&#8221; image=&#8221;https:\/\/poliklinika-petkovic.hr\/wp-content\/uploads\/2021\/06\/IKONE-STOMATOLOGIJA-2.jpg&#8221; image_max_width=&#8221;70%&#8221; image_max_width_tablet=&#8221;&#8221; image_max_width_phone=&#8221;44%&#8221; image_max_width_last_edited=&#8221;on|phone&#8221; _builder_version=&#8221;4.9.4&#8243; _module_preset=&#8221;default&#8221; header_font=&#8221;||||||||&#8221; header_text_align=&#8221;center&#8221; header_font_size=&#8221;19px&#8221; body_font=&#8221;|300|||||||&#8221; body_text_align=&#8221;center&#8221; body_font_size=&#8221;17px&#8221; hover_enabled=&#8221;0&#8243; sticky_enabled=&#8221;0&#8243;][\/et_pb_blurb][\/et_pb_column][\/et_pb_row][\/et_pb_section]<\/p>\n","protected":false},"excerpt":{"rendered":"<p>Privla\u010dan i blistav osmijeh uz zubne krunice u Poliklinici Petkovi\u0107. Kompozitne ili kerami\u010dke ljuskice. Kontaktirajte nas.<\/p>\n","protected":false},"author":2,"featured_media":0,"parent":0,"menu_order":0,"comment_status":"closed","ping_status":"closed","template":"","meta":{"_et_pb_use_builder":"on","_et_pb_old_content":"","_et_gb_content_width":"","footnotes":""},"class_list":["post-32991","page","type-page","status-publish","hentry"],"yoast_head":"<!-- This site is optimized with the Yoast SEO plugin v22.3 - https:\/\/yoast.com\/wordpress\/plugins\/seo\/ -->\n<title>Faccette dentali - Poliklinika Petkovi\u0107<\/title>\n<meta name=\"description\" content=\"Privla\u010dan i blistav osmijeh uz zubne krunice u Poliklinici Petkovi\u0107. Kompozitne ili kerami\u010dke ljuskice. Kontaktirajte nas.\" \/>\n<meta name=\"robots\" content=\"index, follow, max-snippet:-1, max-image-preview:large, max-video-preview:-1\" \/>\n<link rel=\"canonical\" href=\"https:\/\/poliklinika-petkovic.hr\/zubne-ljuskice\/\" \/>\n<meta property=\"og:locale\" content=\"it_IT\" \/>\n<meta property=\"og:type\" content=\"article\" \/>\n<meta property=\"og:title\" content=\"Faccette dentali - Poliklinika Petkovi\u0107\" \/>\n<meta property=\"og:description\" content=\"Privla\u010dan i blistav osmijeh uz zubne krunice u Poliklinici Petkovi\u0107. Kompozitne ili kerami\u010dke ljuskice. Kontaktirajte nas.\" \/>\n<meta property=\"og:url\" content=\"https:\/\/poliklinika-petkovic.hr\/zubne-ljuskice\/\" \/>\n<meta property=\"og:site_name\" content=\"Poliklinika Petkovi\u0107\" \/>\n<meta property=\"article:modified_time\" content=\"2023-01-09T15:56:41+00:00\" \/>\n<meta name=\"twitter:card\" content=\"summary_large_image\" \/>\n<meta name=\"twitter:label1\" content=\"Tempo di lettura stimato\" \/>\n\t<meta name=\"twitter:data1\" content=\"9 minuti\" \/>\n<script type=\"application\/ld+json\" class=\"yoast-schema-graph\">{\"@context\":\"https:\/\/schema.org\",\"@graph\":[{\"@type\":\"WebPage\",\"@id\":\"https:\/\/poliklinika-petkovic.hr\/zubne-ljuskice\/\",\"url\":\"https:\/\/poliklinika-petkovic.hr\/zubne-ljuskice\/\",\"name\":\"Faccette dentali - Poliklinika Petkovi\u0107\",\"isPartOf\":{\"@id\":\"https:\/\/poliklinika-petkovic.hr\/#website\"},\"datePublished\":\"2021-06-19T15:16:17+00:00\",\"dateModified\":\"2023-01-09T15:56:41+00:00\",\"description\":\"Privla\u010dan i blistav osmijeh uz zubne krunice u Poliklinici Petkovi\u0107. Kompozitne ili kerami\u010dke ljuskice. Kontaktirajte nas.\",\"breadcrumb\":{\"@id\":\"https:\/\/poliklinika-petkovic.hr\/zubne-ljuskice\/#breadcrumb\"},\"inLanguage\":\"it-IT\",\"potentialAction\":[{\"@type\":\"ReadAction\",\"target\":[\"https:\/\/poliklinika-petkovic.hr\/zubne-ljuskice\/\"]}]},{\"@type\":\"BreadcrumbList\",\"@id\":\"https:\/\/poliklinika-petkovic.hr\/zubne-ljuskice\/#breadcrumb\",\"itemListElement\":[{\"@type\":\"ListItem\",\"position\":1,\"name\":\"Po\u010detna stranica\",\"item\":\"https:\/\/poliklinika-petkovic.hr\/it\/\"},{\"@type\":\"ListItem\",\"position\":2,\"name\":\"Faccette dentali\"}]},{\"@type\":\"WebSite\",\"@id\":\"https:\/\/poliklinika-petkovic.hr\/#website\",\"url\":\"https:\/\/poliklinika-petkovic.hr\/\",\"name\":\"Poliklinika Petkovi\u0107\",\"description\":\"\",\"potentialAction\":[{\"@type\":\"SearchAction\",\"target\":{\"@type\":\"EntryPoint\",\"urlTemplate\":\"https:\/\/poliklinika-petkovic.hr\/?s={search_term_string}\"},\"query-input\":\"required name=search_term_string\"}],\"inLanguage\":\"it-IT\"}]}<\/script>\n<!-- \/ Yoast SEO plugin. -->","yoast_head_json":{"title":"Faccette dentali - Poliklinika Petkovi\u0107","description":"Privla\u010dan i blistav osmijeh uz zubne krunice u Poliklinici Petkovi\u0107. Kompozitne ili kerami\u010dke ljuskice. Kontaktirajte nas.","robots":{"index":"index","follow":"follow","max-snippet":"max-snippet:-1","max-image-preview":"max-image-preview:large","max-video-preview":"max-video-preview:-1"},"canonical":"https:\/\/poliklinika-petkovic.hr\/zubne-ljuskice\/","og_locale":"it_IT","og_type":"article","og_title":"Faccette dentali - Poliklinika Petkovi\u0107","og_description":"Privla\u010dan i blistav osmijeh uz zubne krunice u Poliklinici Petkovi\u0107. Kompozitne ili kerami\u010dke ljuskice. Kontaktirajte nas.","og_url":"https:\/\/poliklinika-petkovic.hr\/zubne-ljuskice\/","og_site_name":"Poliklinika Petkovi\u0107","article_modified_time":"2023-01-09T15:56:41+00:00","twitter_card":"summary_large_image","twitter_misc":{"Tempo di lettura stimato":"9 minuti"},"schema":{"@context":"https:\/\/schema.org","@graph":[{"@type":"WebPage","@id":"https:\/\/poliklinika-petkovic.hr\/zubne-ljuskice\/","url":"https:\/\/poliklinika-petkovic.hr\/zubne-ljuskice\/","name":"Faccette dentali - Poliklinika Petkovi\u0107","isPartOf":{"@id":"https:\/\/poliklinika-petkovic.hr\/#website"},"datePublished":"2021-06-19T15:16:17+00:00","dateModified":"2023-01-09T15:56:41+00:00","description":"Privla\u010dan i blistav osmijeh uz zubne krunice u Poliklinici Petkovi\u0107. Kompozitne ili kerami\u010dke ljuskice. Kontaktirajte nas.","breadcrumb":{"@id":"https:\/\/poliklinika-petkovic.hr\/zubne-ljuskice\/#breadcrumb"},"inLanguage":"it-IT","potentialAction":[{"@type":"ReadAction","target":["https:\/\/poliklinika-petkovic.hr\/zubne-ljuskice\/"]}]},{"@type":"BreadcrumbList","@id":"https:\/\/poliklinika-petkovic.hr\/zubne-ljuskice\/#breadcrumb","itemListElement":[{"@type":"ListItem","position":1,"name":"Po\u010detna stranica","item":"https:\/\/poliklinika-petkovic.hr\/it\/"},{"@type":"ListItem","position":2,"name":"Faccette dentali"}]},{"@type":"WebSite","@id":"https:\/\/poliklinika-petkovic.hr\/#website","url":"https:\/\/poliklinika-petkovic.hr\/","name":"Poliklinika Petkovi\u0107","description":"","potentialAction":[{"@type":"SearchAction","target":{"@type":"EntryPoint","urlTemplate":"https:\/\/poliklinika-petkovic.hr\/?s={search_term_string}"},"query-input":"required name=search_term_string"}],"inLanguage":"it-IT"}]}},"_links":{"self":[{"href":"https:\/\/poliklinika-petkovic.hr\/it\/wp-json\/wp\/v2\/pages\/32991","targetHints":{"allow":["GET"]}}],"collection":[{"href":"https:\/\/poliklinika-petkovic.hr\/it\/wp-json\/wp\/v2\/pages"}],"about":[{"href":"https:\/\/poliklinika-petkovic.hr\/it\/wp-json\/wp\/v2\/types\/page"}],"author":[{"embeddable":true,"href":"https:\/\/poliklinika-petkovic.hr\/it\/wp-json\/wp\/v2\/users\/2"}],"replies":[{"embeddable":true,"href":"https:\/\/poliklinika-petkovic.hr\/it\/wp-json\/wp\/v2\/comments?post=32991"}],"version-history":[{"count":2,"href":"https:\/\/poliklinika-petkovic.hr\/it\/wp-json\/wp\/v2\/pages\/32991\/revisions"}],"predecessor-version":[{"id":32995,"href":"https:\/\/poliklinika-petkovic.hr\/it\/wp-json\/wp\/v2\/pages\/32991\/revisions\/32995"}],"wp:attachment":[{"href":"https:\/\/poliklinika-petkovic.hr\/it\/wp-json\/wp\/v2\/media?parent=32991"}],"curies":[{"name":"wp","href":"https:\/\/api.w.org\/{rel}","templated":true}]}}