{"id":33011,"date":"2021-06-21T20:27:59","date_gmt":"2021-06-21T19:27:59","guid":{"rendered":"https:\/\/poliklinika-petkovic.hr\/parodontitis\/"},"modified":"2023-02-13T15:41:22","modified_gmt":"2023-02-13T14:41:22","slug":"parodontite","status":"publish","type":"page","link":"https:\/\/poliklinika-petkovic.hr\/it\/parodontite\/","title":{"rendered":"Parodontite"},"content":{"rendered":"<p>[et_pb_section fb_built=&#8221;1&#8243; custom_padding_last_edited=&#8221;on|phone&#8221; module_id=&#8221;wk-first-banner&#8221; _builder_version=&#8221;4.9.4&#8243; _module_preset=&#8221;default&#8221; background_color=&#8221;#4F4E56&#8243; background_enable_image=&#8221;off&#8221; positioning=&#8221;none&#8221; position_origin_a=&#8221;top_center&#8221; z_index=&#8221;9999999999&#8243; custom_margin=&#8221;-89px||||false|false&#8221; custom_margin_tablet=&#8221;&#8221; custom_margin_phone=&#8221;-55px||||false|false&#8221; custom_margin_last_edited=&#8221;on|phone&#8221; custom_padding=&#8221;125px||30px||false|false&#8221; custom_padding_tablet=&#8221;&#8221; custom_padding_phone=&#8221;15px||0px||false|false&#8221; background_last_edited=&#8221;off|phone&#8221; use_background_color_gradient_phone=&#8221;off&#8221; background_color_gradient_start_phone=&#8221;rgba(0,0,0,0.5)&#8221; background_image_phone=&#8221;https:\/\/poliklinika-petkovic.hr\/wp-content\/uploads\/2021\/04\/poliklinika-petkovic-mobile.jpg&#8221; background_enable_image_phone=&#8221;on&#8221; saved_tabs=&#8221;all&#8221; title_text_phone=&#8221;poliklinika-petkovic-mobile&#8221; null_phone=&#8221;rgba(0,0,0,0.1)&#8221;][et_pb_row _builder_version=&#8221;4.7.0&#8243; _module_preset=&#8221;default&#8221;][et_pb_column type=&#8221;4_4&#8243; _builder_version=&#8221;4.7.0&#8243; _module_preset=&#8221;default&#8221;][et_pb_post_title meta=&#8221;off&#8221; featured_image=&#8221;off&#8221; _builder_version=&#8221;4.9.4&#8243; _module_preset=&#8221;default&#8221; title_font=&#8221;Josefin Sans|300|||||||&#8221; title_text_color=&#8221;#ffffff&#8221; title_font_size=&#8221;61px&#8221; title_font_size_tablet=&#8221;&#8221; title_font_size_phone=&#8221;50px&#8221; title_font_size_last_edited=&#8221;on|phone&#8221;][\/et_pb_post_title][\/et_pb_column][\/et_pb_row][\/et_pb_section][et_pb_section fb_built=&#8221;1&#8243; custom_padding_last_edited=&#8221;on|phone&#8221; module_id=&#8221;wk-first-banner&#8221; _builder_version=&#8221;4.9.4&#8243; _module_preset=&#8221;default&#8221; background_color=&#8221;#4F4E56&#8243; background_enable_image=&#8221;off&#8221; positioning=&#8221;none&#8221; position_origin_a=&#8221;top_center&#8221; z_index=&#8221;9999999999&#8243; custom_margin=&#8221;-89px||||false|false&#8221; custom_margin_tablet=&#8221;&#8221; custom_margin_phone=&#8221;-55px||||false|false&#8221; custom_margin_last_edited=&#8221;on|phone&#8221; custom_padding=&#8221;125px||30px||false|false&#8221; custom_padding_tablet=&#8221;&#8221; custom_padding_phone=&#8221;15px||0px||false|false&#8221; background_last_edited=&#8221;off|phone&#8221; use_background_color_gradient_phone=&#8221;off&#8221; background_color_gradient_start_phone=&#8221;rgba(0,0,0,0.5)&#8221; background_image_phone=&#8221;https:\/\/poliklinika-petkovic.hr\/wp-content\/uploads\/2021\/04\/poliklinika-petkovic-mobile.jpg&#8221; background_enable_image_phone=&#8221;on&#8221; saved_tabs=&#8221;all&#8221; title_text_phone=&#8221;poliklinika-petkovic-mobile&#8221; null_phone=&#8221;rgba(0,0,0,0.1)&#8221; global_module=&#8221;31928&#8243;][et_pb_row _builder_version=&#8221;4.7.0&#8243; _module_preset=&#8221;default&#8221;][et_pb_column type=&#8221;4_4&#8243; _builder_version=&#8221;4.7.0&#8243; _module_preset=&#8221;default&#8221;][et_pb_post_title meta=&#8221;off&#8221; featured_image=&#8221;off&#8221; _builder_version=&#8221;4.9.4&#8243; _module_preset=&#8221;default&#8221; title_font=&#8221;Josefin Sans|300|||||||&#8221; title_text_color=&#8221;#ffffff&#8221; title_font_size=&#8221;61px&#8221; title_font_size_tablet=&#8221;&#8221; title_font_size_phone=&#8221;42px&#8221; title_font_size_last_edited=&#8221;on|phone&#8221;][\/et_pb_post_title][\/et_pb_column][\/et_pb_row][\/et_pb_section][et_pb_section fb_built=&#8221;1&#8243; _builder_version=&#8221;4.7.0&#8243; _module_preset=&#8221;default&#8221;][et_pb_row column_structure=&#8221;1_2,1_2&#8243; _builder_version=&#8221;4.7.0&#8243; _module_preset=&#8221;default&#8221;][et_pb_column type=&#8221;1_2&#8243; _builder_version=&#8221;4.7.0&#8243; _module_preset=&#8221;default&#8221; custom_padding=&#8221;5%||||false|false&#8221; custom_padding_tablet=&#8221;&#8221; custom_padding_phone=&#8221;0%||||false|false&#8221; custom_padding_last_edited=&#8221;on|phone&#8221;][et_pb_text _builder_version=&#8221;4.9.4&#8243; _module_preset=&#8221;default&#8221; text_font=&#8221;|300|||||||&#8221; text_font_size=&#8221;17px&#8221; width=&#8221;100%&#8221; width_tablet=&#8221;&#8221; width_phone=&#8221;100%&#8221; width_last_edited=&#8221;on|phone&#8221; module_alignment=&#8221;center&#8221; hover_enabled=&#8221;0&#8243; sticky_enabled=&#8221;0&#8243;]<\/p>\n<p><strong>La malattia pi\u00f9 frequente della cavit\u00e0 orale, dopo le carie, \u00e8 l\u2019infiammazione nota come parodontite.<\/strong><\/p>\n<p>Questa patologia attacca gli organi di sostegno dei denti, ovvero gengiva, osso e legamento parodontale. \u00c8 importante coglierne per tempo i sintomi, in modo da iniziare immediatamente una cura adatta e arrestare il progresso inesorabile della malattia.<\/p>\n<p><a href=\"https:\/\/poliklinika-petkovic.hr\/parodontitis\/#contatto\">Contattaci<\/a><\/p>\n<p>[\/et_pb_text][et_pb_button button_url=&#8221;#kontakt&#8221; button_text=&#8221;Contattaci&#8221; _builder_version=&#8221;4.9.4&#8243; _module_preset=&#8221;default&#8221; custom_button=&#8221;on&#8221; button_text_size=&#8221;21px&#8221; button_border_width=&#8221;1px&#8221; button_font=&#8221;|300|||||||&#8221; hover_enabled=&#8221;0&#8243; sticky_enabled=&#8221;0&#8243;][\/et_pb_button][\/et_pb_column][et_pb_column type=&#8221;1_2&#8243; _builder_version=&#8221;4.7.0&#8243; _module_preset=&#8221;default&#8221;][et_pb_image src=&#8221;https:\/\/poliklinika-petkovic.hr\/wp-content\/uploads\/2021\/06\/STOMATOLOGIJA-WEB-49.jpg&#8221; title_text=&#8221;STOMATOLOGIJA-WEB-49&#8243; _builder_version=&#8221;4.9.4&#8243; _module_preset=&#8221;default&#8221; box_shadow_style=&#8221;preset3&#8243;][\/et_pb_image][\/et_pb_column][\/et_pb_row][et_pb_row column_structure=&#8221;1_2,1_2&#8243; _builder_version=&#8221;4.7.0&#8243; _module_preset=&#8221;default&#8221; custom_padding=&#8221;40px||7px|||&#8221;][et_pb_column type=&#8221;1_2&#8243; _builder_version=&#8221;4.7.0&#8243; _module_preset=&#8221;default&#8221;][et_pb_image src=&#8221;https:\/\/poliklinika-petkovic.hr\/wp-content\/uploads\/2021\/06\/Paradontitis_2.jpg&#8221; title_text=&#8221;Paradontitis_2&#8243; _builder_version=&#8221;4.9.4&#8243; _module_preset=&#8221;default&#8221; box_shadow_style=&#8221;preset3&#8243;][\/et_pb_image][\/et_pb_column][et_pb_column type=&#8221;1_2&#8243; _builder_version=&#8221;4.7.0&#8243; _module_preset=&#8221;default&#8221;][et_pb_text _builder_version=&#8221;4.9.4&#8243; _module_preset=&#8221;default&#8221; text_font=&#8221;|300|||||||&#8221; text_font_size=&#8221;17px&#8221; width=&#8221;100%&#8221; width_tablet=&#8221;&#8221; width_phone=&#8221;100%&#8221; width_last_edited=&#8221;on|phone&#8221; module_alignment=&#8221;center&#8221; hover_enabled=&#8221;0&#8243; sticky_enabled=&#8221;0&#8243;]<\/p>\n<div>\n<p><span lang=\"IT\">L\u2019infiammazione iniziale della gengiva prende il nome di gengivite e rappresenta la forma pi\u00f9 lieve di patologia parodontale. \u00c8 causata da depositi duri e molli (es. tartaro) che contengono batteri patogeni. La gengiva infiammata si gonfia, crea dolore al tocco e sanguina con lo spazzolamento.<\/span><\/p>\n<\/div>\n<div>\n<p><span lang=\"IT\">Se la gengivite non viene trattata in tempi brevi, pu\u00f2 portare all\u2019insorgenza della parodontite.<span class=\"apple-converted-space\">\u00a0<\/span><\/span><\/p>\n<div>\n<p><span lang=\"IT\">Quest\u2019ultima \u00e8 un\u2019infiammazione cronica della gengiva e della struttura che circonda il dente.<span class=\"apple-converted-space\">\u00a0<\/span><\/span><\/p>\n<\/div>\n<div>\n<p><span lang=\"IT\">Arrivando ad intaccare l\u2019osso e i legamenti del dente, causa, conseguentemente, la formazione di tasche gengivali che con il tempo si allargano e provocano prima il traballamento e poi la caduta del dente. Inoltre, \u00e8 importante evidenziare che una parodontite in stato avanzato pu\u00f2 portare alla penetrazione dei batteri nel flusso sanguigno e quindi causare l\u2019insorgenza di varie patologie presso altri organi.<\/span><\/p>\n<\/div>\n<\/div>\n<p>[\/et_pb_text][\/et_pb_column][\/et_pb_row][\/et_pb_section][et_pb_section fb_built=&#8221;1&#8243; custom_padding_last_edited=&#8221;on|phone&#8221; module_id=&#8221;wk-first-banner&#8221; _builder_version=&#8221;4.9.4&#8243; _module_preset=&#8221;default&#8221; background_enable_color=&#8221;off&#8221; use_background_color_gradient=&#8221;on&#8221; background_color_gradient_start=&#8221;rgba(79,78,87,0.5)&#8221; background_color_gradient_end=&#8221;rgba(79,78,87,0.5)&#8221; background_color_gradient_overlays_image=&#8221;on&#8221; background_image=&#8221;https:\/\/poliklinika-petkovic.hr\/wp-content\/uploads\/2021\/06\/Paradontitis_6.jpg&#8221; positioning=&#8221;none&#8221; position_origin_a=&#8221;top_center&#8221; z_index=&#8221;9999999999&#8243; min_height=&#8221;91.7px&#8221; custom_margin=&#8221;62px|||||&#8221; custom_margin_phone=&#8221;-55px||||false|false&#8221; custom_margin_last_edited=&#8221;off|desktop&#8221; custom_padding=&#8221;77px||77px||true|&#8221; custom_padding_tablet=&#8221;&#8221; custom_padding_phone=&#8221;15px||40px||false|false&#8221; saved_tabs=&#8221;all&#8221;][et_pb_row _builder_version=&#8221;4.7.0&#8243; _module_preset=&#8221;default&#8221; max_width=&#8221;80%&#8221;][et_pb_column type=&#8221;4_4&#8243; _builder_version=&#8221;4.7.0&#8243; _module_preset=&#8221;default&#8221;][et_pb_text _builder_version=&#8221;4.9.4&#8243; _module_preset=&#8221;default&#8221; text_text_color=&#8221;#FFFFFF&#8221; text_font_size=&#8221;24px&#8221; text_line_height=&#8221;1.6em&#8221; ul_line_height=&#8221;1.5em&#8221; header_font=&#8221;|300|||||||&#8221; header_text_color=&#8221;#ffffff&#8221; header_font_size=&#8221;75px&#8221; header_2_font=&#8221;|300|||||||&#8221; header_2_text_align=&#8221;left&#8221; header_2_text_color=&#8221;#ffffff&#8221; header_2_font_size=&#8221;47px&#8221; header_2_line_height=&#8221;1.3em&#8221; custom_margin=&#8221;||1px|||&#8221; hover_enabled=&#8221;0&#8243; header_font_size_tablet=&#8221;&#8221; header_font_size_phone=&#8221;60px&#8221; header_font_size_last_edited=&#8221;on|phone&#8221; header_2_font_size_tablet=&#8221;&#8221; header_2_font_size_phone=&#8221;34px&#8221; header_2_font_size_last_edited=&#8221;on|phone&#8221; header_2_line_height_tablet=&#8221;&#8221; header_2_line_height_phone=&#8221;1.3em&#8221; header_2_line_height_last_edited=&#8221;on|desktop&#8221; sticky_enabled=&#8221;0&#8243;]<\/p>\n<p>I sintomi che devono destare sospetto sono:<\/p>\n<ul>\n<li>Sanguinamento delle gengive durante lo spazzolamento<\/li>\n<li>Rossore, gonfiore e sensibilit\u00e0 della gengiva<\/li>\n<li>Problemi di masticazione, comparsa di dolore<\/li>\n<li>Dolore sordo, pressione e tensione nell\u2019area attorno al dente<\/li>\n<li>Denti sani che iniziano a dondolare<\/li>\n<li>Alito cattivo<\/li>\n<li>Ritiro delle gengive con aumentata sensibilit\u00e0 delle radici dentali<\/li>\n<li>Comparsa di spazi interdentali<\/li>\n<li>Rossore<\/li>\n<\/ul>\n<p>[\/et_pb_text][et_pb_button button_url=&#8221;#kontakt&#8221; button_text=&#8221;Inviaci una richiesta&#8221; button_alignment=&#8221;center&#8221; _builder_version=&#8221;4.9.4&#8243; _module_preset=&#8221;default&#8221; custom_button=&#8221;on&#8221; button_text_size=&#8221;22px&#8221; button_text_color=&#8221;#ffffff&#8221; button_border_width=&#8221;1px&#8221; button_border_radius=&#8221;100px&#8221; button_font=&#8221;|300|||||||&#8221; hover_enabled=&#8221;0&#8243; sticky_enabled=&#8221;0&#8243;][\/et_pb_button][\/et_pb_column][\/et_pb_row][\/et_pb_section][et_pb_section fb_built=&#8221;1&#8243; custom_padding_last_edited=&#8221;on|phone&#8221; _builder_version=&#8221;4.9.4&#8243; _module_preset=&#8221;default&#8221; background_enable_color=&#8221;off&#8221; custom_padding=&#8221;0px||2px|||&#8221; custom_padding_tablet=&#8221;&#8221; custom_padding_phone=&#8221;30px||2px||false|false&#8221;][et_pb_row column_structure=&#8221;1_2,1_2&#8243; _builder_version=&#8221;4.7.0&#8243; _module_preset=&#8221;default&#8221;][et_pb_column type=&#8221;1_2&#8243; _builder_version=&#8221;4.7.0&#8243; _module_preset=&#8221;default&#8221; custom_padding=&#8221;5%||||false|false&#8221; custom_padding_tablet=&#8221;&#8221; custom_padding_phone=&#8221;0%||||false|false&#8221; custom_padding_last_edited=&#8221;on|phone&#8221;][et_pb_text _builder_version=&#8221;4.9.4&#8243; _module_preset=&#8221;default&#8221; text_font=&#8221;|300|||||||&#8221; text_font_size=&#8221;17px&#8221; width=&#8221;100%&#8221; width_tablet=&#8221;&#8221; width_phone=&#8221;100%&#8221; width_last_edited=&#8221;on|phone&#8221; module_alignment=&#8221;center&#8221; hover_enabled=&#8221;0&#8243; sticky_enabled=&#8221;0&#8243;]<\/p>\n<p><strong>La terapia per la parodontite \u00e8 articolata in tre fasi.<\/strong><\/p>\n<p>Nella prima fase, dopo aver valutato la profondit\u00e0 delle tasche gengivali e altri parametri, viene avviata una terapia iniziale che comprende la raschiatura di depositi morbidi e duri dalle radici del dente con l\u2019ausilio di strumenti manuali e ad ultrasuoni.<\/p>\n<p>I termini tecnici connessi a questo primo stadio sono quindi raschiatura e levigatura radicolare o pulizia profonda del dente. Questi trattamenti avvengono in anestesia locale e sono quindi indolori. La terapia antibiotica non \u00e8 necessaria per ogni paziente ed \u00e8, in ogni caso, strettamente personalizzata.<\/p>\n<p>&nbsp;<\/p>\n<p>[\/et_pb_text][\/et_pb_column][et_pb_column type=&#8221;1_2&#8243; _builder_version=&#8221;4.7.0&#8243; _module_preset=&#8221;default&#8221;][et_pb_image src=&#8221;https:\/\/poliklinika-petkovic.hr\/wp-content\/uploads\/2021\/06\/STOMATOLOGIJA-WEB-61.jpg&#8221; title_text=&#8221;STOMATOLOGIJA-WEB-61&#8243; _builder_version=&#8221;4.9.4&#8243; _module_preset=&#8221;default&#8221; box_shadow_style=&#8221;preset3&#8243;][\/et_pb_image][\/et_pb_column][\/et_pb_row][et_pb_row column_structure=&#8221;1_2,1_2&#8243; _builder_version=&#8221;4.7.0&#8243; _module_preset=&#8221;default&#8221; custom_padding=&#8221;40px||7px|||&#8221;][et_pb_column type=&#8221;1_2&#8243; _builder_version=&#8221;4.7.0&#8243; _module_preset=&#8221;default&#8221;][et_pb_image src=&#8221;https:\/\/poliklinika-petkovic.hr\/wp-content\/uploads\/2021\/06\/Paradontitis_5.jpg&#8221; title_text=&#8221;Paradontitis_5&#8243; _builder_version=&#8221;4.9.4&#8243; _module_preset=&#8221;default&#8221; box_shadow_style=&#8221;preset3&#8243;][\/et_pb_image][\/et_pb_column][et_pb_column type=&#8221;1_2&#8243; _builder_version=&#8221;4.7.0&#8243; _module_preset=&#8221;default&#8221;][et_pb_text _builder_version=&#8221;4.9.4&#8243; _module_preset=&#8221;default&#8221; text_font=&#8221;|300|||||||&#8221; text_font_size=&#8221;17px&#8221; width=&#8221;100%&#8221; width_tablet=&#8221;&#8221; width_phone=&#8221;100%&#8221; width_last_edited=&#8221;on|phone&#8221; module_alignment=&#8221;center&#8221; hover_enabled=&#8221;0&#8243; sticky_enabled=&#8221;0&#8243;]<\/p>\n<div>\n<p><span lang=\"IT\">Nella seconda fase, il ruolo principale \u00e8 giocato dal paziente. Infatti, questo passaggio prevede la messa in pratica sistematica dell\u2019igiene orale, secondo precise indicazioni date dal dentista.<\/span><\/p>\n<\/div>\n<div>\n<p><span lang=\"IT\">Potrebbero essere previsti anche controlli cadenzati, cos\u00ec come eliminazioni frequenti della placca, per favorire la guarigione della gengiva e la scomparsa dei batteri. Spesso \u00e8 necessario ripetere la prima fase di trattamento dopo qualche mese, qualora la prima pulizia profonda non fosse stata efficace al 100%.<\/span><\/p>\n<\/div>\n<div>\n<p><span lang=\"IT\">La terza fase, invece, riguarda la risoluzione del problema per via chirurgica, qualora la metodologia conservativa non producesse l\u2019effetto desiderato.<\/span><\/p>\n<\/div>\n<p>[\/et_pb_text][\/et_pb_column][\/et_pb_row][\/et_pb_section][et_pb_section fb_built=&#8221;1&#8243; _builder_version=&#8221;4.7.0&#8243; _module_preset=&#8221;default&#8221;][et_pb_row column_structure=&#8221;1_4,1_4,1_4,1_4&#8243; _builder_version=&#8221;4.7.0&#8243; _module_preset=&#8221;default&#8221; custom_padding=&#8221;0px||7px|||&#8221;][et_pb_column type=&#8221;1_4&#8243; _builder_version=&#8221;4.7.0&#8243; _module_preset=&#8221;default&#8221;][et_pb_blurb title=&#8221;Infiammazione della gengiva&#8221; image=&#8221;https:\/\/poliklinika-petkovic.hr\/wp-content\/uploads\/2021\/06\/1.gingivitis.jpg&#8221; image_max_width=&#8221;70%&#8221; image_max_width_tablet=&#8221;&#8221; image_max_width_phone=&#8221;44%&#8221; image_max_width_last_edited=&#8221;on|phone&#8221; _builder_version=&#8221;4.9.4&#8243; _module_preset=&#8221;default&#8221; header_font=&#8221;||||||||&#8221; header_text_align=&#8221;center&#8221; header_font_size=&#8221;19px&#8221; body_font=&#8221;|300|||||||&#8221; body_text_align=&#8221;center&#8221; body_font_size=&#8221;17px&#8221; hover_enabled=&#8221;0&#8243; sticky_enabled=&#8221;0&#8243;][\/et_pb_blurb][\/et_pb_column][et_pb_column type=&#8221;1_4&#8243; _builder_version=&#8221;4.7.0&#8243; _module_preset=&#8221;default&#8221;][et_pb_blurb title=&#8221;Igiene orale &#8211; controlli cadenzati&#8221; image=&#8221;https:\/\/poliklinika-petkovic.hr\/wp-content\/uploads\/2021\/06\/2.oralna_higijena.jpg&#8221; image_max_width=&#8221;70%&#8221; image_max_width_tablet=&#8221;&#8221; image_max_width_phone=&#8221;44%&#8221; image_max_width_last_edited=&#8221;on|phone&#8221; _builder_version=&#8221;4.9.4&#8243; _module_preset=&#8221;default&#8221; header_font=&#8221;||||||||&#8221; header_text_align=&#8221;center&#8221; header_font_size=&#8221;19px&#8221; body_font=&#8221;|300|||||||&#8221; body_text_align=&#8221;center&#8221; body_font_size=&#8221;17px&#8221; hover_enabled=&#8221;0&#8243; sticky_enabled=&#8221;0&#8243;][\/et_pb_blurb][\/et_pb_column][et_pb_column type=&#8221;1_4&#8243; _builder_version=&#8221;4.7.0&#8243; _module_preset=&#8221;default&#8221;][et_pb_blurb title=&#8221;Intervento chirurgico all\u2019occorrenza&#8221; image=&#8221;https:\/\/poliklinika-petkovic.hr\/wp-content\/uploads\/2021\/06\/3.kirurski-zahvat-po-potrebi.jpg&#8221; image_max_width=&#8221;70%&#8221; image_max_width_tablet=&#8221;&#8221; image_max_width_phone=&#8221;44%&#8221; image_max_width_last_edited=&#8221;on|phone&#8221; _builder_version=&#8221;4.9.4&#8243; _module_preset=&#8221;default&#8221; header_font=&#8221;||||||||&#8221; header_text_align=&#8221;center&#8221; header_font_size=&#8221;19px&#8221; body_font=&#8221;|300|||||||&#8221; body_text_align=&#8221;center&#8221; body_font_size=&#8221;17px&#8221; hover_enabled=&#8221;0&#8243; sticky_enabled=&#8221;0&#8243;][\/et_pb_blurb][\/et_pb_column][et_pb_column type=&#8221;1_4&#8243; _builder_version=&#8221;4.7.0&#8243; _module_preset=&#8221;default&#8221;][et_pb_blurb title=&#8221;Denti sani&#8221; image=&#8221;https:\/\/poliklinika-petkovic.hr\/wp-content\/uploads\/2021\/06\/4.zdravi-zubi.jpg&#8221; image_max_width=&#8221;70%&#8221; image_max_width_tablet=&#8221;&#8221; image_max_width_phone=&#8221;44%&#8221; image_max_width_last_edited=&#8221;on|phone&#8221; _builder_version=&#8221;4.9.4&#8243; _module_preset=&#8221;default&#8221; header_font=&#8221;||||||||&#8221; header_text_align=&#8221;center&#8221; header_font_size=&#8221;19px&#8221; body_font=&#8221;|300|||||||&#8221; body_text_align=&#8221;center&#8221; body_font_size=&#8221;17px&#8221; hover_enabled=&#8221;0&#8243; sticky_enabled=&#8221;0&#8243;][\/et_pb_blurb][\/et_pb_column][\/et_pb_row][\/et_pb_section]<\/p>\n","protected":false},"excerpt":{"rendered":"<p>Naj\u010de\u0161\u0107a bolest usne \u0161upljine, nakon zubnog karijesa, kod ve\u0107ine ljudi jest upala parodontnog tkiva, poznata pod nazivom parodontitis.<\/p>\n","protected":false},"author":2,"featured_media":0,"parent":0,"menu_order":0,"comment_status":"closed","ping_status":"closed","template":"","meta":{"_et_pb_use_builder":"on","_et_pb_old_content":"","_et_gb_content_width":"","footnotes":""},"class_list":["post-33011","page","type-page","status-publish","hentry"],"yoast_head":"<!-- This site is optimized with the Yoast SEO plugin v22.3 - https:\/\/yoast.com\/wordpress\/plugins\/seo\/ -->\n<title>Parodontite - Poliklinika Petkovi\u0107<\/title>\n<meta name=\"description\" content=\"Naj\u010de\u0161\u0107a bolest usne \u0161upljine, nakon zubnog karijesa, kod ve\u0107ine ljudi jest upala parodontnog tkiva, poznata pod nazivom parodontitis.\" \/>\n<meta name=\"robots\" content=\"index, follow, max-snippet:-1, max-image-preview:large, max-video-preview:-1\" \/>\n<link rel=\"canonical\" href=\"https:\/\/poliklinika-petkovic.hr\/parodontitis\/\" \/>\n<meta property=\"og:locale\" content=\"it_IT\" \/>\n<meta property=\"og:type\" content=\"article\" \/>\n<meta property=\"og:title\" content=\"Parodontite - Poliklinika Petkovi\u0107\" \/>\n<meta property=\"og:description\" content=\"Naj\u010de\u0161\u0107a bolest usne \u0161upljine, nakon zubnog karijesa, kod ve\u0107ine ljudi jest upala parodontnog tkiva, poznata pod nazivom parodontitis.\" \/>\n<meta property=\"og:url\" content=\"https:\/\/poliklinika-petkovic.hr\/parodontitis\/\" \/>\n<meta property=\"og:site_name\" content=\"Poliklinika Petkovi\u0107\" \/>\n<meta property=\"article:modified_time\" content=\"2023-02-13T14:41:22+00:00\" \/>\n<meta name=\"twitter:card\" content=\"summary_large_image\" \/>\n<meta name=\"twitter:label1\" content=\"Tempo di lettura stimato\" \/>\n\t<meta name=\"twitter:data1\" content=\"4 minuti\" \/>\n<script type=\"application\/ld+json\" class=\"yoast-schema-graph\">{\"@context\":\"https:\/\/schema.org\",\"@graph\":[{\"@type\":\"WebPage\",\"@id\":\"https:\/\/poliklinika-petkovic.hr\/parodontitis\/\",\"url\":\"https:\/\/poliklinika-petkovic.hr\/parodontitis\/\",\"name\":\"Parodontite - Poliklinika Petkovi\u0107\",\"isPartOf\":{\"@id\":\"https:\/\/poliklinika-petkovic.hr\/#website\"},\"datePublished\":\"2021-06-21T19:27:59+00:00\",\"dateModified\":\"2023-02-13T14:41:22+00:00\",\"description\":\"Naj\u010de\u0161\u0107a bolest usne \u0161upljine, nakon zubnog karijesa, kod ve\u0107ine ljudi jest upala parodontnog tkiva, poznata pod nazivom parodontitis.\",\"breadcrumb\":{\"@id\":\"https:\/\/poliklinika-petkovic.hr\/parodontitis\/#breadcrumb\"},\"inLanguage\":\"it-IT\",\"potentialAction\":[{\"@type\":\"ReadAction\",\"target\":[\"https:\/\/poliklinika-petkovic.hr\/parodontitis\/\"]}]},{\"@type\":\"BreadcrumbList\",\"@id\":\"https:\/\/poliklinika-petkovic.hr\/parodontitis\/#breadcrumb\",\"itemListElement\":[{\"@type\":\"ListItem\",\"position\":1,\"name\":\"Po\u010detna stranica\",\"item\":\"https:\/\/poliklinika-petkovic.hr\/it\/\"},{\"@type\":\"ListItem\",\"position\":2,\"name\":\"Parodontite\"}]},{\"@type\":\"WebSite\",\"@id\":\"https:\/\/poliklinika-petkovic.hr\/#website\",\"url\":\"https:\/\/poliklinika-petkovic.hr\/\",\"name\":\"Poliklinika Petkovi\u0107\",\"description\":\"\",\"potentialAction\":[{\"@type\":\"SearchAction\",\"target\":{\"@type\":\"EntryPoint\",\"urlTemplate\":\"https:\/\/poliklinika-petkovic.hr\/?s={search_term_string}\"},\"query-input\":\"required name=search_term_string\"}],\"inLanguage\":\"it-IT\"}]}<\/script>\n<!-- \/ Yoast SEO plugin. -->","yoast_head_json":{"title":"Parodontite - Poliklinika Petkovi\u0107","description":"Naj\u010de\u0161\u0107a bolest usne \u0161upljine, nakon zubnog karijesa, kod ve\u0107ine ljudi jest upala parodontnog tkiva, poznata pod nazivom parodontitis.","robots":{"index":"index","follow":"follow","max-snippet":"max-snippet:-1","max-image-preview":"max-image-preview:large","max-video-preview":"max-video-preview:-1"},"canonical":"https:\/\/poliklinika-petkovic.hr\/parodontitis\/","og_locale":"it_IT","og_type":"article","og_title":"Parodontite - Poliklinika Petkovi\u0107","og_description":"Naj\u010de\u0161\u0107a bolest usne \u0161upljine, nakon zubnog karijesa, kod ve\u0107ine ljudi jest upala parodontnog tkiva, poznata pod nazivom parodontitis.","og_url":"https:\/\/poliklinika-petkovic.hr\/parodontitis\/","og_site_name":"Poliklinika Petkovi\u0107","article_modified_time":"2023-02-13T14:41:22+00:00","twitter_card":"summary_large_image","twitter_misc":{"Tempo di lettura stimato":"4 minuti"},"schema":{"@context":"https:\/\/schema.org","@graph":[{"@type":"WebPage","@id":"https:\/\/poliklinika-petkovic.hr\/parodontitis\/","url":"https:\/\/poliklinika-petkovic.hr\/parodontitis\/","name":"Parodontite - Poliklinika Petkovi\u0107","isPartOf":{"@id":"https:\/\/poliklinika-petkovic.hr\/#website"},"datePublished":"2021-06-21T19:27:59+00:00","dateModified":"2023-02-13T14:41:22+00:00","description":"Naj\u010de\u0161\u0107a bolest usne \u0161upljine, nakon zubnog karijesa, kod ve\u0107ine ljudi jest upala parodontnog tkiva, poznata pod nazivom parodontitis.","breadcrumb":{"@id":"https:\/\/poliklinika-petkovic.hr\/parodontitis\/#breadcrumb"},"inLanguage":"it-IT","potentialAction":[{"@type":"ReadAction","target":["https:\/\/poliklinika-petkovic.hr\/parodontitis\/"]}]},{"@type":"BreadcrumbList","@id":"https:\/\/poliklinika-petkovic.hr\/parodontitis\/#breadcrumb","itemListElement":[{"@type":"ListItem","position":1,"name":"Po\u010detna stranica","item":"https:\/\/poliklinika-petkovic.hr\/it\/"},{"@type":"ListItem","position":2,"name":"Parodontite"}]},{"@type":"WebSite","@id":"https:\/\/poliklinika-petkovic.hr\/#website","url":"https:\/\/poliklinika-petkovic.hr\/","name":"Poliklinika Petkovi\u0107","description":"","potentialAction":[{"@type":"SearchAction","target":{"@type":"EntryPoint","urlTemplate":"https:\/\/poliklinika-petkovic.hr\/?s={search_term_string}"},"query-input":"required name=search_term_string"}],"inLanguage":"it-IT"}]}},"_links":{"self":[{"href":"https:\/\/poliklinika-petkovic.hr\/it\/wp-json\/wp\/v2\/pages\/33011","targetHints":{"allow":["GET"]}}],"collection":[{"href":"https:\/\/poliklinika-petkovic.hr\/it\/wp-json\/wp\/v2\/pages"}],"about":[{"href":"https:\/\/poliklinika-petkovic.hr\/it\/wp-json\/wp\/v2\/types\/page"}],"author":[{"embeddable":true,"href":"https:\/\/poliklinika-petkovic.hr\/it\/wp-json\/wp\/v2\/users\/2"}],"replies":[{"embeddable":true,"href":"https:\/\/poliklinika-petkovic.hr\/it\/wp-json\/wp\/v2\/comments?post=33011"}],"version-history":[{"count":3,"href":"https:\/\/poliklinika-petkovic.hr\/it\/wp-json\/wp\/v2\/pages\/33011\/revisions"}],"predecessor-version":[{"id":33123,"href":"https:\/\/poliklinika-petkovic.hr\/it\/wp-json\/wp\/v2\/pages\/33011\/revisions\/33123"}],"wp:attachment":[{"href":"https:\/\/poliklinika-petkovic.hr\/it\/wp-json\/wp\/v2\/media?parent=33011"}],"curies":[{"name":"wp","href":"https:\/\/api.w.org\/{rel}","templated":true}]}}