{"id":33024,"date":"2021-05-10T16:15:19","date_gmt":"2021-05-10T15:15:19","guid":{"rendered":"https:\/\/poliklinika-petkovic.hr\/akne\/"},"modified":"2023-01-23T13:06:18","modified_gmt":"2023-01-23T12:06:18","slug":"acne","status":"publish","type":"page","link":"https:\/\/poliklinika-petkovic.hr\/it\/acne\/","title":{"rendered":"Acne"},"content":{"rendered":"<p>[et_pb_section fb_built=&#8221;1&#8243; custom_padding_last_edited=&#8221;on|phone&#8221; module_id=&#8221;wk-first-banner&#8221; _builder_version=&#8221;4.9.4&#8243; _module_preset=&#8221;default&#8221; background_color=&#8221;#4F4E56&#8243; background_enable_image=&#8221;off&#8221; positioning=&#8221;none&#8221; position_origin_a=&#8221;top_center&#8221; z_index=&#8221;9999999999&#8243; custom_margin=&#8221;-89px||||false|false&#8221; custom_margin_tablet=&#8221;&#8221; custom_margin_phone=&#8221;-55px||||false|false&#8221; custom_margin_last_edited=&#8221;on|phone&#8221; custom_padding=&#8221;125px||30px||false|false&#8221; custom_padding_tablet=&#8221;&#8221; custom_padding_phone=&#8221;15px||0px||false|false&#8221; background_last_edited=&#8221;off|phone&#8221; use_background_color_gradient_phone=&#8221;off&#8221; background_color_gradient_start_phone=&#8221;rgba(0,0,0,0.5)&#8221; background_image_phone=&#8221;https:\/\/poliklinika-petkovic.hr\/wp-content\/uploads\/2021\/04\/poliklinika-petkovic-mobile.jpg&#8221; background_enable_image_phone=&#8221;on&#8221; saved_tabs=&#8221;all&#8221; title_text_phone=&#8221;poliklinika-petkovic-mobile&#8221; null_phone=&#8221;rgba(0,0,0,0.1)&#8221;][et_pb_row _builder_version=&#8221;4.7.0&#8243; _module_preset=&#8221;default&#8221;][et_pb_column type=&#8221;4_4&#8243; _builder_version=&#8221;4.7.0&#8243; _module_preset=&#8221;default&#8221;][et_pb_post_title meta=&#8221;off&#8221; featured_image=&#8221;off&#8221; _builder_version=&#8221;4.9.4&#8243; _module_preset=&#8221;default&#8221; title_font=&#8221;Josefin Sans|300|||||||&#8221; title_text_color=&#8221;#ffffff&#8221; title_font_size=&#8221;61px&#8221; title_font_size_tablet=&#8221;&#8221; title_font_size_phone=&#8221;50px&#8221; title_font_size_last_edited=&#8221;on|phone&#8221;][\/et_pb_post_title][\/et_pb_column][\/et_pb_row][\/et_pb_section][et_pb_section fb_built=&#8221;1&#8243; custom_padding_last_edited=&#8221;on|phone&#8221; module_id=&#8221;wk-first-banner&#8221; _builder_version=&#8221;4.9.4&#8243; _module_preset=&#8221;default&#8221; background_color=&#8221;#4F4E56&#8243; background_enable_image=&#8221;off&#8221; positioning=&#8221;none&#8221; position_origin_a=&#8221;top_center&#8221; z_index=&#8221;9999999999&#8243; custom_margin=&#8221;-89px||||false|false&#8221; custom_margin_tablet=&#8221;&#8221; custom_margin_phone=&#8221;-55px||||false|false&#8221; custom_margin_last_edited=&#8221;on|phone&#8221; custom_padding=&#8221;125px||30px||false|false&#8221; custom_padding_tablet=&#8221;&#8221; custom_padding_phone=&#8221;15px||0px||false|false&#8221; background_last_edited=&#8221;off|phone&#8221; use_background_color_gradient_phone=&#8221;off&#8221; background_color_gradient_start_phone=&#8221;rgba(0,0,0,0.5)&#8221; background_image_phone=&#8221;https:\/\/poliklinika-petkovic.hr\/wp-content\/uploads\/2021\/04\/poliklinika-petkovic-mobile.jpg&#8221; background_enable_image_phone=&#8221;on&#8221; saved_tabs=&#8221;all&#8221; title_text_phone=&#8221;poliklinika-petkovic-mobile&#8221; null_phone=&#8221;rgba(0,0,0,0.1)&#8221; global_module=&#8221;31928&#8243;][et_pb_row _builder_version=&#8221;4.7.0&#8243; _module_preset=&#8221;default&#8221;][et_pb_column type=&#8221;4_4&#8243; _builder_version=&#8221;4.7.0&#8243; _module_preset=&#8221;default&#8221;][et_pb_post_title meta=&#8221;off&#8221; featured_image=&#8221;off&#8221; _builder_version=&#8221;4.9.4&#8243; _module_preset=&#8221;default&#8221; title_font=&#8221;Josefin Sans|300|||||||&#8221; title_text_color=&#8221;#ffffff&#8221; title_font_size=&#8221;61px&#8221; title_font_size_tablet=&#8221;&#8221; title_font_size_phone=&#8221;42px&#8221; title_font_size_last_edited=&#8221;on|phone&#8221;][\/et_pb_post_title][\/et_pb_column][\/et_pb_row][\/et_pb_section][et_pb_section fb_built=&#8221;1&#8243; _builder_version=&#8221;4.7.0&#8243; _module_preset=&#8221;default&#8221;][et_pb_row column_structure=&#8221;1_2,1_2&#8243; _builder_version=&#8221;4.9.4&#8243; _module_preset=&#8221;default&#8221;][et_pb_column type=&#8221;1_2&#8243; _builder_version=&#8221;4.9.4&#8243; _module_preset=&#8221;default&#8221; custom_padding=&#8221;||||false|false&#8221; custom_padding_tablet=&#8221;&#8221; custom_padding_phone=&#8221;0%||||false|false&#8221; custom_padding_last_edited=&#8221;on|phone&#8221;][et_pb_text _builder_version=&#8221;4.9.4&#8243; _module_preset=&#8221;default&#8221; text_font=&#8221;|300|||||||&#8221; text_font_size=&#8221;17px&#8221; width=&#8221;100%&#8221; width_tablet=&#8221;&#8221; width_phone=&#8221;100%&#8221; width_last_edited=&#8221;on|phone&#8221; module_alignment=&#8221;center&#8221; hover_enabled=&#8221;0&#8243; sticky_enabled=&#8221;0&#8243;]<\/p>\n<div>\n<p><strong><span lang=\"IT\">Evita la comparsa dell\u2019acne con trattamenti adatti alla tua pelle e uno stile di vita sano<\/span><\/strong><\/p>\n<\/div>\n<div>\n<p><span lang=\"IT\">L\u2019<em>Acne vulgaris<\/em>\u00a0\u00e8 una delle malattie cutanee pi\u00f9 frequenti: secondo alcuni sondaggi, colpisce ben l\u201980% degli adolescenti, ma si pu\u00f2 manifestare anche in et\u00e0 adulta. Questa patologia interessa le unit\u00e0 pilosebacee e si manifesta attraverso la comparsa di comedoni, pustole, noduli, cisti, ecc. L\u2019acne riguarda perlopi\u00f9 il viso, la schiena, le spalle e il d\u00e9collet\u00e9. Un ruolo importante nella comparsa dell\u2019acne \u00e8 giocato, oltre che dalla predisposizione genetica, dallo stile di vita, ovvero da elementi come il cibo, lo stress, gli sbalzi ormonali, la presenza di determinati batteri, l\u2019uso di prodotti cosmetici inadeguati e cos\u00ec via.\u00a0<\/span><\/p>\n<\/div>\n<p>[\/et_pb_text][et_pb_button button_url=&#8221;#kontakt&#8221; button_text=&#8221;Contattaci&#8221; _builder_version=&#8221;4.9.4&#8243; _module_preset=&#8221;default&#8221; custom_button=&#8221;on&#8221; button_text_size=&#8221;21px&#8221; button_border_width=&#8221;1px&#8221; button_font=&#8221;|300|||||||&#8221; hover_enabled=&#8221;0&#8243; sticky_enabled=&#8221;0&#8243;][\/et_pb_button][\/et_pb_column][et_pb_column type=&#8221;1_2&#8243; _builder_version=&#8221;4.7.0&#8243; _module_preset=&#8221;default&#8221;][et_pb_image src=&#8221;https:\/\/poliklinika-petkovic.hr\/wp-content\/uploads\/2021\/05\/akne-slika1.jpg&#8221; title_text=&#8221;akne-slika1&#8243; _builder_version=&#8221;4.9.4&#8243; _module_preset=&#8221;default&#8221; box_shadow_style=&#8221;preset3&#8243;][\/et_pb_image][\/et_pb_column][\/et_pb_row][\/et_pb_section][et_pb_section fb_built=&#8221;1&#8243; custom_padding_last_edited=&#8221;on|phone&#8221; _builder_version=&#8221;4.9.4&#8243; _module_preset=&#8221;default&#8221; background_enable_color=&#8221;off&#8221; use_background_color_gradient=&#8221;on&#8221; background_color_gradient_start=&#8221;rgba(79,78,87,0.5)&#8221; background_color_gradient_end=&#8221;rgba(79,78,87,0.5)&#8221; background_color_gradient_overlays_image=&#8221;on&#8221; background_image=&#8221;https:\/\/poliklinika-petkovic.hr\/wp-content\/uploads\/2021\/05\/akne-slika3.jpg&#8221; positioning=&#8221;none&#8221; position_origin_a=&#8221;top_center&#8221; z_index=&#8221;9999999999&#8243; custom_margin_phone=&#8221;-55px||||false|false&#8221; custom_margin_last_edited=&#8221;off|desktop&#8221; custom_padding=&#8221;189px||189px||true|&#8221; custom_padding_tablet=&#8221;&#8221; custom_padding_phone=&#8221;15px||40px||false|false&#8221; saved_tabs=&#8221;all&#8221;][et_pb_row _builder_version=&#8221;4.7.0&#8243; _module_preset=&#8221;default&#8221; max_width=&#8221;80%&#8221;][et_pb_column type=&#8221;4_4&#8243; _builder_version=&#8221;4.7.0&#8243; _module_preset=&#8221;default&#8221;][et_pb_text _builder_version=&#8221;4.9.4&#8243; _module_preset=&#8221;default&#8221; text_text_color=&#8221;#FFFFFF&#8221; text_font_size=&#8221;23px&#8221; header_text_align=&#8221;left&#8221; header_3_font=&#8221;|300|||||||&#8221; header_3_text_align=&#8221;left&#8221; header_3_text_color=&#8221;#FFFFFF&#8221; header_3_font_size=&#8221;37px&#8221; header_3_line_height=&#8221;1.5em&#8221; text_orientation=&#8221;center&#8221; custom_margin=&#8221;||23px|||&#8221; hover_enabled=&#8221;0&#8243; sticky_enabled=&#8221;0&#8243;]<\/p>\n<h3>Per impedire la comparsa delle cicatrici da acne, \u00e8 necessario agire velocemente!<\/h3>\n<p>[\/et_pb_text][et_pb_button button_url=&#8221;#kontakt&#8221; button_text=&#8221;Prenota un appuntamento&#8221; button_alignment=&#8221;left&#8221; _builder_version=&#8221;4.9.4&#8243; _module_preset=&#8221;default&#8221; custom_button=&#8221;on&#8221; button_text_size=&#8221;22px&#8221; button_text_color=&#8221;#ffffff&#8221; button_border_width=&#8221;1px&#8221; button_border_radius=&#8221;100px&#8221; button_font=&#8221;|300|||||||&#8221; custom_margin=&#8221;|||1px|false|false&#8221; hover_enabled=&#8221;0&#8243; sticky_enabled=&#8221;0&#8243;][\/et_pb_button][\/et_pb_column][\/et_pb_row][\/et_pb_section][et_pb_section fb_built=&#8221;1&#8243; _builder_version=&#8221;4.9.4&#8243; _module_preset=&#8221;default&#8221;][et_pb_row column_structure=&#8221;1_2,1_2&#8243; _builder_version=&#8221;4.7.0&#8243; _module_preset=&#8221;default&#8221; custom_padding=&#8221;40px||7px|||&#8221;][et_pb_column type=&#8221;1_2&#8243; _builder_version=&#8221;4.7.0&#8243; _module_preset=&#8221;default&#8221;][et_pb_image src=&#8221;https:\/\/poliklinika-petkovic.hr\/wp-content\/uploads\/2021\/05\/akne-slika2.jpg&#8221; title_text=&#8221;akne-slika2&#8243; _builder_version=&#8221;4.9.4&#8243; _module_preset=&#8221;default&#8221; box_shadow_style=&#8221;preset3&#8243;][\/et_pb_image][\/et_pb_column][et_pb_column type=&#8221;1_2&#8243; _builder_version=&#8221;4.7.0&#8243; _module_preset=&#8221;default&#8221;][et_pb_text _builder_version=&#8221;4.9.4&#8243; _module_preset=&#8221;default&#8221; text_font=&#8221;|300|||||||&#8221; text_font_size=&#8221;17px&#8221; width=&#8221;100%&#8221; width_tablet=&#8221;&#8221; width_phone=&#8221;100%&#8221; width_last_edited=&#8221;on|phone&#8221; module_alignment=&#8221;center&#8221; custom_padding=&#8221;||0px|||&#8221; hover_enabled=&#8221;0&#8243; sticky_enabled=&#8221;0&#8243;]<\/p>\n<p>La diagnosi di acne prevede una visita specialistica accurata e una sua categorizzazione in una delle tipologie comunemente individuate. A seconda della severit\u00e0, infatti, l\u2019acne pu\u00f2 essere lieve, media o grave. Spesso l\u2019acne lascia dietro di s\u00e9 alcune cicatrici, che possono essere evitate solo agendo rapidamente. Il singolo paziente viene\u00a0curato a seconda della tipologia e della severit\u00e0 dell\u2019acne che presenta. In presenza di questa patologia, \u00e8 necessario effettuare visite dermatologiche cadenzate in quanto l\u2019acne pu\u00f2 modificarsi a seguito della terapia e, di conseguenza, pu\u00f2 essere necessario variare la cura per tenere il fenomeno sotto controllo.<\/p>\n<p>&nbsp;<\/p>\n<div>\u00a0<\/div>\n<div>\u00a0<\/div>\n<p>.<\/p>\n<p>[\/et_pb_text][\/et_pb_column][\/et_pb_row][et_pb_row _builder_version=&#8221;4.9.4&#8243; _module_preset=&#8221;default&#8221; hover_enabled=&#8221;0&#8243; sticky_enabled=&#8221;0&#8243;][et_pb_column type=&#8221;4_4&#8243; _builder_version=&#8221;4.9.4&#8243; _module_preset=&#8221;default&#8221;][et_pb_accordion _builder_version=&#8221;4.9.4&#8243; _module_preset=&#8221;default&#8221; hover_enabled=&#8221;0&#8243; sticky_enabled=&#8221;0&#8243;][et_pb_accordion_item open=&#8221;on&#8221; _builder_version=&#8221;4.9.4&#8243; _module_preset=&#8221;default&#8221; hover_enabled=&#8221;0&#8243; sticky_enabled=&#8221;0&#8243;]<\/p>\n<p style=\"text-align: center;\">Frequentemente, l\u2019acne pu\u00f2 portare alla formazione di cicatrici o macchie. L\u2019iper-pigmentazione post-infiammatoria, per esempio, non \u00e8 una cicatrice vera e propria e spesso ha natura transitoria, nonostante in alcuni casi possa durare anche pi\u00f9 di un anno. Questo fenomeno si manifesta con macchie che si formano nel punto in cui era presente l\u2019infiammazione. Con i trattamenti adeguati, \u00e8 possibile ridurre il periodo di manifestazione dell\u2019iper-pigmentazione. Le cicatrici, invece, possono trovarsi sotto il livello della pelle (cicatrici atrofiche) o sopra di esso (cicatrici ipertrofiche). Per esempio, nell\u2019area del viso, tendono a comparire maggiormente cicatrici atrofiche, che possono essere classificate, a propria volta, per forma e profondit\u00e0. La cura delle cicatrici da acne \u00e8 un processo lungo che richiede un\u2019eccellente collaborazione tra medico e paziente, in quanto spesso prevede la combinazione di diversi metodi terapeutici.<\/p>\n<p>[\/et_pb_accordion_item][\/et_pb_accordion][\/et_pb_column][\/et_pb_row][\/et_pb_section]<\/p>\n","protected":false},"excerpt":{"rendered":"<p>Sprije\u010dite pojavu akni na vrijeme pravilnom njegom ko\u017ee i zdravim na\u010dinom \u017eivota. Acne vulgaris su jedna od naj\u010de\u0161\u0107ih bolesti ko\u017ee, koja prema nekim istra\u017eivanja zahva\u0107aju \u010dak 80% osoba u pubertetu, mada se mogu javiti i u kasnijoj \u017eivotnoj dobi.<\/p>\n","protected":false},"author":2,"featured_media":0,"parent":0,"menu_order":0,"comment_status":"closed","ping_status":"closed","template":"","meta":{"_et_pb_use_builder":"on","_et_pb_old_content":"","_et_gb_content_width":"","footnotes":""},"class_list":["post-33024","page","type-page","status-publish","hentry"],"yoast_head":"<!-- This site is optimized with the Yoast SEO plugin v22.3 - https:\/\/yoast.com\/wordpress\/plugins\/seo\/ -->\n<title>Acne - Poliklinika Petkovi\u0107<\/title>\n<meta name=\"description\" content=\"Sprije\u010dite pojavu akni na vrijeme pravilnom njegom ko\u017ee i zdravim na\u010dinom \u017eivota. Dovedite svoju ko\u017eu u prirodni balans uz dr.Mikelu Petkovi\u0107\" \/>\n<meta name=\"robots\" content=\"index, follow, max-snippet:-1, max-image-preview:large, max-video-preview:-1\" \/>\n<link rel=\"canonical\" href=\"https:\/\/poliklinika-petkovic.hr\/akne\/\" \/>\n<meta property=\"og:locale\" content=\"it_IT\" \/>\n<meta property=\"og:type\" content=\"article\" \/>\n<meta property=\"og:title\" content=\"Acne - Poliklinika Petkovi\u0107\" \/>\n<meta property=\"og:description\" content=\"Sprije\u010dite pojavu akni na vrijeme pravilnom njegom ko\u017ee i zdravim na\u010dinom \u017eivota. Dovedite svoju ko\u017eu u prirodni balans uz dr.Mikelu Petkovi\u0107\" \/>\n<meta property=\"og:url\" content=\"https:\/\/poliklinika-petkovic.hr\/akne\/\" \/>\n<meta property=\"og:site_name\" content=\"Poliklinika Petkovi\u0107\" \/>\n<meta property=\"article:modified_time\" content=\"2023-01-23T12:06:18+00:00\" \/>\n<meta name=\"twitter:card\" content=\"summary_large_image\" \/>\n<meta name=\"twitter:label1\" content=\"Tempo di lettura stimato\" \/>\n\t<meta name=\"twitter:data1\" content=\"7 minuti\" \/>\n<script type=\"application\/ld+json\" class=\"yoast-schema-graph\">{\"@context\":\"https:\/\/schema.org\",\"@graph\":[{\"@type\":\"WebPage\",\"@id\":\"https:\/\/poliklinika-petkovic.hr\/akne\/\",\"url\":\"https:\/\/poliklinika-petkovic.hr\/akne\/\",\"name\":\"Acne - Poliklinika Petkovi\u0107\",\"isPartOf\":{\"@id\":\"https:\/\/poliklinika-petkovic.hr\/#website\"},\"datePublished\":\"2021-05-10T15:15:19+00:00\",\"dateModified\":\"2023-01-23T12:06:18+00:00\",\"description\":\"Sprije\u010dite pojavu akni na vrijeme pravilnom njegom ko\u017ee i zdravim na\u010dinom \u017eivota. Dovedite svoju ko\u017eu u prirodni balans uz dr.Mikelu Petkovi\u0107\",\"breadcrumb\":{\"@id\":\"https:\/\/poliklinika-petkovic.hr\/akne\/#breadcrumb\"},\"inLanguage\":\"it-IT\",\"potentialAction\":[{\"@type\":\"ReadAction\",\"target\":[\"https:\/\/poliklinika-petkovic.hr\/akne\/\"]}]},{\"@type\":\"BreadcrumbList\",\"@id\":\"https:\/\/poliklinika-petkovic.hr\/akne\/#breadcrumb\",\"itemListElement\":[{\"@type\":\"ListItem\",\"position\":1,\"name\":\"Po\u010detna stranica\",\"item\":\"https:\/\/poliklinika-petkovic.hr\/it\/\"},{\"@type\":\"ListItem\",\"position\":2,\"name\":\"Acne\"}]},{\"@type\":\"WebSite\",\"@id\":\"https:\/\/poliklinika-petkovic.hr\/#website\",\"url\":\"https:\/\/poliklinika-petkovic.hr\/\",\"name\":\"Poliklinika Petkovi\u0107\",\"description\":\"\",\"potentialAction\":[{\"@type\":\"SearchAction\",\"target\":{\"@type\":\"EntryPoint\",\"urlTemplate\":\"https:\/\/poliklinika-petkovic.hr\/?s={search_term_string}\"},\"query-input\":\"required name=search_term_string\"}],\"inLanguage\":\"it-IT\"}]}<\/script>\n<!-- \/ Yoast SEO plugin. -->","yoast_head_json":{"title":"Acne - Poliklinika Petkovi\u0107","description":"Sprije\u010dite pojavu akni na vrijeme pravilnom njegom ko\u017ee i zdravim na\u010dinom \u017eivota. Dovedite svoju ko\u017eu u prirodni balans uz dr.Mikelu Petkovi\u0107","robots":{"index":"index","follow":"follow","max-snippet":"max-snippet:-1","max-image-preview":"max-image-preview:large","max-video-preview":"max-video-preview:-1"},"canonical":"https:\/\/poliklinika-petkovic.hr\/akne\/","og_locale":"it_IT","og_type":"article","og_title":"Acne - Poliklinika Petkovi\u0107","og_description":"Sprije\u010dite pojavu akni na vrijeme pravilnom njegom ko\u017ee i zdravim na\u010dinom \u017eivota. Dovedite svoju ko\u017eu u prirodni balans uz dr.Mikelu Petkovi\u0107","og_url":"https:\/\/poliklinika-petkovic.hr\/akne\/","og_site_name":"Poliklinika Petkovi\u0107","article_modified_time":"2023-01-23T12:06:18+00:00","twitter_card":"summary_large_image","twitter_misc":{"Tempo di lettura stimato":"7 minuti"},"schema":{"@context":"https:\/\/schema.org","@graph":[{"@type":"WebPage","@id":"https:\/\/poliklinika-petkovic.hr\/akne\/","url":"https:\/\/poliklinika-petkovic.hr\/akne\/","name":"Acne - Poliklinika Petkovi\u0107","isPartOf":{"@id":"https:\/\/poliklinika-petkovic.hr\/#website"},"datePublished":"2021-05-10T15:15:19+00:00","dateModified":"2023-01-23T12:06:18+00:00","description":"Sprije\u010dite pojavu akni na vrijeme pravilnom njegom ko\u017ee i zdravim na\u010dinom \u017eivota. Dovedite svoju ko\u017eu u prirodni balans uz dr.Mikelu Petkovi\u0107","breadcrumb":{"@id":"https:\/\/poliklinika-petkovic.hr\/akne\/#breadcrumb"},"inLanguage":"it-IT","potentialAction":[{"@type":"ReadAction","target":["https:\/\/poliklinika-petkovic.hr\/akne\/"]}]},{"@type":"BreadcrumbList","@id":"https:\/\/poliklinika-petkovic.hr\/akne\/#breadcrumb","itemListElement":[{"@type":"ListItem","position":1,"name":"Po\u010detna stranica","item":"https:\/\/poliklinika-petkovic.hr\/it\/"},{"@type":"ListItem","position":2,"name":"Acne"}]},{"@type":"WebSite","@id":"https:\/\/poliklinika-petkovic.hr\/#website","url":"https:\/\/poliklinika-petkovic.hr\/","name":"Poliklinika Petkovi\u0107","description":"","potentialAction":[{"@type":"SearchAction","target":{"@type":"EntryPoint","urlTemplate":"https:\/\/poliklinika-petkovic.hr\/?s={search_term_string}"},"query-input":"required name=search_term_string"}],"inLanguage":"it-IT"}]}},"_links":{"self":[{"href":"https:\/\/poliklinika-petkovic.hr\/it\/wp-json\/wp\/v2\/pages\/33024","targetHints":{"allow":["GET"]}}],"collection":[{"href":"https:\/\/poliklinika-petkovic.hr\/it\/wp-json\/wp\/v2\/pages"}],"about":[{"href":"https:\/\/poliklinika-petkovic.hr\/it\/wp-json\/wp\/v2\/types\/page"}],"author":[{"embeddable":true,"href":"https:\/\/poliklinika-petkovic.hr\/it\/wp-json\/wp\/v2\/users\/2"}],"replies":[{"embeddable":true,"href":"https:\/\/poliklinika-petkovic.hr\/it\/wp-json\/wp\/v2\/comments?post=33024"}],"version-history":[{"count":2,"href":"https:\/\/poliklinika-petkovic.hr\/it\/wp-json\/wp\/v2\/pages\/33024\/revisions"}],"predecessor-version":[{"id":33027,"href":"https:\/\/poliklinika-petkovic.hr\/it\/wp-json\/wp\/v2\/pages\/33024\/revisions\/33027"}],"wp:attachment":[{"href":"https:\/\/poliklinika-petkovic.hr\/it\/wp-json\/wp\/v2\/media?parent=33024"}],"curies":[{"name":"wp","href":"https:\/\/api.w.org\/{rel}","templated":true}]}}