{"id":33069,"date":"2021-04-30T09:11:12","date_gmt":"2021-04-30T08:11:12","guid":{"rendered":"https:\/\/poliklinika-petkovic.hr\/antiaging-savjetovanje\/"},"modified":"2023-02-13T16:45:43","modified_gmt":"2023-02-13T15:45:43","slug":"consigli-sullantiaging","status":"publish","type":"page","link":"https:\/\/poliklinika-petkovic.hr\/it\/consigli-sullantiaging\/","title":{"rendered":"Sonsigli sull&#8217;antiaging"},"content":{"rendered":"<p>[et_pb_section fb_built=&#8221;1&#8243; custom_padding_last_edited=&#8221;on|phone&#8221; module_id=&#8221;wk-first-banner&#8221; _builder_version=&#8221;4.9.4&#8243; _module_preset=&#8221;default&#8221; background_color=&#8221;#4F4E56&#8243; background_enable_image=&#8221;off&#8221; positioning=&#8221;none&#8221; position_origin_a=&#8221;top_center&#8221; z_index=&#8221;9999999999&#8243; custom_margin=&#8221;-89px||||false|false&#8221; custom_margin_tablet=&#8221;&#8221; custom_margin_phone=&#8221;-55px||||false|false&#8221; custom_margin_last_edited=&#8221;on|phone&#8221; custom_padding=&#8221;125px||30px||false|false&#8221; custom_padding_tablet=&#8221;&#8221; custom_padding_phone=&#8221;15px||0px||false|false&#8221; background_last_edited=&#8221;off|phone&#8221; use_background_color_gradient_phone=&#8221;off&#8221; background_color_gradient_start_phone=&#8221;rgba(0,0,0,0.5)&#8221; background_image_phone=&#8221;https:\/\/poliklinika-petkovic.hr\/wp-content\/uploads\/2021\/04\/poliklinika-petkovic-mobile.jpg&#8221; background_enable_image_phone=&#8221;on&#8221; saved_tabs=&#8221;all&#8221; title_text_phone=&#8221;poliklinika-petkovic-mobile&#8221; null_phone=&#8221;rgba(0,0,0,0.1)&#8221; global_module=&#8221;31928&#8243;][et_pb_row _builder_version=&#8221;4.7.0&#8243; _module_preset=&#8221;default&#8221;][et_pb_column type=&#8221;4_4&#8243; _builder_version=&#8221;4.7.0&#8243; _module_preset=&#8221;default&#8221;][et_pb_post_title meta=&#8221;off&#8221; featured_image=&#8221;off&#8221; _builder_version=&#8221;4.9.4&#8243; _module_preset=&#8221;default&#8221; title_font=&#8221;Josefin Sans|300|||||||&#8221; title_text_color=&#8221;#ffffff&#8221; title_font_size=&#8221;61px&#8221; title_font_size_tablet=&#8221;&#8221; title_font_size_phone=&#8221;42px&#8221; title_font_size_last_edited=&#8221;on|phone&#8221;][\/et_pb_post_title][\/et_pb_column][\/et_pb_row][\/et_pb_section][et_pb_section fb_built=&#8221;1&#8243; _builder_version=&#8221;4.7.0&#8243; _module_preset=&#8221;default&#8221;][et_pb_row column_structure=&#8221;1_2,1_2&#8243; _builder_version=&#8221;4.9.4&#8243; _module_preset=&#8221;default&#8221;][et_pb_column type=&#8221;1_2&#8243; _builder_version=&#8221;4.9.4&#8243; _module_preset=&#8221;default&#8221; custom_padding=&#8221;||||false|false&#8221; custom_padding_tablet=&#8221;&#8221; custom_padding_phone=&#8221;0%||||false|false&#8221; custom_padding_last_edited=&#8221;on|phone&#8221;][et_pb_text _builder_version=&#8221;4.9.4&#8243; _module_preset=&#8221;default&#8221; text_font=&#8221;|300|||||||&#8221; text_font_size=&#8221;17px&#8221; width=&#8221;100%&#8221; width_tablet=&#8221;&#8221; width_phone=&#8221;100%&#8221; width_last_edited=&#8221;on|phone&#8221; module_alignment=&#8221;center&#8221; hover_enabled=&#8221;0&#8243; sticky_enabled=&#8221;0&#8243;]<\/p>\n<div>\n<p><strong><span lang=\"IT\">Una lotta consapevole contro i primi segni del tempo<\/span><\/strong><\/p>\n<\/div>\n<div>\n<p><span lang=\"IT\">Il processo naturale di invecchiamento lascia diverse tracce nella struttura cutanea. Nonostante sia impossibile arrestare il processo di per s\u00e9, \u00e8 possibile rallentarlo in modo efficace e indolore, conservando al contempo un aspetto quanto pi\u00f9 naturale possibile. Una cute sana e giovane, dopo i 30 anni, produce ogni anno l\u20191% in meno di collagene. Aldil\u00e0 dell\u2019invecchiamento complessivo, ogni individuo affronta questo processo in modo del tutto peculiare. Pertanto, per ottenere risultati davvero soddisfacenti, \u00e8 necessario adattare i consigli al singolo paziente, combinando i nuovi sviluppi in materia di antiaging con le conoscenze e l\u2019esperienza acquisite nel tempo; il tutto, tenendo naturalmente in considerazione i desideri del paziente.<\/span><\/p>\n<\/div>\n<p>[\/et_pb_text][et_pb_button button_url=&#8221;#kontakt&#8221; button_text=&#8221;Inviaci una richiesta&#8221; _builder_version=&#8221;4.9.4&#8243; _module_preset=&#8221;default&#8221; custom_button=&#8221;on&#8221; button_text_size=&#8221;21px&#8221; button_border_width=&#8221;1px&#8221; button_font=&#8221;|300|||||||&#8221; hover_enabled=&#8221;0&#8243; sticky_enabled=&#8221;0&#8243;][\/et_pb_button][\/et_pb_column][et_pb_column type=&#8221;1_2&#8243; _builder_version=&#8221;4.7.0&#8243; _module_preset=&#8221;default&#8221;][et_pb_image src=&#8221;https:\/\/poliklinika-petkovic.hr\/wp-content\/uploads\/2021\/04\/ANTIAGING_SAVJETOVANJE_1.jpg&#8221; title_text=&#8221;ANTIAGING_SAVJETOVANJE_1&#8243; _builder_version=&#8221;4.9.4&#8243; _module_preset=&#8221;default&#8221; box_shadow_style=&#8221;preset3&#8243;][\/et_pb_image][\/et_pb_column][\/et_pb_row][\/et_pb_section][et_pb_section fb_built=&#8221;1&#8243; custom_padding_last_edited=&#8221;on|phone&#8221; _builder_version=&#8221;4.9.4&#8243; _module_preset=&#8221;default&#8221; background_enable_color=&#8221;off&#8221; use_background_color_gradient=&#8221;on&#8221; background_color_gradient_start=&#8221;rgba(79,78,87,0.5)&#8221; background_color_gradient_end=&#8221;rgba(79,78,87,0.5)&#8221; background_color_gradient_overlays_image=&#8221;on&#8221; background_image=&#8221;https:\/\/poliklinika-petkovic.hr\/wp-content\/uploads\/2021\/06\/PETKOVIC-WEB-BANNER-3-4.jpg&#8221; positioning=&#8221;none&#8221; position_origin_a=&#8221;top_center&#8221; z_index=&#8221;9999999999&#8243; custom_margin_phone=&#8221;-55px||||false|false&#8221; custom_margin_last_edited=&#8221;off|desktop&#8221; custom_padding=&#8221;54px||54px||true|&#8221; custom_padding_tablet=&#8221;&#8221; custom_padding_phone=&#8221;15px||40px||false|false&#8221; saved_tabs=&#8221;all&#8221;][et_pb_row _builder_version=&#8221;4.7.0&#8243; _module_preset=&#8221;default&#8221; max_width=&#8221;80%&#8221;][et_pb_column type=&#8221;4_4&#8243; _builder_version=&#8221;4.7.0&#8243; _module_preset=&#8221;default&#8221;][et_pb_text _builder_version=&#8221;4.9.4&#8243; _module_preset=&#8221;default&#8221; header_font=&#8221;|300|||||||&#8221; header_text_color=&#8221;#ffffff&#8221; header_font_size=&#8221;75px&#8221; header_2_font=&#8221;|300|||||||&#8221; header_2_text_align=&#8221;center&#8221; header_2_text_color=&#8221;#ffffff&#8221; header_2_font_size=&#8221;47px&#8221; header_2_line_height=&#8221;1.3em&#8221; custom_margin=&#8221;||1px|||&#8221; hover_enabled=&#8221;0&#8243; header_font_size_tablet=&#8221;&#8221; header_font_size_phone=&#8221;60px&#8221; header_font_size_last_edited=&#8221;on|phone&#8221; header_2_font_size_tablet=&#8221;&#8221; header_2_font_size_phone=&#8221;34px&#8221; header_2_font_size_last_edited=&#8221;on|phone&#8221; header_2_line_height_tablet=&#8221;&#8221; header_2_line_height_phone=&#8221;1.3em&#8221; header_2_line_height_last_edited=&#8221;on|desktop&#8221; sticky_enabled=&#8221;0&#8243;]<\/p>\n<h2>Rivolgiti a noi per ottenere qualche consiglio in materia di antiaging<\/h2>\n<p>[\/et_pb_text][et_pb_text _builder_version=&#8221;4.9.4&#8243; _module_preset=&#8221;default&#8221; text_font=&#8221;|300|||||||&#8221; text_text_color=&#8221;#ffffff&#8221; text_font_size=&#8221;19px&#8221; text_line_height=&#8221;1.5em&#8221; link_text_color=&#8221;#ffffff&#8221; text_orientation=&#8221;center&#8221; hover_enabled=&#8221;0&#8243; text_font_size_tablet=&#8221;&#8221; text_font_size_phone=&#8221;23px&#8221; text_font_size_last_edited=&#8221;on|phone&#8221; sticky_enabled=&#8221;0&#8243;]<\/p>\n<h5 style=\"text-align: center;\"><strong>Chiedi un programma antiaging personalizzato al nostro team di esperti<\/strong><\/h5>\n<p>[\/et_pb_text][et_pb_button button_url=&#8221;#kontakt&#8221; button_text=&#8221;Kontaktirajte nas&#8221; button_alignment=&#8221;center&#8221; _builder_version=&#8221;4.9.4&#8243; _module_preset=&#8221;default&#8221; custom_button=&#8221;on&#8221; button_text_size=&#8221;22px&#8221; button_text_color=&#8221;#ffffff&#8221; button_border_width=&#8221;1px&#8221; button_border_radius=&#8221;100px&#8221; button_font=&#8221;|300|||||||&#8221;][\/et_pb_button][\/et_pb_column][\/et_pb_row][\/et_pb_section][et_pb_section fb_built=&#8221;1&#8243; custom_padding_last_edited=&#8221;on|phone&#8221; _builder_version=&#8221;4.9.4&#8243; _module_preset=&#8221;default&#8221; background_enable_color=&#8221;off&#8221; custom_padding=&#8221;||||false|false&#8221; custom_padding_tablet=&#8221;&#8221; custom_padding_phone=&#8221;30px||2px||false|false&#8221;][et_pb_row column_structure=&#8221;1_2,1_2&#8243; _builder_version=&#8221;4.9.4&#8243; _module_preset=&#8221;default&#8221; custom_padding=&#8221;||||false|false&#8221;][et_pb_column type=&#8221;1_2&#8243; _builder_version=&#8221;4.7.0&#8243; _module_preset=&#8221;default&#8221;][et_pb_image src=&#8221;https:\/\/poliklinika-petkovic.hr\/wp-content\/uploads\/2021\/04\/ANTIAGING_SAVJETOVANJE_2.jpg&#8221; title_text=&#8221;ANTIAGING_SAVJETOVANJE_2&#8243; _builder_version=&#8221;4.9.4&#8243; _module_preset=&#8221;default&#8221; box_shadow_style=&#8221;preset3&#8243;][\/et_pb_image][\/et_pb_column][et_pb_column type=&#8221;1_2&#8243; _builder_version=&#8221;4.9.4&#8243; _module_preset=&#8221;default&#8221;][et_pb_text _builder_version=&#8221;4.9.4&#8243; _module_preset=&#8221;default&#8221; text_font=&#8221;|300|||||||&#8221; text_font_size=&#8221;17px&#8221; width=&#8221;100%&#8221; width_tablet=&#8221;&#8221; width_phone=&#8221;100%&#8221; width_last_edited=&#8221;on|phone&#8221; module_alignment=&#8221;center&#8221; min_height=&#8221;326px&#8221; custom_padding=&#8221;0px|||||&#8221; hover_enabled=&#8221;0&#8243; sticky_enabled=&#8221;0&#8243;]<\/p>\n<p>L\u2019invecchiamento cutaneo porta alla perdita di acido ialuronico e, quindi, di idratazione. Negli anni, la pelle tende ad assottigliarsi, diminuisce la produzione di elastina (che porta ad una perdita di compattezza ed elasticit\u00e0) ed \u00e8 soggetta alla comparsa di rughe. La carenza di collagene e acido ialuronico pu\u00f2 essere combattuta con metodi di rigenerazione cutanea quali il microneedling con SkinPen e il PRP oppure mediante l\u2019applicazione di skinbooster o mesoterapia. Tali trattamenti possono essere utilizzati da soli o in combinazione. Il dermatologo sapr\u00e0 consigliarti la via migliore per far fronte alla situazione, restituendo alla pelle il suo splendore naturale. Inoltre, con il tempo, la pelle pu\u00f2 diventare soggetta alla formazione di macchie iper-pigmentate che rendono la cute disomogenea. \u00a0Anche il volume complessivo del viso, soggetto a impoverimento con il passare degli anni, pu\u00f2 essere ristabilito grazie ai filler di acido ialuronico che sono in grado di regalare all\u2019incarnato un aspetto rimpolpato e sano.<\/p>\n<p>&nbsp;<\/p>\n<p>&nbsp;<\/p>\n<p>&nbsp;<\/p>\n<p>&nbsp;<\/p>\n<p>[\/et_pb_text][\/et_pb_column][\/et_pb_row][\/et_pb_section]<\/p>\n","protected":false},"excerpt":{"rendered":"<p>Zatra\u017eite individualan plan antiaging tretmana koji su prikladni Va\u0161em stanju ko\u017ee. Moderne metode pomla\u0111ivanja koje donose optimalne rezultate. Saznajte vi\u0161e. Kontaktirajte nas.<\/p>\n","protected":false},"author":2,"featured_media":0,"parent":0,"menu_order":0,"comment_status":"closed","ping_status":"closed","template":"","meta":{"_et_pb_use_builder":"on","_et_pb_old_content":"","_et_gb_content_width":"","footnotes":""},"class_list":["post-33069","page","type-page","status-publish","hentry"],"yoast_head":"<!-- This site is optimized with the Yoast SEO plugin v22.3 - https:\/\/yoast.com\/wordpress\/plugins\/seo\/ -->\n<title>Sonsigli sull&#039;antiaging - Poliklinika Petkovi\u0107<\/title>\n<meta name=\"description\" content=\"Individualan plan pomla\u0111ivanja, odre\u0111ivanje trenutnog stanja ko\u017ee i plan kombinacije najmodernijih metoda pomla\u0111ivanja za optimalne rezultate kod svakog pacijenta. Saznajte vi\u0161e u Poliklinici Petkovi\u0107.\" \/>\n<meta name=\"robots\" content=\"index, follow, max-snippet:-1, max-image-preview:large, max-video-preview:-1\" \/>\n<link rel=\"canonical\" href=\"https:\/\/poliklinika-petkovic.hr\/antiaging-savjetovanje\/\" \/>\n<meta property=\"og:locale\" content=\"it_IT\" \/>\n<meta property=\"og:type\" content=\"article\" \/>\n<meta property=\"og:title\" content=\"Sonsigli sull&#039;antiaging - Poliklinika Petkovi\u0107\" \/>\n<meta property=\"og:description\" content=\"Individualan plan pomla\u0111ivanja, odre\u0111ivanje trenutnog stanja ko\u017ee i plan kombinacije najmodernijih metoda pomla\u0111ivanja za optimalne rezultate kod svakog pacijenta. Saznajte vi\u0161e u Poliklinici Petkovi\u0107.\" \/>\n<meta property=\"og:url\" content=\"https:\/\/poliklinika-petkovic.hr\/antiaging-savjetovanje\/\" \/>\n<meta property=\"og:site_name\" content=\"Poliklinika Petkovi\u0107\" \/>\n<meta property=\"article:modified_time\" content=\"2023-02-13T15:45:43+00:00\" \/>\n<meta name=\"twitter:card\" content=\"summary_large_image\" \/>\n<meta name=\"twitter:label1\" content=\"Tempo di lettura stimato\" \/>\n\t<meta name=\"twitter:data1\" content=\"6 minuti\" \/>\n<script type=\"application\/ld+json\" class=\"yoast-schema-graph\">{\"@context\":\"https:\/\/schema.org\",\"@graph\":[{\"@type\":\"WebPage\",\"@id\":\"https:\/\/poliklinika-petkovic.hr\/antiaging-savjetovanje\/\",\"url\":\"https:\/\/poliklinika-petkovic.hr\/antiaging-savjetovanje\/\",\"name\":\"Sonsigli sull'antiaging - Poliklinika Petkovi\u0107\",\"isPartOf\":{\"@id\":\"https:\/\/poliklinika-petkovic.hr\/#website\"},\"datePublished\":\"2021-04-30T08:11:12+00:00\",\"dateModified\":\"2023-02-13T15:45:43+00:00\",\"description\":\"Individualan plan pomla\u0111ivanja, odre\u0111ivanje trenutnog stanja ko\u017ee i plan kombinacije najmodernijih metoda pomla\u0111ivanja za optimalne rezultate kod svakog pacijenta. Saznajte vi\u0161e u Poliklinici Petkovi\u0107.\",\"breadcrumb\":{\"@id\":\"https:\/\/poliklinika-petkovic.hr\/antiaging-savjetovanje\/#breadcrumb\"},\"inLanguage\":\"it-IT\",\"potentialAction\":[{\"@type\":\"ReadAction\",\"target\":[\"https:\/\/poliklinika-petkovic.hr\/antiaging-savjetovanje\/\"]}]},{\"@type\":\"BreadcrumbList\",\"@id\":\"https:\/\/poliklinika-petkovic.hr\/antiaging-savjetovanje\/#breadcrumb\",\"itemListElement\":[{\"@type\":\"ListItem\",\"position\":1,\"name\":\"Po\u010detna stranica\",\"item\":\"https:\/\/poliklinika-petkovic.hr\/it\/\"},{\"@type\":\"ListItem\",\"position\":2,\"name\":\"Sonsigli sull&#8217;antiaging\"}]},{\"@type\":\"WebSite\",\"@id\":\"https:\/\/poliklinika-petkovic.hr\/#website\",\"url\":\"https:\/\/poliklinika-petkovic.hr\/\",\"name\":\"Poliklinika Petkovi\u0107\",\"description\":\"\",\"potentialAction\":[{\"@type\":\"SearchAction\",\"target\":{\"@type\":\"EntryPoint\",\"urlTemplate\":\"https:\/\/poliklinika-petkovic.hr\/?s={search_term_string}\"},\"query-input\":\"required name=search_term_string\"}],\"inLanguage\":\"it-IT\"}]}<\/script>\n<!-- \/ Yoast SEO plugin. -->","yoast_head_json":{"title":"Sonsigli sull'antiaging - Poliklinika Petkovi\u0107","description":"Individualan plan pomla\u0111ivanja, odre\u0111ivanje trenutnog stanja ko\u017ee i plan kombinacije najmodernijih metoda pomla\u0111ivanja za optimalne rezultate kod svakog pacijenta. Saznajte vi\u0161e u Poliklinici Petkovi\u0107.","robots":{"index":"index","follow":"follow","max-snippet":"max-snippet:-1","max-image-preview":"max-image-preview:large","max-video-preview":"max-video-preview:-1"},"canonical":"https:\/\/poliklinika-petkovic.hr\/antiaging-savjetovanje\/","og_locale":"it_IT","og_type":"article","og_title":"Sonsigli sull'antiaging - Poliklinika Petkovi\u0107","og_description":"Individualan plan pomla\u0111ivanja, odre\u0111ivanje trenutnog stanja ko\u017ee i plan kombinacije najmodernijih metoda pomla\u0111ivanja za optimalne rezultate kod svakog pacijenta. Saznajte vi\u0161e u Poliklinici Petkovi\u0107.","og_url":"https:\/\/poliklinika-petkovic.hr\/antiaging-savjetovanje\/","og_site_name":"Poliklinika Petkovi\u0107","article_modified_time":"2023-02-13T15:45:43+00:00","twitter_card":"summary_large_image","twitter_misc":{"Tempo di lettura stimato":"6 minuti"},"schema":{"@context":"https:\/\/schema.org","@graph":[{"@type":"WebPage","@id":"https:\/\/poliklinika-petkovic.hr\/antiaging-savjetovanje\/","url":"https:\/\/poliklinika-petkovic.hr\/antiaging-savjetovanje\/","name":"Sonsigli sull'antiaging - Poliklinika Petkovi\u0107","isPartOf":{"@id":"https:\/\/poliklinika-petkovic.hr\/#website"},"datePublished":"2021-04-30T08:11:12+00:00","dateModified":"2023-02-13T15:45:43+00:00","description":"Individualan plan pomla\u0111ivanja, odre\u0111ivanje trenutnog stanja ko\u017ee i plan kombinacije najmodernijih metoda pomla\u0111ivanja za optimalne rezultate kod svakog pacijenta. Saznajte vi\u0161e u Poliklinici Petkovi\u0107.","breadcrumb":{"@id":"https:\/\/poliklinika-petkovic.hr\/antiaging-savjetovanje\/#breadcrumb"},"inLanguage":"it-IT","potentialAction":[{"@type":"ReadAction","target":["https:\/\/poliklinika-petkovic.hr\/antiaging-savjetovanje\/"]}]},{"@type":"BreadcrumbList","@id":"https:\/\/poliklinika-petkovic.hr\/antiaging-savjetovanje\/#breadcrumb","itemListElement":[{"@type":"ListItem","position":1,"name":"Po\u010detna stranica","item":"https:\/\/poliklinika-petkovic.hr\/it\/"},{"@type":"ListItem","position":2,"name":"Sonsigli sull&#8217;antiaging"}]},{"@type":"WebSite","@id":"https:\/\/poliklinika-petkovic.hr\/#website","url":"https:\/\/poliklinika-petkovic.hr\/","name":"Poliklinika Petkovi\u0107","description":"","potentialAction":[{"@type":"SearchAction","target":{"@type":"EntryPoint","urlTemplate":"https:\/\/poliklinika-petkovic.hr\/?s={search_term_string}"},"query-input":"required name=search_term_string"}],"inLanguage":"it-IT"}]}},"_links":{"self":[{"href":"https:\/\/poliklinika-petkovic.hr\/it\/wp-json\/wp\/v2\/pages\/33069","targetHints":{"allow":["GET"]}}],"collection":[{"href":"https:\/\/poliklinika-petkovic.hr\/it\/wp-json\/wp\/v2\/pages"}],"about":[{"href":"https:\/\/poliklinika-petkovic.hr\/it\/wp-json\/wp\/v2\/types\/page"}],"author":[{"embeddable":true,"href":"https:\/\/poliklinika-petkovic.hr\/it\/wp-json\/wp\/v2\/users\/2"}],"replies":[{"embeddable":true,"href":"https:\/\/poliklinika-petkovic.hr\/it\/wp-json\/wp\/v2\/comments?post=33069"}],"version-history":[{"count":3,"href":"https:\/\/poliklinika-petkovic.hr\/it\/wp-json\/wp\/v2\/pages\/33069\/revisions"}],"predecessor-version":[{"id":33166,"href":"https:\/\/poliklinika-petkovic.hr\/it\/wp-json\/wp\/v2\/pages\/33069\/revisions\/33166"}],"wp:attachment":[{"href":"https:\/\/poliklinika-petkovic.hr\/it\/wp-json\/wp\/v2\/media?parent=33069"}],"curies":[{"name":"wp","href":"https:\/\/api.w.org\/{rel}","templated":true}]}}