{"id":33076,"date":"2021-05-06T12:05:17","date_gmt":"2021-05-06T11:05:17","guid":{"rendered":"https:\/\/poliklinika-petkovic.hr\/pregled-dijagnostika-vlasista\/"},"modified":"2023-02-13T15:45:20","modified_gmt":"2023-02-13T14:45:20","slug":"visita-e-diagnosi-sul-cuoio-capelluto","status":"publish","type":"page","link":"https:\/\/poliklinika-petkovic.hr\/it\/visita-e-diagnosi-sul-cuoio-capelluto\/","title":{"rendered":"Visita e diagnosi sul cuoio capelluto"},"content":{"rendered":"<p>[et_pb_section fb_built=&#8221;1&#8243; custom_padding_last_edited=&#8221;on|phone&#8221; module_id=&#8221;wk-first-banner&#8221; _builder_version=&#8221;4.9.4&#8243; _module_preset=&#8221;default&#8221; background_color=&#8221;#4F4E56&#8243; background_enable_image=&#8221;off&#8221; positioning=&#8221;none&#8221; position_origin_a=&#8221;top_center&#8221; z_index=&#8221;9999999999&#8243; custom_margin=&#8221;-89px||||false|false&#8221; custom_margin_tablet=&#8221;&#8221; custom_margin_phone=&#8221;-55px||||false|false&#8221; custom_margin_last_edited=&#8221;on|phone&#8221; custom_padding=&#8221;125px||30px||false|false&#8221; custom_padding_tablet=&#8221;&#8221; custom_padding_phone=&#8221;15px||0px||false|false&#8221; background_last_edited=&#8221;off|phone&#8221; use_background_color_gradient_phone=&#8221;off&#8221; background_color_gradient_start_phone=&#8221;rgba(0,0,0,0.5)&#8221; background_image_phone=&#8221;https:\/\/poliklinika-petkovic.hr\/wp-content\/uploads\/2021\/04\/poliklinika-petkovic-mobile.jpg&#8221; background_enable_image_phone=&#8221;on&#8221; saved_tabs=&#8221;all&#8221; title_text_phone=&#8221;poliklinika-petkovic-mobile&#8221; null_phone=&#8221;rgba(0,0,0,0.1)&#8221; global_module=&#8221;31928&#8243;][et_pb_row _builder_version=&#8221;4.7.0&#8243; _module_preset=&#8221;default&#8221;][et_pb_column type=&#8221;4_4&#8243; _builder_version=&#8221;4.7.0&#8243; _module_preset=&#8221;default&#8221;][et_pb_post_title meta=&#8221;off&#8221; featured_image=&#8221;off&#8221; _builder_version=&#8221;4.9.4&#8243; _module_preset=&#8221;default&#8221; title_font=&#8221;Josefin Sans|300|||||||&#8221; title_text_color=&#8221;#ffffff&#8221; title_font_size=&#8221;61px&#8221; title_font_size_tablet=&#8221;&#8221; title_font_size_phone=&#8221;42px&#8221; title_font_size_last_edited=&#8221;on|phone&#8221;][\/et_pb_post_title][\/et_pb_column][\/et_pb_row][\/et_pb_section][et_pb_section fb_built=&#8221;1&#8243; _builder_version=&#8221;4.7.0&#8243; _module_preset=&#8221;default&#8221;][et_pb_row column_structure=&#8221;1_2,1_2&#8243; _builder_version=&#8221;4.9.4&#8243; _module_preset=&#8221;default&#8221;][et_pb_column type=&#8221;1_2&#8243; _builder_version=&#8221;4.9.4&#8243; _module_preset=&#8221;default&#8221; custom_padding=&#8221;||||false|false&#8221; custom_padding_tablet=&#8221;&#8221; custom_padding_phone=&#8221;0%||||false|false&#8221; custom_padding_last_edited=&#8221;on|phone&#8221;][et_pb_text _builder_version=&#8221;4.9.4&#8243; _module_preset=&#8221;default&#8221; text_font=&#8221;|300|||||||&#8221; text_font_size=&#8221;17px&#8221; width=&#8221;100%&#8221; width_tablet=&#8221;&#8221; width_phone=&#8221;100%&#8221; width_last_edited=&#8221;on|phone&#8221; module_alignment=&#8221;center&#8221; hover_enabled=&#8221;0&#8243; sticky_enabled=&#8221;0&#8243;]<\/p>\n<div>\n<p><strong><span lang=\"IT\">La cura dei capelli \u00e8 importante quanto quella della pelle<\/span><\/strong><span class=\"apple-converted-space\"><b><span lang=\"IT\">\u00a0<\/span><\/b><\/span><\/p>\n<\/div>\n<div>\n<p><span lang=\"IT\">Il diradamento o caduta dei capelli (alopecia), le malattie del cuoio capelluto e la dermatite seborroica sono tra i difetti estetici pi\u00f9 significativi dei nostri giorni e richiedono l\u2019intervento di un tricologo in grado di diagnosticare il problema e proporre una soluzione ottimale dal punto di vista medico ed estetico.<\/span><\/p>\n<\/div>\n<div>\n<p><span lang=\"IT\">La tricologia \u00e8 la branca della dermatologia che si occupa della crescita e delle malattie dei capelli. L\u2019alopecia, o caduta dei capelli, pu\u00f2 riguardare solo il cuoio capelluto o tutto il corpo e pu\u00f2 essere temporanea o cronica. In testa, abbiamo circa 100.000 capelli e un numero variabile tra i 50 e i 100 cade ogni giorno, venendo prontamente sostituito; tuttavia, non \u00e8 sempre cos\u00ec.\u00a0<\/span><\/p>\n<\/div>\n<p>[\/et_pb_text][et_pb_button button_url=&#8221;#kontakt&#8221; button_text=&#8221;Contattaci&#8221; _builder_version=&#8221;4.9.4&#8243; _module_preset=&#8221;default&#8221; custom_button=&#8221;on&#8221; button_text_size=&#8221;21px&#8221; button_border_width=&#8221;1px&#8221; button_font=&#8221;|300|||||||&#8221; hover_enabled=&#8221;0&#8243; sticky_enabled=&#8221;0&#8243;][\/et_pb_button][\/et_pb_column][et_pb_column type=&#8221;1_2&#8243; _builder_version=&#8221;4.7.0&#8243; _module_preset=&#8221;default&#8221;][et_pb_image src=&#8221;https:\/\/poliklinika-petkovic.hr\/wp-content\/uploads\/2021\/05\/PREGLED_VLASISTA_1.jpg&#8221; title_text=&#8221;PREGLED_VLASISTA_1&#8243; _builder_version=&#8221;4.9.4&#8243; _module_preset=&#8221;default&#8221; box_shadow_style=&#8221;preset3&#8243;][\/et_pb_image][\/et_pb_column][\/et_pb_row][\/et_pb_section][et_pb_section fb_built=&#8221;1&#8243; custom_padding_last_edited=&#8221;on|phone&#8221; _builder_version=&#8221;4.9.4&#8243; _module_preset=&#8221;default&#8221; background_enable_color=&#8221;off&#8221; use_background_color_gradient=&#8221;on&#8221; background_color_gradient_start=&#8221;rgba(79,78,87,0.5)&#8221; background_color_gradient_end=&#8221;rgba(79,78,87,0.5)&#8221; background_color_gradient_overlays_image=&#8221;on&#8221; background_image=&#8221;https:\/\/poliklinika-petkovic.hr\/wp-content\/uploads\/2021\/06\/PETKOVIC-WEB-BANNER-3-3-1.jpg&#8221; positioning=&#8221;none&#8221; position_origin_a=&#8221;top_center&#8221; z_index=&#8221;9999999999&#8243; custom_margin_phone=&#8221;-55px||||false|false&#8221; custom_margin_last_edited=&#8221;off|desktop&#8221; custom_padding=&#8221;97px||97px||true|&#8221; custom_padding_tablet=&#8221;&#8221; custom_padding_phone=&#8221;15px||40px||false|false&#8221; saved_tabs=&#8221;all&#8221;][et_pb_row _builder_version=&#8221;4.7.0&#8243; _module_preset=&#8221;default&#8221; max_width=&#8221;80%&#8221;][et_pb_column type=&#8221;4_4&#8243; _builder_version=&#8221;4.7.0&#8243; _module_preset=&#8221;default&#8221;][et_pb_text _builder_version=&#8221;4.9.4&#8243; _module_preset=&#8221;default&#8221; text_font=&#8221;|300|||||||&#8221; text_text_color=&#8221;#ffffff&#8221; text_font_size=&#8221;19px&#8221; text_line_height=&#8221;1.5em&#8221; link_text_color=&#8221;#ffffff&#8221; hover_enabled=&#8221;0&#8243; text_font_size_tablet=&#8221;&#8221; text_font_size_phone=&#8221;23px&#8221; text_font_size_last_edited=&#8221;on|phone&#8221; sticky_enabled=&#8221;0&#8243;]<\/p>\n<p style=\"text-align: center;\">Dopo aver raggiunto una diagnosi, la nostra specialista in dermatologia dott. ssa Mikela Petkovi\u0107 ti proporr\u00e0 il piano terapico pi\u00f9 adatto alle tue esigenze. Nel Policlinico Petkovi\u0107, offriamo vari trattamenti di qualit\u00e0 dedicati al cuoio capelluto.<\/p>\n<p>[\/et_pb_text][et_pb_button button_url=&#8221;#kontakt&#8221; button_text=&#8221;Prenota un appuntamento&#8221; button_alignment=&#8221;center&#8221; _builder_version=&#8221;4.9.4&#8243; _module_preset=&#8221;default&#8221; custom_button=&#8221;on&#8221; button_text_size=&#8221;22px&#8221; button_text_color=&#8221;#ffffff&#8221; button_border_width=&#8221;1px&#8221; button_border_radius=&#8221;100px&#8221; button_font=&#8221;|300|||||||&#8221; hover_enabled=&#8221;0&#8243; sticky_enabled=&#8221;0&#8243;][\/et_pb_button][\/et_pb_column][\/et_pb_row][\/et_pb_section][et_pb_section fb_built=&#8221;1&#8243; custom_padding_last_edited=&#8221;on|phone&#8221; _builder_version=&#8221;4.9.4&#8243; _module_preset=&#8221;default&#8221; background_color=&#8221;rgba(0,0,0,0.04)&#8221; custom_padding=&#8221;||||false|false&#8221; custom_padding_tablet=&#8221;&#8221; custom_padding_phone=&#8221;30px||2px||false|false&#8221;][et_pb_row column_structure=&#8221;1_2,1_2&#8243; _builder_version=&#8221;4.9.4&#8243; _module_preset=&#8221;default&#8221; custom_padding=&#8221;||||false|false&#8221;][et_pb_column type=&#8221;1_2&#8243; _builder_version=&#8221;4.7.0&#8243; _module_preset=&#8221;default&#8221;][et_pb_image src=&#8221;https:\/\/poliklinika-petkovic.hr\/wp-content\/uploads\/2021\/06\/pregled-vlasista.jpg&#8221; title_text=&#8221;pregled-vlasista&#8221; _builder_version=&#8221;4.9.4&#8243; _module_preset=&#8221;default&#8221; box_shadow_style=&#8221;preset3&#8243;][\/et_pb_image][\/et_pb_column][et_pb_column type=&#8221;1_2&#8243; _builder_version=&#8221;4.7.0&#8243; _module_preset=&#8221;default&#8221;][et_pb_text _builder_version=&#8221;4.9.4&#8243; _module_preset=&#8221;default&#8221; text_font=&#8221;|300|||||||&#8221; text_font_size=&#8221;17px&#8221; width=&#8221;100%&#8221; width_tablet=&#8221;&#8221; width_phone=&#8221;100%&#8221; width_last_edited=&#8221;on|phone&#8221; module_alignment=&#8221;center&#8221; hover_enabled=&#8221;0&#8243; sticky_enabled=&#8221;0&#8243;]<\/p>\n<div>\n<p><span lang=\"IT\">L\u2019alopecia pu\u00f2 svilupparsi gradualmente o improvvisamente e, oltre al cuoio capelluto, pu\u00f2 riguardare l\u2019area delle sopracciglia, delle ciglia, del mento o di altre parti del corpo. La causa pi\u00f9 comune di caduta dei capelli \u00e8 l\u2019invecchiamento naturale, coadiuvato da una predisposizione genetica pi\u00f9 o meno forte. Altre cause della caduta dei capelli sono da ricercarsi in malattie sistemiche, cambiamenti ormonali, assunzione di determinati farmaci, stress, alimentazione e ragioni idiopatiche.<\/span><\/p>\n<\/div>\n<div>\n<p><span lang=\"IT\">Il successo del trattamento dell\u2019alopecia dipende innanzitutto dalla natura della perdita (per esempio, permanente in quanto causata da una malattia che cicatrizza distruggendo permanentemente i follicoli piliferi). La visita tricologia comprende un\u2019anamnesi personale e familiare completa, un\u2019ispezione del cuoio capelluto e di altre aree del corpo coinvolte, un\u2019analisi con tricoscopio e, eventualmente, altre procedure utili al raggiungimento di una diagnosi.<\/span><\/p>\n<\/div>\n<p>[\/et_pb_text][\/et_pb_column][\/et_pb_row][\/et_pb_section]<\/p>\n","protected":false},"excerpt":{"rendered":"<p>Njega kose jednako je va\u017ena kao njega ko\u017ee. Oboljenje vlasi\u0161ta, seborei\u010dni dermatitis ili opadanje kose zna\u010dajni su estetski problemi.<\/p>\n","protected":false},"author":2,"featured_media":0,"parent":0,"menu_order":0,"comment_status":"closed","ping_status":"closed","template":"","meta":{"_et_pb_use_builder":"on","_et_pb_old_content":"","_et_gb_content_width":"","footnotes":""},"class_list":["post-33076","page","type-page","status-publish","hentry"],"yoast_head":"<!-- This site is optimized with the Yoast SEO plugin v22.3 - https:\/\/yoast.com\/wordpress\/plugins\/seo\/ -->\n<title>Visita e diagnosi sul cuoio capelluto - Poliklinika Petkovi\u0107<\/title>\n<meta name=\"description\" content=\"Njega kose jednako je va\u017ena kao njega ko\u017ee. Oboljenje vlasi\u0161ta, seborei\u010dni dermatitis ili opadanje kose zna\u010dajni su estetski problemi.\" \/>\n<meta name=\"robots\" content=\"index, follow, max-snippet:-1, max-image-preview:large, max-video-preview:-1\" \/>\n<link rel=\"canonical\" href=\"https:\/\/poliklinika-petkovic.hr\/pregled-dijagnostika-vlasista\/\" \/>\n<meta property=\"og:locale\" content=\"it_IT\" \/>\n<meta property=\"og:type\" content=\"article\" \/>\n<meta property=\"og:title\" content=\"Visita e diagnosi sul cuoio capelluto - Poliklinika Petkovi\u0107\" \/>\n<meta property=\"og:description\" content=\"Njega kose jednako je va\u017ena kao njega ko\u017ee. Oboljenje vlasi\u0161ta, seborei\u010dni dermatitis ili opadanje kose zna\u010dajni su estetski problemi.\" \/>\n<meta property=\"og:url\" content=\"https:\/\/poliklinika-petkovic.hr\/pregled-dijagnostika-vlasista\/\" \/>\n<meta property=\"og:site_name\" content=\"Poliklinika Petkovi\u0107\" \/>\n<meta property=\"article:modified_time\" content=\"2023-02-13T14:45:20+00:00\" \/>\n<meta name=\"twitter:card\" content=\"summary_large_image\" \/>\n<meta name=\"twitter:label1\" content=\"Tempo di lettura stimato\" \/>\n\t<meta name=\"twitter:data1\" content=\"5 minuti\" \/>\n<script type=\"application\/ld+json\" class=\"yoast-schema-graph\">{\"@context\":\"https:\/\/schema.org\",\"@graph\":[{\"@type\":\"WebPage\",\"@id\":\"https:\/\/poliklinika-petkovic.hr\/pregled-dijagnostika-vlasista\/\",\"url\":\"https:\/\/poliklinika-petkovic.hr\/pregled-dijagnostika-vlasista\/\",\"name\":\"Visita e diagnosi sul cuoio capelluto - Poliklinika Petkovi\u0107\",\"isPartOf\":{\"@id\":\"https:\/\/poliklinika-petkovic.hr\/#website\"},\"datePublished\":\"2021-05-06T11:05:17+00:00\",\"dateModified\":\"2023-02-13T14:45:20+00:00\",\"description\":\"Njega kose jednako je va\u017ena kao njega ko\u017ee. Oboljenje vlasi\u0161ta, seborei\u010dni dermatitis ili opadanje kose zna\u010dajni su estetski problemi.\",\"breadcrumb\":{\"@id\":\"https:\/\/poliklinika-petkovic.hr\/pregled-dijagnostika-vlasista\/#breadcrumb\"},\"inLanguage\":\"it-IT\",\"potentialAction\":[{\"@type\":\"ReadAction\",\"target\":[\"https:\/\/poliklinika-petkovic.hr\/pregled-dijagnostika-vlasista\/\"]}]},{\"@type\":\"BreadcrumbList\",\"@id\":\"https:\/\/poliklinika-petkovic.hr\/pregled-dijagnostika-vlasista\/#breadcrumb\",\"itemListElement\":[{\"@type\":\"ListItem\",\"position\":1,\"name\":\"Po\u010detna stranica\",\"item\":\"https:\/\/poliklinika-petkovic.hr\/it\/\"},{\"@type\":\"ListItem\",\"position\":2,\"name\":\"Visita e diagnosi sul cuoio capelluto\"}]},{\"@type\":\"WebSite\",\"@id\":\"https:\/\/poliklinika-petkovic.hr\/#website\",\"url\":\"https:\/\/poliklinika-petkovic.hr\/\",\"name\":\"Poliklinika Petkovi\u0107\",\"description\":\"\",\"potentialAction\":[{\"@type\":\"SearchAction\",\"target\":{\"@type\":\"EntryPoint\",\"urlTemplate\":\"https:\/\/poliklinika-petkovic.hr\/?s={search_term_string}\"},\"query-input\":\"required name=search_term_string\"}],\"inLanguage\":\"it-IT\"}]}<\/script>\n<!-- \/ Yoast SEO plugin. -->","yoast_head_json":{"title":"Visita e diagnosi sul cuoio capelluto - Poliklinika Petkovi\u0107","description":"Njega kose jednako je va\u017ena kao njega ko\u017ee. Oboljenje vlasi\u0161ta, seborei\u010dni dermatitis ili opadanje kose zna\u010dajni su estetski problemi.","robots":{"index":"index","follow":"follow","max-snippet":"max-snippet:-1","max-image-preview":"max-image-preview:large","max-video-preview":"max-video-preview:-1"},"canonical":"https:\/\/poliklinika-petkovic.hr\/pregled-dijagnostika-vlasista\/","og_locale":"it_IT","og_type":"article","og_title":"Visita e diagnosi sul cuoio capelluto - Poliklinika Petkovi\u0107","og_description":"Njega kose jednako je va\u017ena kao njega ko\u017ee. Oboljenje vlasi\u0161ta, seborei\u010dni dermatitis ili opadanje kose zna\u010dajni su estetski problemi.","og_url":"https:\/\/poliklinika-petkovic.hr\/pregled-dijagnostika-vlasista\/","og_site_name":"Poliklinika Petkovi\u0107","article_modified_time":"2023-02-13T14:45:20+00:00","twitter_card":"summary_large_image","twitter_misc":{"Tempo di lettura stimato":"5 minuti"},"schema":{"@context":"https:\/\/schema.org","@graph":[{"@type":"WebPage","@id":"https:\/\/poliklinika-petkovic.hr\/pregled-dijagnostika-vlasista\/","url":"https:\/\/poliklinika-petkovic.hr\/pregled-dijagnostika-vlasista\/","name":"Visita e diagnosi sul cuoio capelluto - Poliklinika Petkovi\u0107","isPartOf":{"@id":"https:\/\/poliklinika-petkovic.hr\/#website"},"datePublished":"2021-05-06T11:05:17+00:00","dateModified":"2023-02-13T14:45:20+00:00","description":"Njega kose jednako je va\u017ena kao njega ko\u017ee. Oboljenje vlasi\u0161ta, seborei\u010dni dermatitis ili opadanje kose zna\u010dajni su estetski problemi.","breadcrumb":{"@id":"https:\/\/poliklinika-petkovic.hr\/pregled-dijagnostika-vlasista\/#breadcrumb"},"inLanguage":"it-IT","potentialAction":[{"@type":"ReadAction","target":["https:\/\/poliklinika-petkovic.hr\/pregled-dijagnostika-vlasista\/"]}]},{"@type":"BreadcrumbList","@id":"https:\/\/poliklinika-petkovic.hr\/pregled-dijagnostika-vlasista\/#breadcrumb","itemListElement":[{"@type":"ListItem","position":1,"name":"Po\u010detna stranica","item":"https:\/\/poliklinika-petkovic.hr\/it\/"},{"@type":"ListItem","position":2,"name":"Visita e diagnosi sul cuoio capelluto"}]},{"@type":"WebSite","@id":"https:\/\/poliklinika-petkovic.hr\/#website","url":"https:\/\/poliklinika-petkovic.hr\/","name":"Poliklinika Petkovi\u0107","description":"","potentialAction":[{"@type":"SearchAction","target":{"@type":"EntryPoint","urlTemplate":"https:\/\/poliklinika-petkovic.hr\/?s={search_term_string}"},"query-input":"required name=search_term_string"}],"inLanguage":"it-IT"}]}},"_links":{"self":[{"href":"https:\/\/poliklinika-petkovic.hr\/it\/wp-json\/wp\/v2\/pages\/33076","targetHints":{"allow":["GET"]}}],"collection":[{"href":"https:\/\/poliklinika-petkovic.hr\/it\/wp-json\/wp\/v2\/pages"}],"about":[{"href":"https:\/\/poliklinika-petkovic.hr\/it\/wp-json\/wp\/v2\/types\/page"}],"author":[{"embeddable":true,"href":"https:\/\/poliklinika-petkovic.hr\/it\/wp-json\/wp\/v2\/users\/2"}],"replies":[{"embeddable":true,"href":"https:\/\/poliklinika-petkovic.hr\/it\/wp-json\/wp\/v2\/comments?post=33076"}],"version-history":[{"count":3,"href":"https:\/\/poliklinika-petkovic.hr\/it\/wp-json\/wp\/v2\/pages\/33076\/revisions"}],"predecessor-version":[{"id":33134,"href":"https:\/\/poliklinika-petkovic.hr\/it\/wp-json\/wp\/v2\/pages\/33076\/revisions\/33134"}],"wp:attachment":[{"href":"https:\/\/poliklinika-petkovic.hr\/it\/wp-json\/wp\/v2\/media?parent=33076"}],"curies":[{"name":"wp","href":"https:\/\/api.w.org\/{rel}","templated":true}]}}